{"id":1819,"date":"2022-05-04T13:19:27","date_gmt":"2022-05-04T13:19:27","guid":{"rendered":"https:\/\/aale.ee\/privaatsuspoliitika\/"},"modified":"2022-07-12T09:09:09","modified_gmt":"2022-07-12T09:09:09","slug":"privaatsuspoliitika","status":"publish","type":"page","link":"https:\/\/aale.ee\/en\/privaatsuspoliitika\/","title":{"rendered":"Isikuandmete t\u00f6\u00f6tlemine"},"content":{"rendered":"\n<p class=\"wp-el\">Veebipoe&nbsp;<strong>www.aale.ee<\/strong>&nbsp;isikuandmete t\u00f6\u00f6tleja on Aale K\u00e4sit\u00f6\u00f6 O\u00dc (registrikood 10020268) asukohaga L\u00e4\u00e4ne-Viru maakond, Rakvere linn, Pikk tn 16, 44307, tel 32 41587 ja e-posti aadress&nbsp;<strong>aale@aale.ee<\/strong>.<\/p>\n\n\n\n<p class=\"wp-el\"><strong>Milliseid isikuandmeid t\u00f6\u00f6deldakse<\/strong><\/p>\n\n\n\n<ul class=\"wp-el wp-block-list\"><li>nimi, telefoninumber ja e-posti aadress;<\/li><li>kauba kohaletoimetamise aadress;<\/li><li>pangakonto number;<\/li><li>kaupade ja teenuste maksumus ja maksetega seotud andmed (ostuajalugu);<\/li><li>klienditoe andmed.<\/li><\/ul>\n\n\n\n<p class=\"wp-el\"><em>Aale K\u00e4sit\u00f6\u00f6 O\u00dc on isikuandmete vastutav t\u00f6\u00f6tleja, Aale K\u00e4sit\u00f6\u00f6 O\u00dc edastab maksete teostamiseks vajalikud isikuandmed volitatud t\u00f6\u00f6tleja Montonio Finance UAB-le<\/em>.<\/p>\n\n\n\n<p class=\"wp-el\"><strong>Mis eesm\u00e4rgil isikuandmeid t\u00f6\u00f6deldakse<\/strong><\/p>\n\n\n\n<p class=\"wp-el\">Isikuandmeid kasutatakse kliendi tellimuste haldamiseks ja kauba kohaletoimetamiseks.<br>Ostuajaloo andmeid (ostu kuup\u00e4ev, kaup, kogus, kliendi andmed) kasutatakse ostetud kaupade ja teenuste \u00fclevaate koostamiseks ning kliendieelistuste anal\u00fc\u00fcsimiseks.<br>Pangakonto numbrit kasutatakse kliendile maksete tagastamiseks.<br>Isikuandmeid nagu e-post, telefoni nr, kliendi nimi, t\u00f6\u00f6deldakse selleks, et lahendada kaupade ja teenuste osutamise seonduvaid k\u00fcsimusi (klienditugi).<br>Veebipoe kasutaja IP-aadressi v\u00f5i teisi v\u00f5rguidentifikaatoreid t\u00f6\u00f6deldakse veebipoe kui info\u00fchiskonna teenuse osutamiseks ning veebikasutusstatistika tegemiseks.<\/p>\n\n\n\n<p class=\"wp-el\"><strong>\u00d5iguslik alus<\/strong><\/p>\n\n\n\n<p class=\"wp-el\">Isikuandmete t\u00f6\u00f6tlemine toimub kliendiga s\u00f5lmitud lepingu t\u00e4itmise eesm\u00e4rgil. Isikuandmete t\u00f6\u00f6tlemine toimub juriidilise kohustuse t\u00e4itmiseks (nt raamatupidamine ja tarbijavaidluste lahendamine).<\/p>\n\n\n\n<p class=\"wp-el\"><strong>Vastuv\u00f5tjad, kellele isikuandmed edastatakse<\/strong><\/p>\n\n\n\n<p class=\"wp-el\">Isikuandmed edastatakse veebipoe klienditoele ostude ja ostuajaloo haldamiseks ja kliendiprobleemide lahendamiseks.<\/p>\n\n\n\n<p class=\"wp-el\">Nimi, telefoninumber ja e-posti aadress edastatakse kliendi poolt valitud transporditeenuse pakkujale. Kui tegemist on kulleriga kohale toimetatava kaubaga, siis edastatakse lisaks kontaktandmetele ka kliendi aadress.<br>Veebipoe raamatupidamine toimub teenusepakkuja poolt, seet\u00f5ttu edastame isikuandmed ka ettev\u00f5ttele Diskonto O\u00dc raamatupidamistoimingute tegemiseks. Isikuandmeid v\u00f5idakse edastada ettev\u00f5tetele Artmedia O\u00dc ja Elkdata O\u00dc , kui see on vajalik veebipoe funktsionaalsuse v\u00f5i andmemajutuse tagamiseks.<\/p>\n\n\n\n<p class=\"wp-el\">Maksete teostamiseks vajalikud isikuandmed edastatakse volitatud t\u00f6\u00f6tleja Montonio Finance UAB-le.<\/p>\n\n\n\n<p class=\"wp-el\"><strong>Turvalisus ja andmetele ligip\u00e4\u00e4s<\/strong><\/p>\n\n\n\n<p class=\"wp-el\">Isikuandmeid hoitakse veebimajutus.ee (Elkdata O\u00dc) serverites, mis asuvad Euroopa Liidu liikmesriigi v\u00f5i Euroopa Liidu majanduspiirkonnaga liitunud riikide territooriumil. Andmeid v\u00f5idakse edastada riikidesse, mille andmekaitse taset on Euroopa Komisjon hinnanud piisavaks ning USA ettev\u00f5tetele, kes on liitund andmekaitse kilbi (Privacy Shield) raamistikuga.<\/p>\n\n\n\n<p class=\"wp-el\">Juurdep\u00e4\u00e4s isikuandmetele on veebipoe t\u00f6\u00f6tajatel, kes saavad isikuandmetega tutvuda selleks, et lahendada veebipoe kasutamisega seonduvaid tehnilisi k\u00fcsimusi ning osutada klienditoe teenust.<\/p>\n\n\n\n<p class=\"wp-el\">Veebipood rakendab asjakohaseid f\u00fc\u00fcsilisi, organisatsioonilisi ja infotehnilisi turvameetmeid, et kaitsta isikuandmeid juhusliku v\u00f5i ebaseadusliku h\u00e4vitamise, kaotsimineku, muutmise v\u00f5i loata juurdep\u00e4\u00e4su ja avalikustamise eest.<\/p>\n\n\n\n<p class=\"wp-el\">Isikuandmete edastamine veebipoe volitatud t\u00f6\u00f6tlejatele (nt transporditeenuse pakkuja ja andmemajutus) toimub veebipoe ja volitatud t\u00f6\u00f6tlejatega s\u00f5lmitud lepingute alusel. Volitatud t\u00f6\u00f6tlejaid on kohustatud tagama isikuandmete t\u00f6\u00f6tlemisel asjakohased kaitsemeetmed.<\/p>\n\n\n\n<p class=\"wp-el\"><strong>Isikuandmetega tutvumine ja parandamine<\/strong><\/p>\n\n\n\n<p class=\"wp-el\">Isikuandmetega saab tutvuda klienditoe vahendusel.<\/p>\n\n\n\n<p class=\"wp-el\"><strong>N\u00f5usoleku tagasiv\u00f5tmine<\/strong><\/p>\n\n\n\n<p class=\"wp-el\">Kui isikuandmete t\u00f6\u00f6tlemine toimub kliendi n\u00f5usoleku alusel, siis on kliendil \u00f5igus n\u00f5usolek tagasi v\u00f5tta, teavitades sellest kliendituge e-posti teel.<\/p>\n\n\n\n<p class=\"wp-el\"><strong>S\u00e4ilitamine<\/strong><\/p>\n\n\n\n<p class=\"wp-el\">Veebipoe kliendikonto sulgemisel kustutatakse isikuandmed, va juhul kui selliseid andmeid on vaja s\u00e4ilitada raamatupidamise jaoks v\u00f5i tarbijavaidluste lahendamiseks. Kui veebipoes on ost sooritatud ilma kliendikontota, siis s\u00e4ilitatakse ostuajalugu kolm aastat. Maksetega ja tarbijavaidlustega seotud vaidluste korral s\u00e4ilitatakse isikuandmed kuni n\u00f5ude t\u00e4itmiseni v\u00f5i aegumist\u00e4htaja l\u00f5puni. Raamatupidamise jaoks vajalikud isikuandmed s\u00e4ilitatakse seitse aastat.<\/p>\n\n\n\n<p class=\"wp-el\"><strong>Kustutamine<\/strong><\/p>\n\n\n\n<p class=\"wp-el\">Isikuandmete kustutamiseks tuleb v\u00f5tta \u00fchendust klienditoega e-posti teel. Kustutamistaotlusele vastatakse mitte hiljem kui kuu aja jooksul ning t\u00e4psustakse andmete kustutamise perioodi.<\/p>\n\n\n\n<p class=\"wp-el\"><strong>\u00dclekandmine<\/strong><\/p>\n\n\n\n<p class=\"wp-el\">E-posti teel esitatud isikuandmete \u00fclekandmise taotlusele vastatakse hiljemalt kuu aja jooksul. Klienditugi tuvastab isikusamasuse ja teavitab isikuandmetest, mis kuuluvad \u00fclekandmisele.<\/p>\n\n\n\n<p class=\"wp-el\"><strong>Otseturustusteated<\/strong><\/p>\n\n\n\n<p class=\"wp-el\">E-kirja aadressi ja telefoninumbrit kasutatakse otseturundusteadete saatmiseks, kui klient on andnud vastava n\u00f5usoleku. Kui klient ei soovi saada otseturustusteateid, siis tuleb valida e-kirja jaluses vastav viide v\u00f5i v\u00f5tta \u00fchendust klienditoega. Kui isikuandmeid t\u00f6\u00f6deldakse otseturunduse eesm\u00e4rgil (profileerimine), on kliendil \u00f5igus oma isikuandmete nii algse kui ka edasise t\u00f6\u00f6tlemise, sealhulgas otseturundusega seotud profiilianal\u00fc\u00fcsi tegemise suhtes igal ajal vastuv\u00e4iteid esitada teavitades sellest kliendituge e-posti teel.<\/p>\n\n\n\n<p class=\"wp-el\"><strong>Vaidluste lahendamine<\/strong><\/p>\n\n\n\n<p class=\"wp-el\">Isikuandmete t\u00f6\u00f6tlemisega seotud vaidluste lahendamine toimub klienditoe vahendusel (<a href=\"mailto:kerstiloite@hotmail.com\">kerstiloite@hotmail.com<\/a>).<br>J\u00e4relevalveasutus on Eesti Andmekaitse Inspektsioon (<a href=\"mailto:info@aki.ee\">info@aki.ee<\/a>).<\/p>\n","protected":false},"excerpt":{"rendered":"<p>Veebipoe&nbsp;www.aale.ee&nbsp;isikuandmete t\u00f6\u00f6tleja on Aale K\u00e4sit\u00f6\u00f6 O\u00dc (registrikood 10020268) asukohaga L\u00e4\u00e4ne-Viru maakond, Rakvere linn, Pikk tn 16, 44307, tel 32 41587&#8230;<\/p>\n","protected":false},"author":1,"featured_media":0,"parent":0,"menu_order":0,"comment_status":"closed","ping_status":"closed","template":"","meta":{"_acf_changed":false,"inline_featured_image":false,"footnotes":""},"class_list":["post-1819","page","type-page","status-publish","hentry"],"acf":[],"_links":{"self":[{"href":"https:\/\/aale.ee\/en\/wp-json\/wp\/v2\/pages\/1819","targetHints":{"allow":["GET"]}}],"collection":[{"href":"https:\/\/aale.ee\/en\/wp-json\/wp\/v2\/pages"}],"about":[{"href":"https:\/\/aale.ee\/en\/wp-json\/wp\/v2\/types\/page"}],"author":[{"embeddable":true,"href":"https:\/\/aale.ee\/en\/wp-json\/wp\/v2\/users\/1"}],"replies":[{"embeddable":true,"href":"https:\/\/aale.ee\/en\/wp-json\/wp\/v2\/comments?post=1819"}],"version-history":[{"count":1,"href":"https:\/\/aale.ee\/en\/wp-json\/wp\/v2\/pages\/1819\/revisions"}],"predecessor-version":[{"id":2598,"href":"https:\/\/aale.ee\/en\/wp-json\/wp\/v2\/pages\/1819\/revisions\/2598"}],"wp:attachment":[{"href":"https:\/\/aale.ee\/en\/wp-json\/wp\/v2\/media?parent=1819"}],"curies":[{"name":"wp","href":"https:\/\/api.w.org\/{rel}","templated":true}]}}