{"id":1822,"date":"2022-04-14T12:26:36","date_gmt":"2022-04-14T12:26:36","guid":{"rendered":"https:\/\/aale.ee\/rahvaroivad\/"},"modified":"2022-05-10T12:23:15","modified_gmt":"2022-05-10T12:23:15","slug":"rahvaroivad","status":"publish","type":"page","link":"https:\/\/aale.ee\/en\/rahvaroivad\/","title":{"rendered":"Folk costumes"},"content":{"rendered":"<div id=\"acf-block_626bdf2d151b1\" class=\"acf-block-element element-txtmedia position-relative\"><div class=\"row row-grid\"><div class=\"col-12 col-xl-7 col-content align-self-center\"><div class=\"col-inner\">\n\n<h1 class=\"wp-el wp-block-heading\">We manufacture folk costumes<\/h1>\n\n\n\n<p class=\"wp-el\">You can order from us complete folk costume\u2019 sets but also separate parts based on your needs. We take individual orders but are also able to fulfill group orders.<\/p>\n\n\n\n<p class=\"wp-el\">In our souvenir shop Viru K\u00e4sit\u00f6\u00f6 Salong in Rakvere one can experience an exhibition of folk costumes from Virumaa county which can help you to understand the variety of folk costumes better and perhaps also inspire you to order a set for yourself.<\/p>\n\n\n\n<p class=\"wp-el\">In our souvenir shop there is always a selection of readymade folk costumes parts like skirt fabrics, belts, footwear, jewelry, scarfs etc. ready for you to buy.<\/p>\n\n\n\n<p class=\"wp-el\">If you have any questions about folk costumes (how to choose a set, prices etc.) please feel free to contact us<\/p>\n\n\n<div id=\"acf-block_626be1b4151b4\" class=\"acf-block-element element-gallery position-relative\"><div class=\"gallery\"><div class=\"gallery-item\"><a href=\"https:\/\/aale.ee\/wp-content\/uploads\/2022\/04\/Lyganuse_naine_2-1.jpg\" data-fancybox=\"acf-block_626be1b4151b4\"><img loading=\"lazy\" decoding=\"async\" width=\"210\" height=\"336\" src=\"https:\/\/aale.ee\/wp-content\/uploads\/fly-images\/108\/Lyganuse_naine_2-1-210x336-c.jpg\" class=\"attachment-210x336\" alt=\"Lyganuse_naine_2-1\" \/><\/a><\/div><div class=\"gallery-item\"><a href=\"https:\/\/aale.ee\/wp-content\/uploads\/2022\/04\/Lyganuse_naine_kaisedetail.jpg\" data-fancybox=\"acf-block_626be1b4151b4\"><img loading=\"lazy\" decoding=\"async\" width=\"210\" height=\"336\" src=\"https:\/\/aale.ee\/wp-content\/uploads\/fly-images\/110\/Lyganuse_naine_kaisedetail-210x336-c.jpg\" class=\"attachment-210x336\" alt=\"Lyganuse_naine_kaisedetail\" \/><\/a><\/div><div class=\"gallery-item\"><a href=\"https:\/\/aale.ee\/wp-content\/uploads\/2022\/04\/kadrina-naine-linukaga.jpg\" data-fancybox=\"acf-block_626be1b4151b4\"><img loading=\"lazy\" decoding=\"async\" width=\"210\" height=\"336\" src=\"https:\/\/aale.ee\/wp-content\/uploads\/fly-images\/1689\/kadrina-naine-linukaga-210x336-c.jpg\" class=\"attachment-210x336\" alt=\"Kadrina naine linukaga\" \/><\/a><\/div><div class=\"gallery-item\"><a href=\"https:\/\/aale.ee\/wp-content\/uploads\/2022\/04\/kadrina-naine-linukaga-linukadetail-scaled-800x1200.jpg\" data-fancybox=\"acf-block_626be1b4151b4\"><img loading=\"lazy\" decoding=\"async\" width=\"210\" height=\"336\" src=\"https:\/\/aale.ee\/wp-content\/uploads\/fly-images\/1695\/kadrina-naine-linukaga-linukadetail-scaled-210x336-c.jpg\" class=\"attachment-210x336\" alt=\"Kadrina naine linukaga (detail)\" \/><\/a><\/div><div class=\"gallery-item\"><a href=\"https:\/\/aale.ee\/wp-content\/uploads\/2022\/04\/rakvere-naine-osturiidest-pollega.jpg\" data-fancybox=\"acf-block_626be1b4151b4\"><img loading=\"lazy\" decoding=\"async\" width=\"210\" height=\"336\" src=\"https:\/\/aale.ee\/wp-content\/uploads\/fly-images\/1699\/rakvere-naine-osturiidest-pollega-210x336-c.jpg\" class=\"attachment-210x336\" alt=\"Rakvere naine\" \/><\/a><\/div><\/div><\/div>\n\n\n<div class=\"wp-block-button is-style-secondary\"><a class=\"wp-block-button__link\" href=\"https:\/\/aale.ee\/en\/kontakt\/\">Contact us<\/a><\/div>\n\n<\/div><\/div><div class=\"col-12 col-xl-5 col-media align-self-center\"><div class=\"col-inner\"><div id=\"col-media1\" class=\"swiper\"><div class=\"swiper-wrapper\"><div class=\"swiper-slide\"><a href=\"https:\/\/aale.ee\/wp-content\/uploads\/2022\/04\/Kadrina_naine_linukaga_detail-scaled-800x1200.jpg\" data-fancybox=\"acf-block_626bdf2d151b1\"><img loading=\"lazy\" decoding=\"async\" width=\"470\" height=\"620\" src=\"https:\/\/aale.ee\/wp-content\/uploads\/fly-images\/1640\/Kadrina_naine_linukaga_detail-scaled-470x620-c.jpg\" class=\"attachment-470x620\" alt=\"Kadrina_naine_linukaga_detail\" \/><\/a><\/div><\/div><div id=\"col-media1-pg\" class=\"swiper-pagination\"><\/div><\/div><\/div><\/div><\/div><\/div>\n\n\n<h2 class=\"wp-el wp-block-heading\">More photos<\/h2>\n\n\n<div id=\"acf-block_626bdff8151b2\" class=\"acf-block-element element-gallery position-relative\"><div class=\"gallery\"><div class=\"gallery-item\"><a href=\"https:\/\/aale.ee\/wp-content\/uploads\/2022\/04\/rakvere-naine-osturiidest-pollega-detail-801x1200.jpg\" data-fancybox=\"acf-block_626bdff8151b2\"><img loading=\"lazy\" decoding=\"async\" width=\"210\" height=\"336\" src=\"https:\/\/aale.ee\/wp-content\/uploads\/fly-images\/1728\/rakvere-naine-osturiidest-pollega-detail-scaled-210x336-c.jpg\" class=\"attachment-210x336\" alt=\"rakvere-naine-osturiidest-pollega-detail\" \/><\/a><\/div><div class=\"gallery-item\"><a href=\"https:\/\/aale.ee\/wp-content\/uploads\/2022\/04\/Jarva-Madise_mees_pikk-kuues_2.jpg\" data-fancybox=\"acf-block_626bdff8151b2\"><img loading=\"lazy\" decoding=\"async\" width=\"210\" height=\"336\" src=\"https:\/\/aale.ee\/wp-content\/uploads\/fly-images\/1741\/Jarva-Madise_mees_pikk-kuues_2-210x336-c.jpg\" class=\"attachment-210x336\" alt=\"Jarva-Madise_mees_pikk-kuues_2\" \/><\/a><\/div><div class=\"gallery-item\"><a href=\"https:\/\/aale.ee\/wp-content\/uploads\/2022\/04\/Jarva-Madise_mees_pikk-kuues_detail_taskust.jpg\" data-fancybox=\"acf-block_626bdff8151b2\"><img loading=\"lazy\" decoding=\"async\" width=\"210\" height=\"336\" src=\"https:\/\/aale.ee\/wp-content\/uploads\/fly-images\/1743\/Jarva-Madise_mees_pikk-kuues_detail_taskust-210x336-c.jpg\" class=\"attachment-210x336\" alt=\"Jarva-Madise_mees_pikk-kuues_detail_taskust\" \/><\/a><\/div><div class=\"gallery-item\"><a href=\"https:\/\/aale.ee\/wp-content\/uploads\/2022\/04\/Jarva-Madise_mees_pikk-kuues_kyljelt.jpg\" data-fancybox=\"acf-block_626bdff8151b2\"><img loading=\"lazy\" decoding=\"async\" width=\"210\" height=\"336\" src=\"https:\/\/aale.ee\/wp-content\/uploads\/fly-images\/1745\/Jarva-Madise_mees_pikk-kuues_kyljelt-210x336-c.jpg\" class=\"attachment-210x336\" alt=\"Jarva-Madise_mees_pikk-kuues_kyljelt\" \/><\/a><\/div><div class=\"gallery-item\"><a href=\"https:\/\/aale.ee\/wp-content\/uploads\/2022\/04\/Johvi_neiu_detail_2.jpg\" data-fancybox=\"acf-block_626bdff8151b2\"><img loading=\"lazy\" decoding=\"async\" width=\"210\" height=\"336\" src=\"https:\/\/aale.ee\/wp-content\/uploads\/fly-images\/1747\/Johvi_neiu_detail_2-210x336-c.jpg\" class=\"attachment-210x336\" alt=\"Johvi_neiu_detail_2\" \/><\/a><\/div><div class=\"gallery-item\"><a href=\"https:\/\/aale.ee\/wp-content\/uploads\/2022\/04\/Kadrina_kaapotkostyym_3.jpg\" data-fancybox=\"acf-block_626bdff8151b2\"><img loading=\"lazy\" decoding=\"async\" width=\"210\" height=\"336\" src=\"https:\/\/aale.ee\/wp-content\/uploads\/fly-images\/1749\/Kadrina_kaapotkostyym_3-210x336-c.jpg\" class=\"attachment-210x336\" alt=\"Kadrina_kaapotkostyym_3\" \/><\/a><\/div><div class=\"gallery-item\"><a href=\"https:\/\/aale.ee\/wp-content\/uploads\/2022\/04\/Kadrina_kaapotkostyym_detail-2.jpg\" data-fancybox=\"acf-block_626bdff8151b2\"><img loading=\"lazy\" decoding=\"async\" width=\"210\" height=\"336\" src=\"https:\/\/aale.ee\/wp-content\/uploads\/fly-images\/1751\/Kadrina_kaapotkostyym_detail-2-210x336-c.jpg\" class=\"attachment-210x336\" alt=\"Kadrina_kaapotkostyym_detail-2\" \/><\/a><\/div><div class=\"gallery-item\"><a href=\"https:\/\/aale.ee\/wp-content\/uploads\/2022\/04\/Kadrina_naine_musta_pikk-kuuega-1.jpg\" data-fancybox=\"acf-block_626bdff8151b2\"><img loading=\"lazy\" decoding=\"async\" width=\"210\" height=\"336\" src=\"https:\/\/aale.ee\/wp-content\/uploads\/fly-images\/1753\/Kadrina_naine_musta_pikk-kuuega-1-210x336-c.jpg\" class=\"attachment-210x336\" alt=\"Kadrina_naine_musta_pikk-kuuega\" \/><\/a><\/div><div class=\"gallery-item\"><a href=\"https:\/\/aale.ee\/wp-content\/uploads\/2022\/04\/Rakvere_naine_kollase_seelikuga_ja_otsiktanuga_kyljelt.jpg\" data-fancybox=\"acf-block_626bdff8151b2\"><img loading=\"lazy\" decoding=\"async\" width=\"210\" height=\"336\" src=\"https:\/\/aale.ee\/wp-content\/uploads\/fly-images\/1755\/Rakvere_naine_kollase_seelikuga_ja_otsiktanuga_kyljelt-210x336-c.jpg\" class=\"attachment-210x336\" alt=\"Rakvere_naine_kollase_seelikuga_ja_otsiktanuga_kyljelt\" \/><\/a><\/div><div class=\"gallery-item\"><a href=\"https:\/\/aale.ee\/wp-content\/uploads\/2022\/04\/Rakvere_naine_sinise_polle_ja_pottmutsiga_2.jpg\" data-fancybox=\"acf-block_626bdff8151b2\"><img loading=\"lazy\" decoding=\"async\" width=\"210\" height=\"336\" src=\"https:\/\/aale.ee\/wp-content\/uploads\/fly-images\/1757\/Rakvere_naine_sinise_polle_ja_pottmutsiga_2-210x336-c.jpg\" class=\"attachment-210x336\" alt=\"Rakvere_naine_sinise_polle_ja_pottmutsiga_2\" \/><\/a><\/div><div class=\"gallery-item\"><a href=\"https:\/\/aale.ee\/wp-content\/uploads\/2022\/04\/Viru-Jaagupi_mees_pikk-kuues_mees.jpg\" data-fancybox=\"acf-block_626bdff8151b2\"><img loading=\"lazy\" decoding=\"async\" width=\"210\" height=\"336\" src=\"https:\/\/aale.ee\/wp-content\/uploads\/fly-images\/1759\/Viru-Jaagupi_mees_pikk-kuues_mees-210x336-c.jpg\" class=\"attachment-210x336\" alt=\"Viru-Jaagupi_mees_pikk-kuues_mees\" \/><\/a><\/div><div class=\"gallery-item\"><a href=\"https:\/\/aale.ee\/wp-content\/uploads\/2022\/04\/Viru-Jaagupi_mees_pikk-kuues_mees_detail.jpg\" data-fancybox=\"acf-block_626bdff8151b2\"><img loading=\"lazy\" decoding=\"async\" width=\"210\" height=\"336\" src=\"https:\/\/aale.ee\/wp-content\/uploads\/fly-images\/1761\/Viru-Jaagupi_mees_pikk-kuues_mees_detail-210x336-c.jpg\" class=\"attachment-210x336\" alt=\"Viru-Jaagupi_mees_pikk-kuues_mees_detail\" \/><\/a><\/div><div class=\"gallery-item\"><a href=\"https:\/\/aale.ee\/wp-content\/uploads\/2022\/04\/Virumaa_mees_V-Jaagupi_pykstes_Haljala-vatis.jpg\" data-fancybox=\"acf-block_626bdff8151b2\"><img loading=\"lazy\" decoding=\"async\" width=\"210\" height=\"336\" src=\"https:\/\/aale.ee\/wp-content\/uploads\/fly-images\/1763\/Virumaa_mees_V-Jaagupi_pykstes_Haljala-vatis-210x336-c.jpg\" class=\"attachment-210x336\" alt=\"Virumaa_mees_V-Jaagupi_pykstes_Haljala-vatis\" \/><\/a><\/div><div class=\"gallery-item\"><a href=\"https:\/\/aale.ee\/wp-content\/uploads\/2022\/04\/Virumaa_mees_V-Jaagupi_pykstes_Haljala-vatis_detail.jpg\" data-fancybox=\"acf-block_626bdff8151b2\"><img loading=\"lazy\" decoding=\"async\" width=\"210\" height=\"336\" src=\"https:\/\/aale.ee\/wp-content\/uploads\/fly-images\/1765\/Virumaa_mees_V-Jaagupi_pykstes_Haljala-vatis_detail-210x336-c.jpg\" class=\"attachment-210x336\" alt=\"Virumaa_mees_V-Jaagupi_pykstes_Haljala-vatis_detail\" \/><\/a><\/div><div class=\"gallery-item\"><a href=\"https:\/\/aale.ee\/wp-content\/uploads\/2022\/04\/Virumaa_mees_V-Jaagupi_pykstes_kyljelt.jpg\" data-fancybox=\"acf-block_626bdff8151b2\"><img loading=\"lazy\" decoding=\"async\" width=\"210\" height=\"336\" src=\"https:\/\/aale.ee\/wp-content\/uploads\/fly-images\/1767\/Virumaa_mees_V-Jaagupi_pykstes_kyljelt-210x336-c.jpg\" class=\"attachment-210x336\" alt=\"Virumaa_mees_V-Jaagupi_pykstes_kyljelt\" \/><\/a><\/div><\/div><\/div>","protected":false},"excerpt":{"rendered":"<p>More photos<\/p>\n","protected":false},"author":1,"featured_media":0,"parent":0,"menu_order":30,"comment_status":"closed","ping_status":"closed","template":"","meta":{"_acf_changed":false,"inline_featured_image":false,"footnotes":""},"class_list":["post-1822","page","type-page","status-publish","hentry"],"acf":[],"_links":{"self":[{"href":"https:\/\/aale.ee\/en\/wp-json\/wp\/v2\/pages\/1822","targetHints":{"allow":["GET"]}}],"collection":[{"href":"https:\/\/aale.ee\/en\/wp-json\/wp\/v2\/pages"}],"about":[{"href":"https:\/\/aale.ee\/en\/wp-json\/wp\/v2\/types\/page"}],"author":[{"embeddable":true,"href":"https:\/\/aale.ee\/en\/wp-json\/wp\/v2\/users\/1"}],"replies":[{"embeddable":true,"href":"https:\/\/aale.ee\/en\/wp-json\/wp\/v2\/comments?post=1822"}],"version-history":[{"count":0,"href":"https:\/\/aale.ee\/en\/wp-json\/wp\/v2\/pages\/1822\/revisions"}],"wp:attachment":[{"href":"https:\/\/aale.ee\/en\/wp-json\/wp\/v2\/media?parent=1822"}],"curies":[{"name":"wp","href":"https:\/\/api.w.org\/{rel}","templated":true}]}}