{"id":1823,"date":"2022-04-14T12:26:24","date_gmt":"2022-04-14T12:26:24","guid":{"rendered":"https:\/\/aale.ee\/salong\/"},"modified":"2022-05-10T12:28:45","modified_gmt":"2022-05-10T12:28:45","slug":"salon","status":"publish","type":"page","link":"https:\/\/aale.ee\/en\/salon\/","title":{"rendered":"Viru K\u00e4sit\u00f6\u00f6 Salong"},"content":{"rendered":"<div id=\"acf-block_627270e17fad3\" class=\"acf-block-element element-txtmedia col-content-right position-relative\"><div class=\"row row-grid\"><div class=\"col-12 col-xl-7 col-content order-xl-1 align-self-center\"><div class=\"col-inner\">\n\n<h1 class=\"wp-el wp-block-heading\">Viru K\u00e4sit\u00f6\u00f6 Salong<\/h1>\n\n\n\n<p class=\"wp-el\">In 1996 the souvenir shop Viru K\u00e4sit\u00f6\u00f6 Salong was opened in Rakvere, Estonia where You can buy the wide variety of Estonian national handicraft. We offer textile items, ceramics, jewelry, wood and leather items, souvenirs and handicraft materials from more than 250 producers from all over Estonia.<\/p>\n\n\n\n<p class=\"wp-el\">We design national textiles like dresses, jackets, sweaters, socks, mittens, gloves, hats, scarfs etc. In our designs we prefer natural materials \u2013 wool, linen and cotton and we always take account of our customer needs.<\/p>\n\n\n\n<p class=\"wp-el\">In our souvenir shop Viru K\u00e4sit\u00f6\u00f6 Salong in Rakvere one can experience an exhibition of folk costumes from Virumaa county which can help you to understand the variety of folk costumes better and perhaps also inspire you to order a set for yourself.<\/p>\n\n\n\n<p class=\"wp-el\">In our souvenir shop there is always a selection of readymade folk costumes parts like skirt fabrics, belts, footwear, jewelry, scarfs etc. ready for you to buy.<\/p>\n\n\n<div id=\"acf-block_62727551b2dd2\" class=\"acf-block-element element-gallery position-relative\"><div class=\"gallery\"><div class=\"gallery-item\"><a href=\"https:\/\/aale.ee\/wp-content\/uploads\/2022\/05\/pood.jpg\" data-fancybox=\"acf-block_62727551b2dd2\"><img loading=\"lazy\" decoding=\"async\" width=\"210\" height=\"336\" src=\"https:\/\/aale.ee\/wp-content\/uploads\/fly-images\/1791\/pood-210x336-c.jpg\" class=\"attachment-210x336\" alt=\"pood\" \/><\/a><\/div><div class=\"gallery-item\"><a href=\"https:\/\/aale.ee\/wp-content\/uploads\/2022\/05\/pood02-711x1200.jpg\" data-fancybox=\"acf-block_62727551b2dd2\"><img loading=\"lazy\" decoding=\"async\" width=\"210\" height=\"336\" src=\"https:\/\/aale.ee\/wp-content\/uploads\/fly-images\/1793\/pood02-scaled-210x336-c.jpg\" class=\"attachment-210x336\" alt=\"pood02\" \/><\/a><\/div><div class=\"gallery-item\"><a href=\"https:\/\/aale.ee\/wp-content\/uploads\/2022\/04\/vood-ja-kangad-752x1200.jpg\" data-fancybox=\"acf-block_62727551b2dd2\"><img loading=\"lazy\" decoding=\"async\" width=\"210\" height=\"336\" src=\"https:\/\/aale.ee\/wp-content\/uploads\/fly-images\/1670\/vood-ja-kangad-210x336-c.jpg\" class=\"attachment-210x336\" alt=\"V\u00f6\u00f6d ja kangad\" \/><\/a><\/div><div class=\"gallery-item\"><a href=\"https:\/\/aale.ee\/wp-content\/uploads\/2022\/04\/longad-ja-villad-757x1200.jpg\" data-fancybox=\"acf-block_62727551b2dd2\"><img loading=\"lazy\" decoding=\"async\" width=\"210\" height=\"336\" src=\"https:\/\/aale.ee\/wp-content\/uploads\/fly-images\/1673\/longad-ja-villad-210x336-c.jpg\" class=\"attachment-210x336\" alt=\"longad-ja-villad\" \/><\/a><\/div><div class=\"gallery-item\"><a href=\"https:\/\/aale.ee\/wp-content\/uploads\/2022\/04\/longad-ja-korvid-817x1200.jpg\" data-fancybox=\"acf-block_62727551b2dd2\"><img loading=\"lazy\" decoding=\"async\" width=\"210\" height=\"336\" src=\"https:\/\/aale.ee\/wp-content\/uploads\/fly-images\/1677\/longad-ja-korvid-210x336-c.jpg\" class=\"attachment-210x336\" alt=\"L\u00f5ngad ja korvid\" \/><\/a><\/div><\/div><\/div>\n<\/div><\/div><div class=\"col-12 col-xl-5 col-media align-self-center\"><div class=\"col-inner\"><div id=\"col-media1\" class=\"swiper\"><div class=\"swiper-wrapper\"><div class=\"swiper-slide\"><a href=\"https:\/\/aale.ee\/wp-content\/uploads\/2022\/04\/viru-kasitoo-salong-900x1200.jpg\" data-fancybox=\"acf-block_627270e17fad3\"><img loading=\"lazy\" decoding=\"async\" width=\"470\" height=\"620\" src=\"https:\/\/aale.ee\/wp-content\/uploads\/fly-images\/1666\/viru-kasitoo-salong-scaled-470x620-c.jpg\" class=\"attachment-470x620\" alt=\"Viru K\u00e4sit\u00f6\u00f6 salong\" \/><\/a><\/div><div class=\"swiper-slide\"><a href=\"https:\/\/aale.ee\/wp-content\/uploads\/2022\/05\/viru-kasitoo-salong-02.jpg\" data-fancybox=\"acf-block_627270e17fad3\"><img loading=\"lazy\" decoding=\"async\" width=\"470\" height=\"620\" src=\"https:\/\/aale.ee\/wp-content\/uploads\/fly-images\/1775\/viru-kasitoo-salong-02-470x620-c.jpg\" class=\"attachment-470x620\" alt=\"viru-kasitoo-salong-02\" \/><\/a><\/div><\/div><div id=\"col-media1-pg\" class=\"swiper-pagination\"><\/div><\/div><\/div><\/div><\/div><\/div>\n\n\n<h2 class=\"wp-el wp-block-heading\">More photos<\/h2>\n\n\n<div id=\"acf-block_62727597b2dd3\" class=\"acf-block-element element-gallery position-relative\"><div class=\"gallery\"><div class=\"gallery-item\"><a href=\"https:\/\/aale.ee\/wp-content\/uploads\/2022\/05\/kindad-sokid-738x1200.jpg\" data-fancybox=\"acf-block_62727597b2dd3\"><img loading=\"lazy\" decoding=\"async\" width=\"210\" height=\"336\" src=\"https:\/\/aale.ee\/wp-content\/uploads\/fly-images\/1787\/kindad-sokid-scaled-210x336-c.jpg\" class=\"attachment-210x336\" alt=\"kindad-sokid\" \/><\/a><\/div><div class=\"gallery-item\"><a href=\"https:\/\/aale.ee\/wp-content\/uploads\/2022\/04\/sepised-832x1200.jpg\" data-fancybox=\"acf-block_62727597b2dd3\"><img loading=\"lazy\" decoding=\"async\" width=\"210\" height=\"336\" src=\"https:\/\/aale.ee\/wp-content\/uploads\/fly-images\/1682\/sepised-210x336-c.jpg\" class=\"attachment-210x336\" alt=\"Sepised\" \/><\/a><\/div><div class=\"gallery-item\"><a href=\"https:\/\/aale.ee\/wp-content\/uploads\/2022\/05\/nahk-748x1200.jpg\" data-fancybox=\"acf-block_62727597b2dd3\"><img loading=\"lazy\" decoding=\"async\" width=\"210\" height=\"336\" src=\"https:\/\/aale.ee\/wp-content\/uploads\/fly-images\/1789\/nahk-scaled-210x336-c.jpg\" class=\"attachment-210x336\" alt=\"nahk\" \/><\/a><\/div><div class=\"gallery-item\"><a href=\"https:\/\/aale.ee\/wp-content\/uploads\/2022\/04\/nukud-1110x1200.jpg\" data-fancybox=\"acf-block_62727597b2dd3\"><img loading=\"lazy\" decoding=\"async\" width=\"210\" height=\"336\" src=\"https:\/\/aale.ee\/wp-content\/uploads\/fly-images\/1684\/nukud-210x336-c.jpg\" class=\"attachment-210x336\" alt=\"Nukud\" \/><\/a><\/div><div class=\"gallery-item\"><a href=\"https:\/\/aale.ee\/wp-content\/uploads\/2022\/05\/keraamika-941x1200.jpg\" data-fancybox=\"acf-block_62727597b2dd3\"><img loading=\"lazy\" decoding=\"async\" width=\"210\" height=\"336\" src=\"https:\/\/aale.ee\/wp-content\/uploads\/fly-images\/1785\/keraamika-scaled-210x336-c.jpg\" class=\"attachment-210x336\" alt=\"keraamika\" \/><\/a><\/div><div class=\"gallery-item\"><a href=\"https:\/\/aale.ee\/wp-content\/uploads\/2022\/05\/helina-tilk-1200x803.jpg\" data-fancybox=\"acf-block_62727597b2dd3\"><img loading=\"lazy\" decoding=\"async\" width=\"210\" height=\"336\" src=\"https:\/\/aale.ee\/wp-content\/uploads\/fly-images\/1781\/helina-tilk-scaled-210x336-c.jpg\" class=\"attachment-210x336\" alt=\"helina-tilk\" \/><\/a><\/div><div class=\"gallery-item\"><a href=\"https:\/\/aale.ee\/wp-content\/uploads\/2022\/05\/kassid-1200x653.jpg\" data-fancybox=\"acf-block_62727597b2dd3\"><img loading=\"lazy\" decoding=\"async\" width=\"210\" height=\"336\" src=\"https:\/\/aale.ee\/wp-content\/uploads\/fly-images\/1783\/kassid-scaled-210x336-c.jpg\" class=\"attachment-210x336\" alt=\"kassid\" \/><\/a><\/div><\/div><\/div>","protected":false},"excerpt":{"rendered":"<p>More photos<\/p>\n","protected":false},"author":1,"featured_media":0,"parent":0,"menu_order":20,"comment_status":"closed","ping_status":"closed","template":"","meta":{"_acf_changed":false,"inline_featured_image":false,"footnotes":""},"class_list":["post-1823","page","type-page","status-publish","hentry"],"acf":[],"_links":{"self":[{"href":"https:\/\/aale.ee\/en\/wp-json\/wp\/v2\/pages\/1823","targetHints":{"allow":["GET"]}}],"collection":[{"href":"https:\/\/aale.ee\/en\/wp-json\/wp\/v2\/pages"}],"about":[{"href":"https:\/\/aale.ee\/en\/wp-json\/wp\/v2\/types\/page"}],"author":[{"embeddable":true,"href":"https:\/\/aale.ee\/en\/wp-json\/wp\/v2\/users\/1"}],"replies":[{"embeddable":true,"href":"https:\/\/aale.ee\/en\/wp-json\/wp\/v2\/comments?post=1823"}],"version-history":[{"count":0,"href":"https:\/\/aale.ee\/en\/wp-json\/wp\/v2\/pages\/1823\/revisions"}],"wp:attachment":[{"href":"https:\/\/aale.ee\/en\/wp-json\/wp\/v2\/media?parent=1823"}],"curies":[{"name":"wp","href":"https:\/\/api.w.org\/{rel}","templated":true}]}}