{"id":1842,"date":"2022-04-13T11:47:28","date_gmt":"2022-04-13T11:47:28","guid":{"rendered":"https:\/\/aale.ee\/pood\/uncategorized\/virumaa-rahvaroivad\/"},"modified":"2026-02-25T13:06:13","modified_gmt":"2026-02-25T13:06:13","slug":"virumaa-rahvaroivad","status":"publish","type":"product","link":"https:\/\/aale.ee\/en\/e-pood\/koik-tooted-en\/virumaa-rahvaroivad\/","title":{"rendered":"Virumaa rahvar\u00f5ivad"},"content":{"rendered":"<p>&#8220;Virumaa rahvar\u00f5ivad&#8221; on ajaloolise Virumaa 11 kihelkonna (Haljala, Kadrina, Rakvere, Simuna, Viru-Jaagupi, Viru-Nigula, V\u00e4ike-Maarja, Iisaku, J\u00f5hvi, L\u00fcganuse ja Vaivara) rahvar\u00f5ivaste valmistamise ja kasutamise esimene \u00fclevaateraamat, mis rajaneb raamatu autori Kersti Loite magistrit\u00f6\u00f6l. Raamat k\u00e4sitleb detailselt iga kihelkonna r\u00f5ivaste erip\u00e4rasid ja varieeruvust, traditsioone ja kasutamist ning koondab informatsiooni s\u00e4ilinud esemete paiknemisest Eesti muuseumikogudes. Raamat on illustreeritud rikkaliku fotomaterjaliga, lisav\u00e4\u00e4rtust annavad Kadi Pajupuu joonistused. Raamat sisaldab hulgaliselt konkreetseid juhiseid, mustri- ja l\u00f5ikeskeeme rahvar\u00f5ivakomplektide valmistamiseks.<\/p>\n<p>Formaat k\u00f5vakaaneline, m\u00f5\u00f5tmed 215 x 270, 416 lk ja mustrilehed.<\/p>\n","protected":false},"excerpt":{"rendered":"<p>&#8220;Virumaa rahvar\u00f5ivad&#8221; on ajaloolise Virumaa 11 kihelkonna (Haljala, Kadrina, Rakvere, Simuna, Viru-Jaagupi, Viru-Nigula, V\u00e4ike-Maarja, Iisaku, J\u00f5hvi, L\u00fcganuse ja Vaivara) rahvar\u00f5ivaste&#8230;<\/p>\n","protected":false},"featured_media":1524,"comment_status":"closed","ping_status":"closed","template":"","meta":{"_acf_changed":false,"inline_featured_image":false},"product_brand":[],"product_cat":[336,335],"product_tag":[879,660],"class_list":{"0":"post-1842","1":"product","2":"type-product","3":"status-publish","4":"has-post-thumbnail","6":"product_cat-koik-tooted-en","7":"product_cat-raamatud-en","8":"product_tag-eesti-parandmustrid-en","9":"product_tag-sisaldab-mustriskeeme-ja-toojooniseid-en","11":"first","12":"instock","13":"taxable","14":"shipping-taxable","15":"purchasable","16":"product-type-simple"},"acf":[],"_links":{"self":[{"href":"https:\/\/aale.ee\/en\/wp-json\/wp\/v2\/product\/1842","targetHints":{"allow":["GET"]}}],"collection":[{"href":"https:\/\/aale.ee\/en\/wp-json\/wp\/v2\/product"}],"about":[{"href":"https:\/\/aale.ee\/en\/wp-json\/wp\/v2\/types\/product"}],"replies":[{"embeddable":true,"href":"https:\/\/aale.ee\/en\/wp-json\/wp\/v2\/comments?post=1842"}],"wp:featuredmedia":[{"embeddable":true,"href":"https:\/\/aale.ee\/en\/wp-json\/wp\/v2\/media\/1524"}],"wp:attachment":[{"href":"https:\/\/aale.ee\/en\/wp-json\/wp\/v2\/media?parent=1842"}],"wp:term":[{"taxonomy":"product_brand","embeddable":true,"href":"https:\/\/aale.ee\/en\/wp-json\/wp\/v2\/product_brand?post=1842"},{"taxonomy":"product_cat","embeddable":true,"href":"https:\/\/aale.ee\/en\/wp-json\/wp\/v2\/product_cat?post=1842"},{"taxonomy":"product_tag","embeddable":true,"href":"https:\/\/aale.ee\/en\/wp-json\/wp\/v2\/product_tag?post=1842"}],"curies":[{"name":"wp","href":"https:\/\/api.w.org\/{rel}","templated":true}]}}