{"id":2052,"date":"2022-04-13T11:45:25","date_gmt":"2022-04-13T11:45:25","guid":{"rendered":"https:\/\/aale.ee\/pood\/uncategorized\/kirivoo-audru\/"},"modified":"2026-04-13T06:22:35","modified_gmt":"2026-04-13T06:22:35","slug":"kirivoo-audru","status":"publish","type":"product","link":"https:\/\/aale.ee\/en\/e-pood\/folk-costumes\/vood-ja-paelad-en\/kirivoo-audru\/","title":{"rendered":"Kiriv\u00f6\u00f6 Audru"},"content":{"rendered":"<p>Materjaliks 100% villane ja linane l\u00f5ng.<\/p>\n<p>V\u00f6\u00f6 pikkus koos narmastega 262 cm, laius 4 cm<\/p>\n<p>Ajalooline eeskuju: ERM 6788:7 Audru kihelkond, enne 1912.a.<\/p>\n","protected":false},"excerpt":{"rendered":"<p>Materjaliks 100% villane ja linane l\u00f5ng. V\u00f6\u00f6 pikkus koos narmastega 262 cm, laius 4 cm Ajalooline eeskuju: ERM 6788:7 Audru&#8230;<\/p>\n","protected":false},"featured_media":1050,"comment_status":"closed","ping_status":"closed","template":"","meta":{"_acf_changed":false,"inline_featured_image":false},"product_brand":[],"product_cat":[336,760,339],"product_tag":[620,604,619],"class_list":{"0":"post-2052","1":"product","2":"type-product","3":"status-publish","4":"has-post-thumbnail","6":"product_cat-koik-tooted-en","7":"product_cat-vood-ja-paelad-en","8":"product_cat-folk-costumes","9":"product_tag-eesti-parandmuster-en","10":"product_tag-kasitoo-en","11":"product_tag-naturaalsed-materjalid-en","13":"first","14":"instock","15":"taxable","16":"shipping-taxable","17":"purchasable","18":"product-type-simple"},"acf":[],"_links":{"self":[{"href":"https:\/\/aale.ee\/en\/wp-json\/wp\/v2\/product\/2052","targetHints":{"allow":["GET"]}}],"collection":[{"href":"https:\/\/aale.ee\/en\/wp-json\/wp\/v2\/product"}],"about":[{"href":"https:\/\/aale.ee\/en\/wp-json\/wp\/v2\/types\/product"}],"replies":[{"embeddable":true,"href":"https:\/\/aale.ee\/en\/wp-json\/wp\/v2\/comments?post=2052"}],"wp:featuredmedia":[{"embeddable":true,"href":"https:\/\/aale.ee\/en\/wp-json\/wp\/v2\/media\/1050"}],"wp:attachment":[{"href":"https:\/\/aale.ee\/en\/wp-json\/wp\/v2\/media?parent=2052"}],"wp:term":[{"taxonomy":"product_brand","embeddable":true,"href":"https:\/\/aale.ee\/en\/wp-json\/wp\/v2\/product_brand?post=2052"},{"taxonomy":"product_cat","embeddable":true,"href":"https:\/\/aale.ee\/en\/wp-json\/wp\/v2\/product_cat?post=2052"},{"taxonomy":"product_tag","embeddable":true,"href":"https:\/\/aale.ee\/en\/wp-json\/wp\/v2\/product_tag?post=2052"}],"curies":[{"name":"wp","href":"https:\/\/api.w.org\/{rel}","templated":true}]}}