{"id":2057,"date":"2022-04-13T11:45:24","date_gmt":"2022-04-13T11:45:24","guid":{"rendered":"https:\/\/aale.ee\/pood\/uncategorized\/muts-tikandiga\/"},"modified":"2023-11-16T04:39:30","modified_gmt":"2023-11-16T04:39:30","slug":"muts-tikandiga","status":"publish","type":"product","link":"https:\/\/aale.ee\/en\/e-pood\/womens-knitwear-womens-knitwear\/hats\/muts-tikandiga\/","title":{"rendered":"M\u00fcts tikandiga"},"content":{"rendered":"<p>100 % vill, \u00fcleskeeratud osa puuvillase voodriga, kootud masinal, tikitud k\u00e4sitsi.<\/p>\n<p>V\u00e4rvus: must, tikand mitmev\u00e4rviline.<\/p>\n<p>Suurus: M &#8211; pea \u00fcmberm\u00f5\u00f5dule 56-57 cm<\/p>\n","protected":false},"excerpt":{"rendered":"<p>100 % vill, \u00fcleskeeratud osa puuvillase voodriga, kootud masinal, tikitud k\u00e4sitsi. V\u00e4rvus: must, tikand mitmev\u00e4rviline. Suurus: M &#8211; pea \u00fcmberm\u00f5\u00f5dule&#8230;<\/p>\n","protected":false},"featured_media":1014,"comment_status":"closed","ping_status":"closed","template":"","meta":{"_acf_changed":false,"inline_featured_image":false},"product_brand":[],"product_cat":[336,417,337],"product_tag":[438,439,625],"class_list":{"0":"post-2057","1":"product","2":"type-product","3":"status-publish","4":"has-post-thumbnail","6":"product_cat-koik-tooted-en","7":"product_cat-hats","8":"product_cat-womens-knitwear-womens-knitwear","9":"product_tag-100-villane-en","10":"product_tag-eesti-muster-en","11":"product_tag-kasitsi-tikitud-en","13":"first","14":"instock","15":"taxable","16":"shipping-taxable","17":"purchasable","18":"product-type-simple"},"acf":[],"_links":{"self":[{"href":"https:\/\/aale.ee\/en\/wp-json\/wp\/v2\/product\/2057","targetHints":{"allow":["GET"]}}],"collection":[{"href":"https:\/\/aale.ee\/en\/wp-json\/wp\/v2\/product"}],"about":[{"href":"https:\/\/aale.ee\/en\/wp-json\/wp\/v2\/types\/product"}],"replies":[{"embeddable":true,"href":"https:\/\/aale.ee\/en\/wp-json\/wp\/v2\/comments?post=2057"}],"wp:featuredmedia":[{"embeddable":true,"href":"https:\/\/aale.ee\/en\/wp-json\/wp\/v2\/media\/1014"}],"wp:attachment":[{"href":"https:\/\/aale.ee\/en\/wp-json\/wp\/v2\/media?parent=2057"}],"wp:term":[{"taxonomy":"product_brand","embeddable":true,"href":"https:\/\/aale.ee\/en\/wp-json\/wp\/v2\/product_brand?post=2057"},{"taxonomy":"product_cat","embeddable":true,"href":"https:\/\/aale.ee\/en\/wp-json\/wp\/v2\/product_cat?post=2057"},{"taxonomy":"product_tag","embeddable":true,"href":"https:\/\/aale.ee\/en\/wp-json\/wp\/v2\/product_tag?post=2057"}],"curies":[{"name":"wp","href":"https:\/\/api.w.org\/{rel}","templated":true}]}}