{"id":2081,"date":"2022-04-13T11:45:24","date_gmt":"2022-04-13T11:45:24","guid":{"rendered":"https:\/\/aale.ee\/pood\/uncategorized\/dzemper-4\/"},"modified":"2022-05-11T08:47:48","modified_gmt":"2022-05-11T08:47:48","slug":"dzemper-4","status":"publish","type":"product","link":"https:\/\/aale.ee\/en\/e-pood\/womens-knitwear-womens-knitwear\/kampsunid-en\/dzemper-4\/","title":{"rendered":"Dzemper"},"content":{"rendered":"<p>100% villane, k\u00e4sitsi kootud.<\/p>\n<p>V\u00e4rvus: naturaalne hall v\u00f5i naturaalne valge<\/p>\n\n<table id=\"tablepress-4\" class=\"tablepress tablepress-id-4\">\n<thead>\n<tr class=\"row-1\">\n\t<th class=\"column-1\">Size<\/th><th class=\"column-2\">Chest <\/th><th class=\"column-3\">Waist<\/th><th class=\"column-4\">Hips<\/th>\n<\/tr>\n<\/thead>\n<tbody class=\"row-striping\">\n<tr class=\"row-2\">\n\t<td class=\"column-1\">S<\/td><td class=\"column-2\">88-92<\/td><td class=\"column-3\">68-72<\/td><td class=\"column-4\">92-96<\/td>\n<\/tr>\n<tr class=\"row-3\">\n\t<td class=\"column-1\">M<\/td><td class=\"column-2\">94-98<\/td><td class=\"column-3\">73-77<\/td><td class=\"column-4\">98-102<\/td>\n<\/tr>\n<tr class=\"row-4\">\n\t<td class=\"column-1\">L<\/td><td class=\"column-2\">100-104<\/td><td class=\"column-3\">78-82<\/td><td class=\"column-4\">104-108<\/td>\n<\/tr>\n<tr class=\"row-5\">\n\t<td class=\"column-1\">XL<\/td><td class=\"column-2\">106-110<\/td><td class=\"column-3\">83-88<\/td><td class=\"column-4\">110-114<\/td>\n<\/tr>\n<tr class=\"row-6\">\n\t<td class=\"column-1\">XXL<\/td><td class=\"column-2\">112-116<\/td><td class=\"column-3\">89-92<\/td><td class=\"column-4\">116-120<\/td>\n<\/tr>\n<\/tbody>\n<\/table>\n<!-- #tablepress-4 from cache -->\n","protected":false},"excerpt":{"rendered":"<p>100% villane, k\u00e4sitsi kootud. V\u00e4rvus: naturaalne hall v\u00f5i naturaalne valge<\/p>\n","protected":false},"featured_media":1016,"comment_status":"closed","ping_status":"closed","template":"","meta":{"_acf_changed":false,"inline_featured_image":false},"product_brand":[],"product_cat":[336,761,337],"product_tag":[613,614,757],"class_list":{"0":"post-2081","1":"product","2":"type-product","3":"status-publish","4":"has-post-thumbnail","6":"product_cat-koik-tooted-en","7":"product_cat-kampsunid-en","8":"product_cat-womens-knitwear-womens-knitwear","9":"product_tag-00-villane-en","10":"product_tag-kasitsi-kootud-en","11":"product_tag-soe-ja-pehme-en","12":"pa_suurus-l-en","13":"pa_suurus-m-en","14":"pa_suurus-s-en","15":"pa_suurus-xl-en","16":"pa_suurus-xxl-en","17":"pa_varv-hall-en","18":"pa_varv-valge-en","20":"first","21":"instock","22":"taxable","23":"shipping-taxable","24":"purchasable","25":"product-type-variable"},"acf":[],"_links":{"self":[{"href":"https:\/\/aale.ee\/en\/wp-json\/wp\/v2\/product\/2081","targetHints":{"allow":["GET"]}}],"collection":[{"href":"https:\/\/aale.ee\/en\/wp-json\/wp\/v2\/product"}],"about":[{"href":"https:\/\/aale.ee\/en\/wp-json\/wp\/v2\/types\/product"}],"replies":[{"embeddable":true,"href":"https:\/\/aale.ee\/en\/wp-json\/wp\/v2\/comments?post=2081"}],"wp:featuredmedia":[{"embeddable":true,"href":"https:\/\/aale.ee\/en\/wp-json\/wp\/v2\/media\/1016"}],"wp:attachment":[{"href":"https:\/\/aale.ee\/en\/wp-json\/wp\/v2\/media?parent=2081"}],"wp:term":[{"taxonomy":"product_brand","embeddable":true,"href":"https:\/\/aale.ee\/en\/wp-json\/wp\/v2\/product_brand?post=2081"},{"taxonomy":"product_cat","embeddable":true,"href":"https:\/\/aale.ee\/en\/wp-json\/wp\/v2\/product_cat?post=2081"},{"taxonomy":"product_tag","embeddable":true,"href":"https:\/\/aale.ee\/en\/wp-json\/wp\/v2\/product_tag?post=2081"}],"curies":[{"name":"wp","href":"https:\/\/api.w.org\/{rel}","templated":true}]}}