{"id":2088,"date":"2022-04-13T11:45:24","date_gmt":"2022-04-13T11:45:24","guid":{"rendered":"https:\/\/aale.ee\/pood\/uncategorized\/auto-kraana\/"},"modified":"2023-10-13T08:14:53","modified_gmt":"2023-10-13T08:14:53","slug":"auto-kraana","status":"publish","type":"product","link":"https:\/\/aale.ee\/en\/e-pood\/koik-tooted-en\/auto-kraana\/","title":{"rendered":"Auto kraana"},"content":{"rendered":"<p>Naturaalsest puidust auto kraana. V\u00e4ndast reguleeritav t\u00f5stuk linase n\u00f6\u00f6ri otsas. Kraana t\u00f5stuki osa p\u00f6\u00f6rlev.<\/p>\n<p>Suurus M: auto pikkus 23 cm, laius 9 cm, k\u00f5rgus 18 cm<\/p>\n<p>Suurus S: auto pikkus 19 cm, laius 7 cm, k\u00f5rgus 14 cm<\/p>\n<p>&nbsp;<\/p>\n","protected":false},"excerpt":{"rendered":"<p>Naturaalsest puidust auto kraana. V\u00e4ndast reguleeritav t\u00f5stuk linase n\u00f6\u00f6ri otsas. Kraana t\u00f5stuki osa p\u00f6\u00f6rlev. Suurus M: auto pikkus 23 cm,&#8230;<\/p>\n","protected":false},"featured_media":1024,"comment_status":"closed","ping_status":"closed","template":"","meta":{"_acf_changed":false,"inline_featured_image":false},"product_brand":[],"product_cat":[336,410],"product_tag":[604,635,619],"class_list":{"0":"post-2088","1":"product","2":"type-product","3":"status-publish","4":"has-post-thumbnail","6":"product_cat-koik-tooted-en","7":"product_cat-kids","8":"product_tag-kasitoo-en","9":"product_tag-last-arendav-manguasi-en","10":"product_tag-naturaalsed-materjalid-en","11":"pa_suurus-m-en","12":"pa_suurus-s-en","14":"first","15":"instock","16":"taxable","17":"shipping-taxable","18":"purchasable","19":"product-type-variable"},"acf":[],"_links":{"self":[{"href":"https:\/\/aale.ee\/en\/wp-json\/wp\/v2\/product\/2088","targetHints":{"allow":["GET"]}}],"collection":[{"href":"https:\/\/aale.ee\/en\/wp-json\/wp\/v2\/product"}],"about":[{"href":"https:\/\/aale.ee\/en\/wp-json\/wp\/v2\/types\/product"}],"replies":[{"embeddable":true,"href":"https:\/\/aale.ee\/en\/wp-json\/wp\/v2\/comments?post=2088"}],"wp:featuredmedia":[{"embeddable":true,"href":"https:\/\/aale.ee\/en\/wp-json\/wp\/v2\/media\/1024"}],"wp:attachment":[{"href":"https:\/\/aale.ee\/en\/wp-json\/wp\/v2\/media?parent=2088"}],"wp:term":[{"taxonomy":"product_brand","embeddable":true,"href":"https:\/\/aale.ee\/en\/wp-json\/wp\/v2\/product_brand?post=2088"},{"taxonomy":"product_cat","embeddable":true,"href":"https:\/\/aale.ee\/en\/wp-json\/wp\/v2\/product_cat?post=2088"},{"taxonomy":"product_tag","embeddable":true,"href":"https:\/\/aale.ee\/en\/wp-json\/wp\/v2\/product_tag?post=2088"}],"curies":[{"name":"wp","href":"https:\/\/api.w.org\/{rel}","templated":true}]}}