{"id":2091,"date":"2022-04-13T11:45:23","date_gmt":"2022-04-13T11:45:23","guid":{"rendered":"https:\/\/aale.ee\/pood\/uncategorized\/sokid-tikandiga-3\/"},"modified":"2022-05-11T07:41:17","modified_gmt":"2022-05-11T07:41:17","slug":"sokid-tikandiga-3","status":"publish","type":"product","link":"https:\/\/aale.ee\/en\/e-pood\/womens-knitwear-womens-knitwear\/socks\/sokid-tikandiga-3\/","title":{"rendered":"Sokid tikandiga"},"content":{"rendered":"<p>100% vill, k\u00e4sitsi tikitud masinal kootud sokid.<\/p>\n<p>V\u00e4rvus: must, tikand mitmev\u00e4rviline<\/p>\n<p>Suurused:<\/p>\n<p>M: jala suurusele 37-39, jalalaba 23,5 cm, maha p\u00f6\u00f6ratud s\u00e4\u00e4r 16 cm<\/p>\n<p>L: jala suurusele 40-41, jalalaba 24,5 cm, maha p\u00f6\u00f6ratud s\u00e4\u00e4r 17 cm<\/p>\n","protected":false},"excerpt":{"rendered":"<p>100% vill, k\u00e4sitsi tikitud masinal kootud sokid. V\u00e4rvus: must, tikand mitmev\u00e4rviline Suurused: M: jala suurusele 37-39, jalalaba 23,5 cm, maha&#8230;<\/p>\n","protected":false},"featured_media":1012,"comment_status":"closed","ping_status":"closed","template":"","meta":{"_acf_changed":false,"inline_featured_image":false},"product_brand":[],"product_cat":[336,425,337],"product_tag":[438,439,625],"class_list":{"0":"post-2091","1":"product","2":"type-product","3":"status-publish","4":"has-post-thumbnail","6":"product_cat-koik-tooted-en","7":"product_cat-socks","8":"product_cat-womens-knitwear-womens-knitwear","9":"product_tag-100-villane-en","10":"product_tag-eesti-muster-en","11":"product_tag-kasitsi-tikitud-en","12":"pa_suurus-l-en","13":"pa_suurus-m-en","15":"first","16":"instock","17":"taxable","18":"shipping-taxable","19":"purchasable","20":"product-type-variable"},"acf":[],"_links":{"self":[{"href":"https:\/\/aale.ee\/en\/wp-json\/wp\/v2\/product\/2091","targetHints":{"allow":["GET"]}}],"collection":[{"href":"https:\/\/aale.ee\/en\/wp-json\/wp\/v2\/product"}],"about":[{"href":"https:\/\/aale.ee\/en\/wp-json\/wp\/v2\/types\/product"}],"replies":[{"embeddable":true,"href":"https:\/\/aale.ee\/en\/wp-json\/wp\/v2\/comments?post=2091"}],"wp:featuredmedia":[{"embeddable":true,"href":"https:\/\/aale.ee\/en\/wp-json\/wp\/v2\/media\/1012"}],"wp:attachment":[{"href":"https:\/\/aale.ee\/en\/wp-json\/wp\/v2\/media?parent=2091"}],"wp:term":[{"taxonomy":"product_brand","embeddable":true,"href":"https:\/\/aale.ee\/en\/wp-json\/wp\/v2\/product_brand?post=2091"},{"taxonomy":"product_cat","embeddable":true,"href":"https:\/\/aale.ee\/en\/wp-json\/wp\/v2\/product_cat?post=2091"},{"taxonomy":"product_tag","embeddable":true,"href":"https:\/\/aale.ee\/en\/wp-json\/wp\/v2\/product_tag?post=2091"}],"curies":[{"name":"wp","href":"https:\/\/api.w.org\/{rel}","templated":true}]}}