{"id":2094,"date":"2022-04-13T11:45:14","date_gmt":"2022-04-13T11:45:14","guid":{"rendered":"https:\/\/aale.ee\/pood\/uncategorized\/labakindad-tikandiga-3\/"},"modified":"2023-11-16T04:21:06","modified_gmt":"2023-11-16T04:21:06","slug":"labakindad-tikandiga-3","status":"publish","type":"product","link":"https:\/\/aale.ee\/en\/e-pood\/womens-knitwear-womens-knitwear\/kindad-en\/labakindad-tikandiga-3\/","title":{"rendered":"Labakindad tikandiga"},"content":{"rendered":"<p>Materjal: 100 % vill, k\u00e4sitsi tikitud masinal kootud topelt labakindad.<\/p>\n<p>V\u00e4rvus: tumesinisel v\u00f5i mustal p\u00f5hjal mitmev\u00e4rviline tikand<\/p>\n<p>M\u00f5\u00f5dud: kinda laius 10 cm, pikkus 23 cm<\/p>\n","protected":false},"excerpt":{"rendered":"<p>Materjal: 100 % vill, k\u00e4sitsi tikitud masinal kootud topelt labakindad. V\u00e4rvus: tumesinisel v\u00f5i mustal p\u00f5hjal mitmev\u00e4rviline tikand M\u00f5\u00f5dud: kinda laius&#8230;<\/p>\n","protected":false},"featured_media":980,"comment_status":"closed","ping_status":"closed","template":"","meta":{"_acf_changed":false,"inline_featured_image":false},"product_brand":[],"product_cat":[336,338,337],"product_tag":[438,439,625,631],"class_list":{"0":"post-2094","1":"product","2":"type-product","3":"status-publish","4":"has-post-thumbnail","6":"product_cat-koik-tooted-en","7":"product_cat-kindad-en","8":"product_cat-womens-knitwear-womens-knitwear","9":"product_tag-100-villane-en","10":"product_tag-eesti-muster-en","11":"product_tag-kasitsi-tikitud-en","12":"product_tag-paksud-en","13":"pa_varv-must-en","14":"pa_varv-tumesinine-en","16":"first","17":"instock","18":"taxable","19":"shipping-taxable","20":"purchasable","21":"product-type-variable"},"acf":[],"_links":{"self":[{"href":"https:\/\/aale.ee\/en\/wp-json\/wp\/v2\/product\/2094","targetHints":{"allow":["GET"]}}],"collection":[{"href":"https:\/\/aale.ee\/en\/wp-json\/wp\/v2\/product"}],"about":[{"href":"https:\/\/aale.ee\/en\/wp-json\/wp\/v2\/types\/product"}],"replies":[{"embeddable":true,"href":"https:\/\/aale.ee\/en\/wp-json\/wp\/v2\/comments?post=2094"}],"wp:featuredmedia":[{"embeddable":true,"href":"https:\/\/aale.ee\/en\/wp-json\/wp\/v2\/media\/980"}],"wp:attachment":[{"href":"https:\/\/aale.ee\/en\/wp-json\/wp\/v2\/media?parent=2094"}],"wp:term":[{"taxonomy":"product_brand","embeddable":true,"href":"https:\/\/aale.ee\/en\/wp-json\/wp\/v2\/product_brand?post=2094"},{"taxonomy":"product_cat","embeddable":true,"href":"https:\/\/aale.ee\/en\/wp-json\/wp\/v2\/product_cat?post=2094"},{"taxonomy":"product_tag","embeddable":true,"href":"https:\/\/aale.ee\/en\/wp-json\/wp\/v2\/product_tag?post=2094"}],"curies":[{"name":"wp","href":"https:\/\/api.w.org\/{rel}","templated":true}]}}