{"id":2098,"date":"2022-04-13T11:45:13","date_gmt":"2022-04-13T11:45:13","guid":{"rendered":"https:\/\/aale.ee\/pood\/uncategorized\/labakindad-11\/"},"modified":"2023-11-16T03:54:33","modified_gmt":"2023-11-16T03:54:33","slug":"labakindad-11","status":"publish","type":"product","link":"https:\/\/aale.ee\/en\/e-pood\/womens-knitwear-womens-knitwear\/kindad-en\/labakindad-11\/","title":{"rendered":"Labakindad"},"content":{"rendered":"<p>Pehmed ja soojad labakindad, 100% villased, k\u00e4sitsi kootud ja vanutatud.<\/p>\n<p>V\u00e4rvus: tumesinine, valge, punane.<\/p>\n<p>M\u00f5\u00f5dud:<\/p>\n<p>Suurus M: kinda laius 10 cm, pikkus 25 cm<\/p>\n<p>Suurus L: kinda laius 11 cm, pikkus 26 cm<\/p>\n<p>&nbsp;<\/p>\n","protected":false},"excerpt":{"rendered":"<p>Pehmed ja soojad labakindad, 100% villased, k\u00e4sitsi kootud ja vanutatud. V\u00e4rvus: tumesinine, valge, punane. M\u00f5\u00f5dud: Suurus M: kinda laius 10&#8230;<\/p>\n","protected":false},"featured_media":966,"comment_status":"closed","ping_status":"closed","template":"","meta":{"_acf_changed":false,"inline_featured_image":false},"product_brand":[],"product_cat":[336,338,337],"product_tag":[438,614,628,629],"class_list":{"0":"post-2098","1":"product","2":"type-product","3":"status-publish","4":"has-post-thumbnail","6":"product_cat-koik-tooted-en","7":"product_cat-kindad-en","8":"product_cat-womens-knitwear-womens-knitwear","9":"product_tag-100-villane-en","10":"product_tag-kasitsi-kootud-en","11":"product_tag-soojad-ja-pehmed-en","12":"product_tag-vanutatud-en","13":"pa_suurus-l-en","14":"pa_suurus-m-en","16":"first","17":"instock","18":"taxable","19":"shipping-taxable","20":"purchasable","21":"product-type-variable"},"acf":[],"_links":{"self":[{"href":"https:\/\/aale.ee\/en\/wp-json\/wp\/v2\/product\/2098","targetHints":{"allow":["GET"]}}],"collection":[{"href":"https:\/\/aale.ee\/en\/wp-json\/wp\/v2\/product"}],"about":[{"href":"https:\/\/aale.ee\/en\/wp-json\/wp\/v2\/types\/product"}],"replies":[{"embeddable":true,"href":"https:\/\/aale.ee\/en\/wp-json\/wp\/v2\/comments?post=2098"}],"wp:featuredmedia":[{"embeddable":true,"href":"https:\/\/aale.ee\/en\/wp-json\/wp\/v2\/media\/966"}],"wp:attachment":[{"href":"https:\/\/aale.ee\/en\/wp-json\/wp\/v2\/media?parent=2098"}],"wp:term":[{"taxonomy":"product_brand","embeddable":true,"href":"https:\/\/aale.ee\/en\/wp-json\/wp\/v2\/product_brand?post=2098"},{"taxonomy":"product_cat","embeddable":true,"href":"https:\/\/aale.ee\/en\/wp-json\/wp\/v2\/product_cat?post=2098"},{"taxonomy":"product_tag","embeddable":true,"href":"https:\/\/aale.ee\/en\/wp-json\/wp\/v2\/product_tag?post=2098"}],"curies":[{"name":"wp","href":"https:\/\/api.w.org\/{rel}","templated":true}]}}