{"id":2104,"date":"2022-04-13T11:45:13","date_gmt":"2022-04-13T11:45:13","guid":{"rendered":"https:\/\/aale.ee\/pood\/uncategorized\/linane-long-2\/"},"modified":"2026-04-29T13:10:10","modified_gmt":"2026-04-29T13:10:10","slug":"linane-long-2","status":"publish","type":"product","link":"https:\/\/aale.ee\/en\/e-pood\/materials\/longad-ja-villad-en\/linane-long-2\/","title":{"rendered":"Linane l\u00f5ng 3x naturaalne hall"},"content":{"rendered":"<p>\u00dchtlase keeruga kvaliteetne 100% linane l\u00f5ng, kolmekordne.<\/p>\n<p>Keritud 100g keradeks.<\/p>\n<p>Sobib h\u00e4sti kiriv\u00f6\u00f6de kudumiseks.<\/p>\n<p>V\u00e4rvus: naturaalne hall<\/p>\n","protected":false},"excerpt":{"rendered":"<p>\u00dchtlase keeruga kvaliteetne 100% linane l\u00f5ng, kolmekordne. Keritud 100g keradeks. Sobib h\u00e4sti kiriv\u00f6\u00f6de kudumiseks. V\u00e4rvus: naturaalne hall<\/p>\n","protected":false},"featured_media":974,"comment_status":"closed","ping_status":"closed","template":"","meta":{"_acf_changed":false,"inline_featured_image":false},"product_brand":[],"product_cat":[336,755,341],"product_tag":[],"class_list":{"0":"post-2104","1":"product","2":"type-product","3":"status-publish","4":"has-post-thumbnail","6":"product_cat-koik-tooted-en","7":"product_cat-longad-ja-villad-en","8":"product_cat-materials","9":"pa_suurus-100-g-en","10":"pa_suurus-126-g-en","11":"pa_suurus-139-g-en","12":"pa_suurus-157-g-en","13":"pa_suurus-78-g-en","15":"first","16":"instock","17":"taxable","18":"shipping-taxable","19":"purchasable","20":"product-type-simple"},"acf":[],"_links":{"self":[{"href":"https:\/\/aale.ee\/en\/wp-json\/wp\/v2\/product\/2104","targetHints":{"allow":["GET"]}}],"collection":[{"href":"https:\/\/aale.ee\/en\/wp-json\/wp\/v2\/product"}],"about":[{"href":"https:\/\/aale.ee\/en\/wp-json\/wp\/v2\/types\/product"}],"replies":[{"embeddable":true,"href":"https:\/\/aale.ee\/en\/wp-json\/wp\/v2\/comments?post=2104"}],"wp:featuredmedia":[{"embeddable":true,"href":"https:\/\/aale.ee\/en\/wp-json\/wp\/v2\/media\/974"}],"wp:attachment":[{"href":"https:\/\/aale.ee\/en\/wp-json\/wp\/v2\/media?parent=2104"}],"wp:term":[{"taxonomy":"product_brand","embeddable":true,"href":"https:\/\/aale.ee\/en\/wp-json\/wp\/v2\/product_brand?post=2104"},{"taxonomy":"product_cat","embeddable":true,"href":"https:\/\/aale.ee\/en\/wp-json\/wp\/v2\/product_cat?post=2104"},{"taxonomy":"product_tag","embeddable":true,"href":"https:\/\/aale.ee\/en\/wp-json\/wp\/v2\/product_tag?post=2104"}],"curies":[{"name":"wp","href":"https:\/\/api.w.org\/{rel}","templated":true}]}}