{"id":2108,"date":"2022-04-13T11:45:13","date_gmt":"2022-04-13T11:45:13","guid":{"rendered":"https:\/\/aale.ee\/pood\/uncategorized\/muts-korvadega\/"},"modified":"2025-02-10T13:04:24","modified_gmt":"2025-02-10T13:04:24","slug":"muts-korvadega","status":"publish","type":"product","link":"https:\/\/aale.ee\/en\/e-pood\/womens-knitwear-womens-knitwear\/hats\/muts-korvadega\/","title":{"rendered":"M\u00fcts k\u00f5rvadega"},"content":{"rendered":"<p>100% vill, k\u00e4sitsi kootud k\u00f5rvadega m\u00fcts.<\/p>\n<p>V\u00e4rvus: must, valge<\/p>\n<p>M\u00f5\u00f5dud:<\/p>\n<p>S &#8211; pea\u00fcmberm\u00f5\u00f5dule 54-55 cm<\/p>\n<p>M &#8211; pea\u00fcmberm\u00f5\u00f5dule 56-57 cm<\/p>\n","protected":false},"excerpt":{"rendered":"<p>100% vill, k\u00e4sitsi kootud k\u00f5rvadega m\u00fcts. V\u00e4rvus: must, valge M\u00f5\u00f5dud: S &#8211; pea\u00fcmberm\u00f5\u00f5dule 54-55 cm M &#8211; pea\u00fcmberm\u00f5\u00f5dule 56-57 cm<\/p>\n","protected":false},"featured_media":978,"comment_status":"closed","ping_status":"closed","template":"","meta":{"_acf_changed":false,"inline_featured_image":false},"product_brand":[],"product_cat":[336,417,337],"product_tag":[438,620,614],"class_list":{"0":"post-2108","1":"product","2":"type-product","3":"status-publish","4":"has-post-thumbnail","6":"product_cat-koik-tooted-en","7":"product_cat-hats","8":"product_cat-womens-knitwear-womens-knitwear","9":"product_tag-100-villane-en","10":"product_tag-eesti-parandmuster-en","11":"product_tag-kasitsi-kootud-en","12":"pa_suurus-m-en","13":"pa_suurus-s-en","15":"first","16":"outofstock","17":"taxable","18":"shipping-taxable","19":"purchasable","20":"product-type-variable"},"acf":[],"_links":{"self":[{"href":"https:\/\/aale.ee\/en\/wp-json\/wp\/v2\/product\/2108","targetHints":{"allow":["GET"]}}],"collection":[{"href":"https:\/\/aale.ee\/en\/wp-json\/wp\/v2\/product"}],"about":[{"href":"https:\/\/aale.ee\/en\/wp-json\/wp\/v2\/types\/product"}],"replies":[{"embeddable":true,"href":"https:\/\/aale.ee\/en\/wp-json\/wp\/v2\/comments?post=2108"}],"wp:featuredmedia":[{"embeddable":true,"href":"https:\/\/aale.ee\/en\/wp-json\/wp\/v2\/media\/978"}],"wp:attachment":[{"href":"https:\/\/aale.ee\/en\/wp-json\/wp\/v2\/media?parent=2108"}],"wp:term":[{"taxonomy":"product_brand","embeddable":true,"href":"https:\/\/aale.ee\/en\/wp-json\/wp\/v2\/product_brand?post=2108"},{"taxonomy":"product_cat","embeddable":true,"href":"https:\/\/aale.ee\/en\/wp-json\/wp\/v2\/product_cat?post=2108"},{"taxonomy":"product_tag","embeddable":true,"href":"https:\/\/aale.ee\/en\/wp-json\/wp\/v2\/product_tag?post=2108"}],"curies":[{"name":"wp","href":"https:\/\/api.w.org\/{rel}","templated":true}]}}