{"id":2126,"date":"2022-04-13T11:45:02","date_gmt":"2022-04-13T11:45:02","guid":{"rendered":"https:\/\/aale.ee\/pood\/uncategorized\/sormkindad-11\/"},"modified":"2024-11-11T11:31:20","modified_gmt":"2024-11-11T11:31:20","slug":"sormkindad-11","status":"publish","type":"product","link":"https:\/\/aale.ee\/en\/e-pood\/womens-knitwear-womens-knitwear\/kindad-en\/sormkindad-11\/","title":{"rendered":"S\u00f5rmkindad"},"content":{"rendered":"<p>100% villased, k\u00e4sitsi kootud.<\/p>\n<p>V\u00e4rvus: must, naturaalne valge<\/p>\n<p>M\u00f5\u00f5dud: kinda laius 9 cm, pikkus 24 cm<\/p>\n","protected":false},"excerpt":{"rendered":"<p>100% villased, k\u00e4sitsi kootud. V\u00e4rvus: must, naturaalne valge M\u00f5\u00f5dud: kinda laius 9 cm, pikkus 24 cm<\/p>\n","protected":false},"featured_media":910,"comment_status":"closed","ping_status":"closed","template":"","meta":{"_acf_changed":false,"inline_featured_image":false},"product_brand":[],"product_cat":[336,338,337],"product_tag":[438,614,651,639],"class_list":{"0":"post-2126","1":"product","2":"type-product","3":"status-publish","4":"has-post-thumbnail","6":"product_cat-koik-tooted-en","7":"product_cat-kindad-en","8":"product_cat-womens-knitwear-womens-knitwear","9":"product_tag-100-villane-en","10":"product_tag-kasitsi-kootud-en","11":"product_tag-mitu-varvivalikut-en","12":"product_tag-norra-muster-en","13":"pa_varv-must-en","14":"pa_varv-valge-en","16":"first","17":"instock","18":"taxable","19":"shipping-taxable","20":"purchasable","21":"product-type-variable"},"acf":[],"_links":{"self":[{"href":"https:\/\/aale.ee\/en\/wp-json\/wp\/v2\/product\/2126","targetHints":{"allow":["GET"]}}],"collection":[{"href":"https:\/\/aale.ee\/en\/wp-json\/wp\/v2\/product"}],"about":[{"href":"https:\/\/aale.ee\/en\/wp-json\/wp\/v2\/types\/product"}],"replies":[{"embeddable":true,"href":"https:\/\/aale.ee\/en\/wp-json\/wp\/v2\/comments?post=2126"}],"wp:featuredmedia":[{"embeddable":true,"href":"https:\/\/aale.ee\/en\/wp-json\/wp\/v2\/media\/910"}],"wp:attachment":[{"href":"https:\/\/aale.ee\/en\/wp-json\/wp\/v2\/media?parent=2126"}],"wp:term":[{"taxonomy":"product_brand","embeddable":true,"href":"https:\/\/aale.ee\/en\/wp-json\/wp\/v2\/product_brand?post=2126"},{"taxonomy":"product_cat","embeddable":true,"href":"https:\/\/aale.ee\/en\/wp-json\/wp\/v2\/product_cat?post=2126"},{"taxonomy":"product_tag","embeddable":true,"href":"https:\/\/aale.ee\/en\/wp-json\/wp\/v2\/product_tag?post=2126"}],"curies":[{"name":"wp","href":"https:\/\/api.w.org\/{rel}","templated":true}]}}