{"id":2127,"date":"2022-04-13T11:45:02","date_gmt":"2022-04-13T11:45:02","guid":{"rendered":"https:\/\/aale.ee\/pood\/uncategorized\/labakindad-10\/"},"modified":"2026-01-06T07:45:52","modified_gmt":"2026-01-06T07:45:52","slug":"labakindad-10","status":"publish","type":"product","link":"https:\/\/aale.ee\/en\/e-pood\/mens-knitwear\/mens-gloves\/labakindad-10\/","title":{"rendered":"Labakindad"},"content":{"rendered":"<p>100% vill, k\u00e4sitsi kootud.<\/p>\n<p>V\u00e4rvus: tumesinine, naturaalne hall.<\/p>\n<p>M\u00f5\u00f5dud: kinda laius 11 cm, pikkus 27 &#8211; 28 cm<\/p>\n","protected":false},"excerpt":{"rendered":"<p>100% vill, k\u00e4sitsi kootud. V\u00e4rvus: tumesinine, naturaalne hall. M\u00f5\u00f5dud: kinda laius 11 cm, pikkus 27 &#8211; 28 cm<\/p>\n","protected":false},"featured_media":912,"comment_status":"closed","ping_status":"closed","template":"","meta":{"_acf_changed":false,"inline_featured_image":false},"product_brand":[],"product_cat":[336,441,436],"product_tag":[438,439,614],"class_list":{"0":"post-2127","1":"product","2":"type-product","3":"status-publish","4":"has-post-thumbnail","6":"product_cat-koik-tooted-en","7":"product_cat-mens-gloves","8":"product_cat-mens-knitwear","9":"product_tag-100-villane-en","10":"product_tag-eesti-muster-en","11":"product_tag-kasitsi-kootud-en","13":"first","14":"instock","15":"taxable","16":"shipping-taxable","17":"purchasable","18":"product-type-simple"},"acf":[],"_links":{"self":[{"href":"https:\/\/aale.ee\/en\/wp-json\/wp\/v2\/product\/2127","targetHints":{"allow":["GET"]}}],"collection":[{"href":"https:\/\/aale.ee\/en\/wp-json\/wp\/v2\/product"}],"about":[{"href":"https:\/\/aale.ee\/en\/wp-json\/wp\/v2\/types\/product"}],"replies":[{"embeddable":true,"href":"https:\/\/aale.ee\/en\/wp-json\/wp\/v2\/comments?post=2127"}],"wp:featuredmedia":[{"embeddable":true,"href":"https:\/\/aale.ee\/en\/wp-json\/wp\/v2\/media\/912"}],"wp:attachment":[{"href":"https:\/\/aale.ee\/en\/wp-json\/wp\/v2\/media?parent=2127"}],"wp:term":[{"taxonomy":"product_brand","embeddable":true,"href":"https:\/\/aale.ee\/en\/wp-json\/wp\/v2\/product_brand?post=2127"},{"taxonomy":"product_cat","embeddable":true,"href":"https:\/\/aale.ee\/en\/wp-json\/wp\/v2\/product_cat?post=2127"},{"taxonomy":"product_tag","embeddable":true,"href":"https:\/\/aale.ee\/en\/wp-json\/wp\/v2\/product_tag?post=2127"}],"curies":[{"name":"wp","href":"https:\/\/api.w.org\/{rel}","templated":true}]}}