{"id":2134,"date":"2022-04-13T11:45:01","date_gmt":"2022-04-13T11:45:01","guid":{"rendered":"https:\/\/aale.ee\/pood\/uncategorized\/sormkindad-9\/"},"modified":"2025-11-29T10:23:34","modified_gmt":"2025-11-29T10:23:34","slug":"sormkindad-9","status":"publish","type":"product","link":"https:\/\/aale.ee\/en\/e-pood\/womens-knitwear-womens-knitwear\/kindad-en\/sormkindad-9\/","title":{"rendered":"S\u00f5rmkindad"},"content":{"rendered":"<p>Materjal: 100% villane, kinda laba ja s\u00f5rmed kootud masinal, ranne k\u00e4sitsi.<\/p>\n<p>Kaunistuseks k\u00e4sitsi tikand ja helmed.<\/p>\n<p>V\u00e4rvus: tumesinine, ranne ja tikand mitmev\u00e4rviline<\/p>\n<p>M\u00f5\u00f5dud: kinda laius 9 cm, pikkus 24 cm<\/p>\n","protected":false},"excerpt":{"rendered":"<p>Materjal: 100% villane, kinda laba ja s\u00f5rmed kootud masinal, ranne k\u00e4sitsi. Kaunistuseks k\u00e4sitsi tikand ja helmed. V\u00e4rvus: tumesinine, ranne ja&#8230;<\/p>\n","protected":false},"featured_media":3497,"comment_status":"closed","ping_status":"closed","template":"","meta":{"_acf_changed":false,"inline_featured_image":false},"product_brand":[],"product_cat":[336,338,337],"product_tag":[438,603,625],"class_list":{"0":"post-2134","1":"product","2":"type-product","3":"status-publish","4":"has-post-thumbnail","6":"product_cat-koik-tooted-en","7":"product_cat-kindad-en","8":"product_cat-womens-knitwear-womens-knitwear","9":"product_tag-100-villane-en","10":"product_tag-ainulaadne-en","11":"product_tag-kasitsi-tikitud-en","13":"first","14":"outofstock","15":"taxable","16":"shipping-taxable","17":"purchasable","18":"product-type-simple"},"acf":[],"_links":{"self":[{"href":"https:\/\/aale.ee\/en\/wp-json\/wp\/v2\/product\/2134","targetHints":{"allow":["GET"]}}],"collection":[{"href":"https:\/\/aale.ee\/en\/wp-json\/wp\/v2\/product"}],"about":[{"href":"https:\/\/aale.ee\/en\/wp-json\/wp\/v2\/types\/product"}],"replies":[{"embeddable":true,"href":"https:\/\/aale.ee\/en\/wp-json\/wp\/v2\/comments?post=2134"}],"wp:featuredmedia":[{"embeddable":true,"href":"https:\/\/aale.ee\/en\/wp-json\/wp\/v2\/media\/3497"}],"wp:attachment":[{"href":"https:\/\/aale.ee\/en\/wp-json\/wp\/v2\/media?parent=2134"}],"wp:term":[{"taxonomy":"product_brand","embeddable":true,"href":"https:\/\/aale.ee\/en\/wp-json\/wp\/v2\/product_brand?post=2134"},{"taxonomy":"product_cat","embeddable":true,"href":"https:\/\/aale.ee\/en\/wp-json\/wp\/v2\/product_cat?post=2134"},{"taxonomy":"product_tag","embeddable":true,"href":"https:\/\/aale.ee\/en\/wp-json\/wp\/v2\/product_tag?post=2134"}],"curies":[{"name":"wp","href":"https:\/\/api.w.org\/{rel}","templated":true}]}}