{"id":2138,"date":"2022-04-13T11:45:00","date_gmt":"2022-04-13T11:45:00","guid":{"rendered":"https:\/\/aale.ee\/pood\/uncategorized\/kampsun-rakvere\/"},"modified":"2022-12-06T12:03:20","modified_gmt":"2022-12-06T12:03:20","slug":"kampsun-rakvere","status":"publish","type":"product","link":"https:\/\/aale.ee\/en\/e-pood\/koik-tooted-en\/kampsun-rakvere\/","title":{"rendered":"Kampsun Rakvere"},"content":{"rendered":"<p>Materjal: 100% villane, masinal kootud. Kaunistuseks Rakvere kihelkonna rahvar\u00f5iva seelikukangas ja helmed.<\/p>\n<p>V\u00e4rvus: tumesinine<\/p>\n<p>Suurusele M, kampsuni pikkus 50 cm, rinna\u00fcmberm\u00f5\u00f5t 88 cm<\/p>\n<p>&nbsp;<\/p>\n","protected":false},"excerpt":{"rendered":"<p>Materjal: 100% villane, masinal kootud. Kaunistuseks Rakvere kihelkonna rahvar\u00f5iva seelikukangas ja helmed. V\u00e4rvus: tumesinine Suurusele M, kampsuni pikkus 50 cm,&#8230;<\/p>\n","protected":false},"featured_media":890,"comment_status":"closed","ping_status":"closed","template":"","meta":{"_acf_changed":false,"inline_featured_image":false},"product_brand":[],"product_cat":[336,337],"product_tag":[],"class_list":{"0":"post-2138","1":"product","2":"type-product","3":"status-publish","4":"has-post-thumbnail","6":"product_cat-koik-tooted-en","7":"product_cat-womens-knitwear-womens-knitwear","9":"first","10":"outofstock","11":"taxable","12":"shipping-taxable","13":"purchasable","14":"product-type-simple"},"acf":[],"_links":{"self":[{"href":"https:\/\/aale.ee\/en\/wp-json\/wp\/v2\/product\/2138","targetHints":{"allow":["GET"]}}],"collection":[{"href":"https:\/\/aale.ee\/en\/wp-json\/wp\/v2\/product"}],"about":[{"href":"https:\/\/aale.ee\/en\/wp-json\/wp\/v2\/types\/product"}],"replies":[{"embeddable":true,"href":"https:\/\/aale.ee\/en\/wp-json\/wp\/v2\/comments?post=2138"}],"wp:featuredmedia":[{"embeddable":true,"href":"https:\/\/aale.ee\/en\/wp-json\/wp\/v2\/media\/890"}],"wp:attachment":[{"href":"https:\/\/aale.ee\/en\/wp-json\/wp\/v2\/media?parent=2138"}],"wp:term":[{"taxonomy":"product_brand","embeddable":true,"href":"https:\/\/aale.ee\/en\/wp-json\/wp\/v2\/product_brand?post=2138"},{"taxonomy":"product_cat","embeddable":true,"href":"https:\/\/aale.ee\/en\/wp-json\/wp\/v2\/product_cat?post=2138"},{"taxonomy":"product_tag","embeddable":true,"href":"https:\/\/aale.ee\/en\/wp-json\/wp\/v2\/product_tag?post=2138"}],"curies":[{"name":"wp","href":"https:\/\/api.w.org\/{rel}","templated":true}]}}