{"id":2154,"date":"2022-04-13T11:44:48","date_gmt":"2022-04-13T11:44:48","guid":{"rendered":"https:\/\/aale.ee\/pood\/uncategorized\/nutisormkindad-4\/"},"modified":"2023-12-28T09:12:47","modified_gmt":"2023-12-28T09:12:47","slug":"nutisormkindad-4","status":"publish","type":"product","link":"https:\/\/aale.ee\/en\/e-pood\/mens-knitwear\/mens-gloves\/nutisormkindad-4\/","title":{"rendered":"Nutis\u00f5rmkindad"},"content":{"rendered":"<p>100 % vill, k\u00e4sitsi kootud nutis\u00f5rmkindad. K\u00fclma ilmaga hea telefoni kasutada nimetiss\u00f5rme ja p\u00f6idlaga. V\u00f5imalus valida parema- v\u00f5i vasakuk\u00e4elistele.<\/p>\n<p>V\u00e4rvus: tumesinine, naturaalne hall, punane.<\/p>\n<p>M\u00f5\u00f5dud: kinda laius 12 cm, pikkus 28 cm<\/p>\n","protected":false},"excerpt":{"rendered":"<p>100 % vill, k\u00e4sitsi kootud nutis\u00f5rmkindad. K\u00fclma ilmaga hea telefoni kasutada nimetiss\u00f5rme ja p\u00f6idlaga. V\u00f5imalus valida parema- v\u00f5i vasakuk\u00e4elistele. V\u00e4rvus:&#8230;<\/p>\n","protected":false},"featured_media":848,"comment_status":"closed","ping_status":"closed","template":"","meta":{"_acf_changed":false,"inline_featured_image":false},"product_brand":[],"product_cat":[336,441,436],"product_tag":[438,439,614],"class_list":{"0":"post-2154","1":"product","2":"type-product","3":"status-publish","4":"has-post-thumbnail","6":"product_cat-koik-tooted-en","7":"product_cat-mens-gloves","8":"product_cat-mens-knitwear","9":"product_tag-100-villane-en","10":"product_tag-eesti-muster-en","11":"product_tag-kasitsi-kootud-en","12":"pa_suurus-parem-en","13":"pa_suurus-vasak-en","15":"first","16":"outofstock","17":"taxable","18":"shipping-taxable","19":"purchasable","20":"product-type-variable"},"acf":[],"_links":{"self":[{"href":"https:\/\/aale.ee\/en\/wp-json\/wp\/v2\/product\/2154","targetHints":{"allow":["GET"]}}],"collection":[{"href":"https:\/\/aale.ee\/en\/wp-json\/wp\/v2\/product"}],"about":[{"href":"https:\/\/aale.ee\/en\/wp-json\/wp\/v2\/types\/product"}],"replies":[{"embeddable":true,"href":"https:\/\/aale.ee\/en\/wp-json\/wp\/v2\/comments?post=2154"}],"wp:featuredmedia":[{"embeddable":true,"href":"https:\/\/aale.ee\/en\/wp-json\/wp\/v2\/media\/848"}],"wp:attachment":[{"href":"https:\/\/aale.ee\/en\/wp-json\/wp\/v2\/media?parent=2154"}],"wp:term":[{"taxonomy":"product_brand","embeddable":true,"href":"https:\/\/aale.ee\/en\/wp-json\/wp\/v2\/product_brand?post=2154"},{"taxonomy":"product_cat","embeddable":true,"href":"https:\/\/aale.ee\/en\/wp-json\/wp\/v2\/product_cat?post=2154"},{"taxonomy":"product_tag","embeddable":true,"href":"https:\/\/aale.ee\/en\/wp-json\/wp\/v2\/product_tag?post=2154"}],"curies":[{"name":"wp","href":"https:\/\/api.w.org\/{rel}","templated":true}]}}