{"id":2170,"date":"2022-04-13T11:44:47","date_gmt":"2022-04-13T11:44:47","guid":{"rendered":"https:\/\/aale.ee\/pood\/uncategorized\/sokid-2\/"},"modified":"2023-10-13T08:43:39","modified_gmt":"2023-10-13T08:43:39","slug":"sokid-2","status":"publish","type":"product","link":"https:\/\/aale.ee\/en\/e-pood\/koik-tooted-en\/sokid-2\/","title":{"rendered":"Sokid"},"content":{"rendered":"<p>Materjal: 100% villane, k\u00e4sitsi kootud.<\/p>\n<p>Sokke v\u00f5ib pesta pesumasinas villa programmiga.<\/p>\n<p>V\u00e4rvus: naturaalne valge<\/p>\n<p>M\u00f5\u00f5dud: jalalaba 16 cm, s\u00e4\u00e4r 14 cm<\/p>\n","protected":false},"excerpt":{"rendered":"<p>Materjal: 100% villane, k\u00e4sitsi kootud. Sokke v\u00f5ib pesta pesumasinas villa programmiga. V\u00e4rvus: naturaalne valge M\u00f5\u00f5dud: jalalaba 16 cm, s\u00e4\u00e4r 14&#8230;<\/p>\n","protected":false},"featured_media":836,"comment_status":"closed","ping_status":"closed","template":"","meta":{"_acf_changed":false,"inline_featured_image":false},"product_brand":[],"product_cat":[336,410],"product_tag":[440,614,637,628],"class_list":{"0":"post-2170","1":"product","2":"type-product","3":"status-publish","4":"has-post-thumbnail","6":"product_cat-koik-tooted-en","7":"product_cat-kids","8":"product_tag-hingav-materjal-en","9":"product_tag-kasitsi-kootud-en","10":"product_tag-naturaalne-varv-en","11":"product_tag-soojad-ja-pehmed-en","13":"first","14":"instock","15":"taxable","16":"shipping-taxable","17":"purchasable","18":"product-type-simple"},"acf":[],"_links":{"self":[{"href":"https:\/\/aale.ee\/en\/wp-json\/wp\/v2\/product\/2170","targetHints":{"allow":["GET"]}}],"collection":[{"href":"https:\/\/aale.ee\/en\/wp-json\/wp\/v2\/product"}],"about":[{"href":"https:\/\/aale.ee\/en\/wp-json\/wp\/v2\/types\/product"}],"replies":[{"embeddable":true,"href":"https:\/\/aale.ee\/en\/wp-json\/wp\/v2\/comments?post=2170"}],"wp:featuredmedia":[{"embeddable":true,"href":"https:\/\/aale.ee\/en\/wp-json\/wp\/v2\/media\/836"}],"wp:attachment":[{"href":"https:\/\/aale.ee\/en\/wp-json\/wp\/v2\/media?parent=2170"}],"wp:term":[{"taxonomy":"product_brand","embeddable":true,"href":"https:\/\/aale.ee\/en\/wp-json\/wp\/v2\/product_brand?post=2170"},{"taxonomy":"product_cat","embeddable":true,"href":"https:\/\/aale.ee\/en\/wp-json\/wp\/v2\/product_cat?post=2170"},{"taxonomy":"product_tag","embeddable":true,"href":"https:\/\/aale.ee\/en\/wp-json\/wp\/v2\/product_tag?post=2170"}],"curies":[{"name":"wp","href":"https:\/\/api.w.org\/{rel}","templated":true}]}}