{"id":2174,"date":"2022-04-13T11:44:47","date_gmt":"2022-04-13T11:44:47","guid":{"rendered":"https:\/\/aale.ee\/pood\/uncategorized\/nutisormkindad-2\/"},"modified":"2022-04-13T11:44:47","modified_gmt":"2022-04-13T11:44:47","slug":"nutisormkindad-2","status":"publish","type":"product","link":"https:\/\/aale.ee\/en\/e-pood\/koik-tooted-en\/nutisormkindad-2\/","title":{"rendered":"Nutis\u00f5rmkindad"},"content":{"rendered":"<p>100 % vill, k\u00e4sitsi kootud nutis\u00f5rmkindad. K\u00fclma ilmaga hea telefoni kasutada nimetis\u00f5rme ja p\u00f6idlaga. V\u00f5imalus valida parema- v\u00f5i vasakuk\u00e4elistele.<\/p>\n<p>V\u00e4rvus: valge, punane, roheline.<\/p>\n<p>M\u00f5\u00f5dud: kinda laius 10 cm, pikkus 28 cm<\/p>\n","protected":false},"excerpt":{"rendered":"<p>100 % vill, k\u00e4sitsi kootud nutis\u00f5rmkindad. K\u00fclma ilmaga hea telefoni kasutada nimetis\u00f5rme ja p\u00f6idlaga. V\u00f5imalus valida parema- v\u00f5i vasakuk\u00e4elistele. V\u00e4rvus:&#8230;<\/p>\n","protected":false},"featured_media":842,"comment_status":"closed","ping_status":"closed","template":"","meta":{"_acf_changed":false,"inline_featured_image":false},"product_brand":[],"product_cat":[336,337],"product_tag":[],"class_list":{"0":"post-2174","1":"product","2":"type-product","3":"status-publish","4":"has-post-thumbnail","6":"product_cat-koik-tooted-en","7":"product_cat-womens-knitwear-womens-knitwear","8":"pa_suurus-parem-en","9":"pa_suurus-vasak-en","11":"first","12":"instock","13":"taxable","14":"shipping-taxable","15":"purchasable","16":"product-type-variable"},"acf":[],"_links":{"self":[{"href":"https:\/\/aale.ee\/en\/wp-json\/wp\/v2\/product\/2174","targetHints":{"allow":["GET"]}}],"collection":[{"href":"https:\/\/aale.ee\/en\/wp-json\/wp\/v2\/product"}],"about":[{"href":"https:\/\/aale.ee\/en\/wp-json\/wp\/v2\/types\/product"}],"replies":[{"embeddable":true,"href":"https:\/\/aale.ee\/en\/wp-json\/wp\/v2\/comments?post=2174"}],"wp:featuredmedia":[{"embeddable":true,"href":"https:\/\/aale.ee\/en\/wp-json\/wp\/v2\/media\/842"}],"wp:attachment":[{"href":"https:\/\/aale.ee\/en\/wp-json\/wp\/v2\/media?parent=2174"}],"wp:term":[{"taxonomy":"product_brand","embeddable":true,"href":"https:\/\/aale.ee\/en\/wp-json\/wp\/v2\/product_brand?post=2174"},{"taxonomy":"product_cat","embeddable":true,"href":"https:\/\/aale.ee\/en\/wp-json\/wp\/v2\/product_cat?post=2174"},{"taxonomy":"product_tag","embeddable":true,"href":"https:\/\/aale.ee\/en\/wp-json\/wp\/v2\/product_tag?post=2174"}],"curies":[{"name":"wp","href":"https:\/\/api.w.org\/{rel}","templated":true}]}}