{"id":2183,"date":"2022-04-13T11:44:35","date_gmt":"2022-04-13T11:44:35","guid":{"rendered":"https:\/\/aale.ee\/pood\/uncategorized\/seelikukangas-rakvere\/"},"modified":"2026-02-03T14:19:30","modified_gmt":"2026-02-03T14:19:30","slug":"seelikukangas-rakvere","status":"publish","type":"product","link":"https:\/\/aale.ee\/en\/e-pood\/materials\/kangad-materjalid-en\/seelikukangas-rakvere\/","title":{"rendered":"Rahvar\u00f5iva seelikukangas Rakvere"},"content":{"rendered":"<p>Rahvar\u00f5iva seelikukanga kupong, Rakvere kihelkond.<\/p>\n<p>Ajalooline eeskuju RM 130 E 2:110<\/p>\n<p>Kootud masintelgedel, kude ja l\u00f5im 100% villane.<\/p>\n<p>M\u00f5\u00f5dud: 0,87 x 2,6 m<\/p>\n","protected":false},"excerpt":{"rendered":"<p>Rahvar\u00f5iva seelikukanga kupong, Rakvere kihelkond. Ajalooline eeskuju RM 130 E 2:110 Kootud masintelgedel, kude ja l\u00f5im 100% villane. M\u00f5\u00f5dud: 0,87&#8230;<\/p>\n","protected":false},"featured_media":762,"comment_status":"closed","ping_status":"closed","template":"","meta":{"_acf_changed":false,"inline_featured_image":false},"product_brand":[],"product_cat":[336,790,791,339,341],"product_tag":[438,617,440],"class_list":{"0":"post-2183","1":"product","2":"type-product","3":"status-publish","4":"has-post-thumbnail","6":"product_cat-koik-tooted-en","7":"product_cat-kangad-materjalid-en","8":"product_cat-kangad-en","9":"product_cat-folk-costumes","10":"product_cat-materials","11":"product_tag-100-villane-en","12":"product_tag-etnograafiline-muster-en","13":"product_tag-hingav-materjal-en","15":"first","16":"instock","17":"taxable","18":"shipping-taxable","19":"purchasable","20":"product-type-simple"},"acf":[],"_links":{"self":[{"href":"https:\/\/aale.ee\/en\/wp-json\/wp\/v2\/product\/2183","targetHints":{"allow":["GET"]}}],"collection":[{"href":"https:\/\/aale.ee\/en\/wp-json\/wp\/v2\/product"}],"about":[{"href":"https:\/\/aale.ee\/en\/wp-json\/wp\/v2\/types\/product"}],"replies":[{"embeddable":true,"href":"https:\/\/aale.ee\/en\/wp-json\/wp\/v2\/comments?post=2183"}],"wp:featuredmedia":[{"embeddable":true,"href":"https:\/\/aale.ee\/en\/wp-json\/wp\/v2\/media\/762"}],"wp:attachment":[{"href":"https:\/\/aale.ee\/en\/wp-json\/wp\/v2\/media?parent=2183"}],"wp:term":[{"taxonomy":"product_brand","embeddable":true,"href":"https:\/\/aale.ee\/en\/wp-json\/wp\/v2\/product_brand?post=2183"},{"taxonomy":"product_cat","embeddable":true,"href":"https:\/\/aale.ee\/en\/wp-json\/wp\/v2\/product_cat?post=2183"},{"taxonomy":"product_tag","embeddable":true,"href":"https:\/\/aale.ee\/en\/wp-json\/wp\/v2\/product_tag?post=2183"}],"curies":[{"name":"wp","href":"https:\/\/api.w.org\/{rel}","templated":true}]}}