{"id":2206,"date":"2022-04-13T11:44:33","date_gmt":"2022-04-13T11:44:33","guid":{"rendered":"https:\/\/aale.ee\/pood\/uncategorized\/sokid-tikandiga-2\/"},"modified":"2023-11-16T04:34:31","modified_gmt":"2023-11-16T04:34:31","slug":"sokid-tikandiga-2","status":"publish","type":"product","link":"https:\/\/aale.ee\/en\/e-pood\/womens-knitwear-womens-knitwear\/socks\/sokid-tikandiga-2\/","title":{"rendered":"Sokid tikandiga"},"content":{"rendered":"<p>100% vill, k\u00e4sitsi tikitud masinal kootud sokid.<\/p>\n<p>V\u00e4rvus:<\/p>\n<ul>\n<li>must, tikand mitmev\u00e4rviline.<\/li>\n<li>tumesinine, tikand mitmev\u00e4rviline<\/li>\n<\/ul>\n<p>Jala suurusele 37-39, jalalaba 23,5 cm, maha p\u00f6\u00f6ratud s\u00e4\u00e4r 17 cm.<\/p>\n","protected":false},"excerpt":{"rendered":"<p>100% vill, k\u00e4sitsi tikitud masinal kootud sokid. V\u00e4rvus: must, tikand mitmev\u00e4rviline. tumesinine, tikand mitmev\u00e4rviline Jala suurusele 37-39, jalalaba 23,5 cm,&#8230;<\/p>\n","protected":false},"featured_media":744,"comment_status":"closed","ping_status":"closed","template":"","meta":{"_acf_changed":false,"inline_featured_image":false},"product_brand":[],"product_cat":[336,425,337],"product_tag":[],"class_list":{"0":"post-2206","1":"product","2":"type-product","3":"status-publish","4":"has-post-thumbnail","6":"product_cat-koik-tooted-en","7":"product_cat-socks","8":"product_cat-womens-knitwear-womens-knitwear","9":"pa_varv-must-en","10":"pa_varv-tumesinine-en","12":"first","13":"instock","14":"taxable","15":"shipping-taxable","16":"purchasable","17":"product-type-variable"},"acf":[],"_links":{"self":[{"href":"https:\/\/aale.ee\/en\/wp-json\/wp\/v2\/product\/2206","targetHints":{"allow":["GET"]}}],"collection":[{"href":"https:\/\/aale.ee\/en\/wp-json\/wp\/v2\/product"}],"about":[{"href":"https:\/\/aale.ee\/en\/wp-json\/wp\/v2\/types\/product"}],"replies":[{"embeddable":true,"href":"https:\/\/aale.ee\/en\/wp-json\/wp\/v2\/comments?post=2206"}],"wp:featuredmedia":[{"embeddable":true,"href":"https:\/\/aale.ee\/en\/wp-json\/wp\/v2\/media\/744"}],"wp:attachment":[{"href":"https:\/\/aale.ee\/en\/wp-json\/wp\/v2\/media?parent=2206"}],"wp:term":[{"taxonomy":"product_brand","embeddable":true,"href":"https:\/\/aale.ee\/en\/wp-json\/wp\/v2\/product_brand?post=2206"},{"taxonomy":"product_cat","embeddable":true,"href":"https:\/\/aale.ee\/en\/wp-json\/wp\/v2\/product_cat?post=2206"},{"taxonomy":"product_tag","embeddable":true,"href":"https:\/\/aale.ee\/en\/wp-json\/wp\/v2\/product_tag?post=2206"}],"curies":[{"name":"wp","href":"https:\/\/api.w.org\/{rel}","templated":true}]}}