{"id":2209,"date":"2022-04-13T11:44:22","date_gmt":"2022-04-13T11:44:22","guid":{"rendered":"https:\/\/aale.ee\/pood\/uncategorized\/labakindad-tikandiga-2\/"},"modified":"2022-12-21T11:44:09","modified_gmt":"2022-12-21T11:44:09","slug":"labakindad-tikandiga-2","status":"publish","type":"product","link":"https:\/\/aale.ee\/en\/e-pood\/womens-knitwear-womens-knitwear\/kindad-en\/labakindad-tikandiga-2\/","title":{"rendered":"Labakindad tikandiga"},"content":{"rendered":"<p>Materjal: 100% vill, k\u00e4sitsi tikitud, masinal kootud topelt labakindad.<\/p>\n<p>V\u00e4rvus: tumesinine, tikand valge ja hallide toonidega.<\/p>\n<p>M\u00f5\u00f5dud: kinda laius 10 cm, pikkus 23 cm<\/p>\n","protected":false},"excerpt":{"rendered":"<p>Materjal: 100% vill, k\u00e4sitsi tikitud, masinal kootud topelt labakindad. V\u00e4rvus: tumesinine, tikand valge ja hallide toonidega. M\u00f5\u00f5dud: kinda laius 10&#8230;<\/p>\n","protected":false},"featured_media":690,"comment_status":"closed","ping_status":"closed","template":"","meta":{"_acf_changed":false,"inline_featured_image":false},"product_brand":[],"product_cat":[336,338,337],"product_tag":[438,625,653],"class_list":{"0":"post-2209","1":"product","2":"type-product","3":"status-publish","4":"has-post-thumbnail","6":"product_cat-koik-tooted-en","7":"product_cat-kindad-en","8":"product_cat-womens-knitwear-womens-knitwear","9":"product_tag-100-villane-en","10":"product_tag-kasitsi-tikitud-en","11":"product_tag-paksud-ja-soojad-en","13":"first","14":"outofstock","15":"taxable","16":"shipping-taxable","17":"purchasable","18":"product-type-simple"},"acf":[],"_links":{"self":[{"href":"https:\/\/aale.ee\/en\/wp-json\/wp\/v2\/product\/2209","targetHints":{"allow":["GET"]}}],"collection":[{"href":"https:\/\/aale.ee\/en\/wp-json\/wp\/v2\/product"}],"about":[{"href":"https:\/\/aale.ee\/en\/wp-json\/wp\/v2\/types\/product"}],"replies":[{"embeddable":true,"href":"https:\/\/aale.ee\/en\/wp-json\/wp\/v2\/comments?post=2209"}],"wp:featuredmedia":[{"embeddable":true,"href":"https:\/\/aale.ee\/en\/wp-json\/wp\/v2\/media\/690"}],"wp:attachment":[{"href":"https:\/\/aale.ee\/en\/wp-json\/wp\/v2\/media?parent=2209"}],"wp:term":[{"taxonomy":"product_brand","embeddable":true,"href":"https:\/\/aale.ee\/en\/wp-json\/wp\/v2\/product_brand?post=2209"},{"taxonomy":"product_cat","embeddable":true,"href":"https:\/\/aale.ee\/en\/wp-json\/wp\/v2\/product_cat?post=2209"},{"taxonomy":"product_tag","embeddable":true,"href":"https:\/\/aale.ee\/en\/wp-json\/wp\/v2\/product_tag?post=2209"}],"curies":[{"name":"wp","href":"https:\/\/api.w.org\/{rel}","templated":true}]}}