{"id":2210,"date":"2022-04-13T11:44:22","date_gmt":"2022-04-13T11:44:22","guid":{"rendered":"https:\/\/aale.ee\/pood\/uncategorized\/sokid-pitsilised\/"},"modified":"2026-04-14T09:21:56","modified_gmt":"2026-04-14T09:21:56","slug":"sokid-pitsilised","status":"publish","type":"product","link":"https:\/\/aale.ee\/en\/e-pood\/womens-knitwear-womens-knitwear\/socks\/sokid-pitsilised\/","title":{"rendered":"Villased pitsilised sokid"},"content":{"rendered":"<p>Materjal 100% villane, k\u00e4sitsi kootud.<\/p>\n<p>V\u00e4rvus: naturaalne valge.<\/p>\n<p>Kolm erinevat mustrivalikut: M1, M2, M3<\/p>\n<p>M\u00f5\u00f5dud:<\/p>\n<p>M: jala suurusele 36 &#8211; 38,\u00a0 jalalaba ca 23-23,5 cm, s\u00e4\u00e4r 20-22 cm<\/p>\n<p>L: jala suurusele 39 &#8211; 40, jalalaba ca 24-24,5 cm, s\u00e4\u00e4r 20-24 cm<\/p>\n","protected":false},"excerpt":{"rendered":"<p>Materjal 100% villane, k\u00e4sitsi kootud. V\u00e4rvus: naturaalne valge. Kolm erinevat mustrivalikut: M1, M2, M3 M\u00f5\u00f5dud: M: jala suurusele 36 &#8211;&#8230;<\/p>\n","protected":false},"featured_media":692,"comment_status":"closed","ping_status":"closed","template":"","meta":{"_acf_changed":false,"inline_featured_image":false},"product_brand":[],"product_cat":[336,425,337],"product_tag":[438,614,628],"class_list":{"0":"post-2210","1":"product","2":"type-product","3":"status-publish","4":"has-post-thumbnail","6":"product_cat-koik-tooted-en","7":"product_cat-socks","8":"product_cat-womens-knitwear-womens-knitwear","9":"product_tag-100-villane-en","10":"product_tag-kasitsi-kootud-en","11":"product_tag-soojad-ja-pehmed-en","12":"pa_suurus-l-en","13":"pa_suurus-m-en","15":"first","16":"instock","17":"taxable","18":"shipping-taxable","19":"purchasable","20":"product-type-variable"},"acf":[],"_links":{"self":[{"href":"https:\/\/aale.ee\/en\/wp-json\/wp\/v2\/product\/2210","targetHints":{"allow":["GET"]}}],"collection":[{"href":"https:\/\/aale.ee\/en\/wp-json\/wp\/v2\/product"}],"about":[{"href":"https:\/\/aale.ee\/en\/wp-json\/wp\/v2\/types\/product"}],"replies":[{"embeddable":true,"href":"https:\/\/aale.ee\/en\/wp-json\/wp\/v2\/comments?post=2210"}],"wp:featuredmedia":[{"embeddable":true,"href":"https:\/\/aale.ee\/en\/wp-json\/wp\/v2\/media\/692"}],"wp:attachment":[{"href":"https:\/\/aale.ee\/en\/wp-json\/wp\/v2\/media?parent=2210"}],"wp:term":[{"taxonomy":"product_brand","embeddable":true,"href":"https:\/\/aale.ee\/en\/wp-json\/wp\/v2\/product_brand?post=2210"},{"taxonomy":"product_cat","embeddable":true,"href":"https:\/\/aale.ee\/en\/wp-json\/wp\/v2\/product_cat?post=2210"},{"taxonomy":"product_tag","embeddable":true,"href":"https:\/\/aale.ee\/en\/wp-json\/wp\/v2\/product_tag?post=2210"}],"curies":[{"name":"wp","href":"https:\/\/api.w.org\/{rel}","templated":true}]}}