{"id":2228,"date":"2022-04-13T11:44:20","date_gmt":"2022-04-13T11:44:20","guid":{"rendered":"https:\/\/aale.ee\/pood\/uncategorized\/sormkindad-tikandiga-2\/"},"modified":"2023-11-16T04:23:48","modified_gmt":"2023-11-16T04:23:48","slug":"sormkindad-tikandiga-2","status":"publish","type":"product","link":"https:\/\/aale.ee\/en\/e-pood\/womens-knitwear-womens-knitwear\/kindad-en\/sormkindad-tikandiga-2\/","title":{"rendered":"S\u00f5rmkindad tikandiga"},"content":{"rendered":"<p>100% vill, k\u00e4sitsi tikitud masinal kootud kindad.<\/p>\n<p>V\u00e4rvus: must, tikand mitmev\u00e4rviline.<\/p>\n<p>M\u00f5\u00f5dud: kinda laius 9,5 cm, pikkus 23 cm<\/p>\n","protected":false},"excerpt":{"rendered":"<p>100% vill, k\u00e4sitsi tikitud masinal kootud kindad. V\u00e4rvus: must, tikand mitmev\u00e4rviline. M\u00f5\u00f5dud: kinda laius 9,5 cm, pikkus 23 cm<\/p>\n","protected":false},"featured_media":670,"comment_status":"closed","ping_status":"closed","template":"","meta":{"_acf_changed":false,"inline_featured_image":false},"product_brand":[],"product_cat":[336,338,337],"product_tag":[438,439,625],"class_list":{"0":"post-2228","1":"product","2":"type-product","3":"status-publish","4":"has-post-thumbnail","6":"product_cat-koik-tooted-en","7":"product_cat-kindad-en","8":"product_cat-womens-knitwear-womens-knitwear","9":"product_tag-100-villane-en","10":"product_tag-eesti-muster-en","11":"product_tag-kasitsi-tikitud-en","13":"first","14":"outofstock","15":"taxable","16":"shipping-taxable","17":"purchasable","18":"product-type-simple"},"acf":[],"_links":{"self":[{"href":"https:\/\/aale.ee\/en\/wp-json\/wp\/v2\/product\/2228","targetHints":{"allow":["GET"]}}],"collection":[{"href":"https:\/\/aale.ee\/en\/wp-json\/wp\/v2\/product"}],"about":[{"href":"https:\/\/aale.ee\/en\/wp-json\/wp\/v2\/types\/product"}],"replies":[{"embeddable":true,"href":"https:\/\/aale.ee\/en\/wp-json\/wp\/v2\/comments?post=2228"}],"wp:featuredmedia":[{"embeddable":true,"href":"https:\/\/aale.ee\/en\/wp-json\/wp\/v2\/media\/670"}],"wp:attachment":[{"href":"https:\/\/aale.ee\/en\/wp-json\/wp\/v2\/media?parent=2228"}],"wp:term":[{"taxonomy":"product_brand","embeddable":true,"href":"https:\/\/aale.ee\/en\/wp-json\/wp\/v2\/product_brand?post=2228"},{"taxonomy":"product_cat","embeddable":true,"href":"https:\/\/aale.ee\/en\/wp-json\/wp\/v2\/product_cat?post=2228"},{"taxonomy":"product_tag","embeddable":true,"href":"https:\/\/aale.ee\/en\/wp-json\/wp\/v2\/product_tag?post=2228"}],"curies":[{"name":"wp","href":"https:\/\/api.w.org\/{rel}","templated":true}]}}