{"id":2229,"date":"2022-04-13T11:44:20","date_gmt":"2022-04-13T11:44:20","guid":{"rendered":"https:\/\/aale.ee\/pood\/uncategorized\/kirivoo-kadrina-2\/"},"modified":"2025-08-04T14:32:49","modified_gmt":"2025-08-04T14:32:49","slug":"kirivoo-kadrina-2","status":"publish","type":"product","link":"https:\/\/aale.ee\/en\/e-pood\/folk-costumes\/vood-ja-paelad-en\/kirivoo-kadrina-2\/","title":{"rendered":"Kiriv\u00f6\u00f6 Kadrina"},"content":{"rendered":"<p>Materjaliks 100% villane ja linane l\u00f5ng.<\/p>\n<p>V\u00f6\u00f6 pikkus koos narmastega 288 cm, laius 4 cm, narmaste pikkus 11 cm.<\/p>\n<p>Ajalooline eeskuju: ERM 16338 Kadrina kihelkond, Palmse vald, Eru k\u00fcla, N\u00e4ri talu, ca 1794 &#8211; 1814.a.<\/p>\n","protected":false},"excerpt":{"rendered":"<p>Materjaliks 100% villane ja linane l\u00f5ng. V\u00f6\u00f6 pikkus koos narmastega 288 cm, laius 4 cm, narmaste pikkus 11 cm. Ajalooline&#8230;<\/p>\n","protected":false},"featured_media":672,"comment_status":"closed","ping_status":"closed","template":"","meta":{"_acf_changed":false,"inline_featured_image":false},"product_brand":[],"product_cat":[336,760,339],"product_tag":[620,604,619],"class_list":{"0":"post-2229","1":"product","2":"type-product","3":"status-publish","4":"has-post-thumbnail","6":"product_cat-koik-tooted-en","7":"product_cat-vood-ja-paelad-en","8":"product_cat-folk-costumes","9":"product_tag-eesti-parandmuster-en","10":"product_tag-kasitoo-en","11":"product_tag-naturaalsed-materjalid-en","13":"first","14":"outofstock","15":"taxable","16":"shipping-taxable","17":"purchasable","18":"product-type-simple"},"acf":[],"_links":{"self":[{"href":"https:\/\/aale.ee\/en\/wp-json\/wp\/v2\/product\/2229","targetHints":{"allow":["GET"]}}],"collection":[{"href":"https:\/\/aale.ee\/en\/wp-json\/wp\/v2\/product"}],"about":[{"href":"https:\/\/aale.ee\/en\/wp-json\/wp\/v2\/types\/product"}],"replies":[{"embeddable":true,"href":"https:\/\/aale.ee\/en\/wp-json\/wp\/v2\/comments?post=2229"}],"wp:featuredmedia":[{"embeddable":true,"href":"https:\/\/aale.ee\/en\/wp-json\/wp\/v2\/media\/672"}],"wp:attachment":[{"href":"https:\/\/aale.ee\/en\/wp-json\/wp\/v2\/media?parent=2229"}],"wp:term":[{"taxonomy":"product_brand","embeddable":true,"href":"https:\/\/aale.ee\/en\/wp-json\/wp\/v2\/product_brand?post=2229"},{"taxonomy":"product_cat","embeddable":true,"href":"https:\/\/aale.ee\/en\/wp-json\/wp\/v2\/product_cat?post=2229"},{"taxonomy":"product_tag","embeddable":true,"href":"https:\/\/aale.ee\/en\/wp-json\/wp\/v2\/product_tag?post=2229"}],"curies":[{"name":"wp","href":"https:\/\/api.w.org\/{rel}","templated":true}]}}