{"id":2232,"date":"2022-04-13T11:44:20","date_gmt":"2022-04-13T11:44:20","guid":{"rendered":"https:\/\/aale.ee\/pood\/uncategorized\/kirivoo-ambla\/"},"modified":"2025-02-10T13:36:48","modified_gmt":"2025-02-10T13:36:48","slug":"kirivoo-ambla","status":"publish","type":"product","link":"https:\/\/aale.ee\/en\/e-pood\/folk-costumes\/vood-ja-paelad-en\/kirivoo-ambla\/","title":{"rendered":"Kiriv\u00f6\u00f6 Ambla"},"content":{"rendered":"<p>Materjaliks 100% villane ja linane l\u00f5ng.<\/p>\n<p>V\u00f6\u00f6 pikkus koos narmastega 297 cm, laius 6,5 cm<\/p>\n<p>Ajalooline eeskuju: ERM 11791 on muuseumist kustutatud, kuid pilt v\u00f6\u00f6st on n\u00e4htav raamatus H. Kurrik &#8220;Eesti rahvar\u00f5ivad&#8221; 1938 tahvel XIX muster 6.<\/p>\n","protected":false},"excerpt":{"rendered":"<p>Materjaliks 100% villane ja linane l\u00f5ng. V\u00f6\u00f6 pikkus koos narmastega 297 cm, laius 6,5 cm Ajalooline eeskuju: ERM 11791 on&#8230;<\/p>\n","protected":false},"featured_media":678,"comment_status":"closed","ping_status":"closed","template":"","meta":{"_acf_changed":false,"inline_featured_image":false},"product_brand":[],"product_cat":[336,760,339],"product_tag":[620,604,619],"class_list":{"0":"post-2232","1":"product","2":"type-product","3":"status-publish","4":"has-post-thumbnail","6":"product_cat-koik-tooted-en","7":"product_cat-vood-ja-paelad-en","8":"product_cat-folk-costumes","9":"product_tag-eesti-parandmuster-en","10":"product_tag-kasitoo-en","11":"product_tag-naturaalsed-materjalid-en","13":"first","14":"outofstock","15":"taxable","16":"shipping-taxable","17":"purchasable","18":"product-type-simple"},"acf":[],"_links":{"self":[{"href":"https:\/\/aale.ee\/en\/wp-json\/wp\/v2\/product\/2232","targetHints":{"allow":["GET"]}}],"collection":[{"href":"https:\/\/aale.ee\/en\/wp-json\/wp\/v2\/product"}],"about":[{"href":"https:\/\/aale.ee\/en\/wp-json\/wp\/v2\/types\/product"}],"replies":[{"embeddable":true,"href":"https:\/\/aale.ee\/en\/wp-json\/wp\/v2\/comments?post=2232"}],"wp:featuredmedia":[{"embeddable":true,"href":"https:\/\/aale.ee\/en\/wp-json\/wp\/v2\/media\/678"}],"wp:attachment":[{"href":"https:\/\/aale.ee\/en\/wp-json\/wp\/v2\/media?parent=2232"}],"wp:term":[{"taxonomy":"product_brand","embeddable":true,"href":"https:\/\/aale.ee\/en\/wp-json\/wp\/v2\/product_brand?post=2232"},{"taxonomy":"product_cat","embeddable":true,"href":"https:\/\/aale.ee\/en\/wp-json\/wp\/v2\/product_cat?post=2232"},{"taxonomy":"product_tag","embeddable":true,"href":"https:\/\/aale.ee\/en\/wp-json\/wp\/v2\/product_tag?post=2232"}],"curies":[{"name":"wp","href":"https:\/\/api.w.org\/{rel}","templated":true}]}}