{"id":2245,"date":"2022-04-13T11:44:08","date_gmt":"2022-04-13T11:44:08","guid":{"rendered":"https:\/\/aale.ee\/pood\/uncategorized\/sormkindad-3\/"},"modified":"2026-02-13T08:59:41","modified_gmt":"2026-02-13T08:59:41","slug":"sormkindad-3","status":"publish","type":"product","link":"https:\/\/aale.ee\/en\/e-pood\/womens-knitwear-womens-knitwear\/kindad-en\/sormkindad-3\/","title":{"rendered":"S\u00f5rmkindad"},"content":{"rendered":"<p>100 % vill, k\u00e4sitsi kootud.<\/p>\n<p>V\u00e4rvus: valge, bee\u017e, tumepruun.<\/p>\n<p>M\u00f5\u00f5dud: suurusele L: kinda laius 11 cm, pikkus 28 cm<\/p>\n","protected":false},"excerpt":{"rendered":"<p>100 % vill, k\u00e4sitsi kootud. V\u00e4rvus: valge, bee\u017e, tumepruun. M\u00f5\u00f5dud: suurusele L: kinda laius 11 cm, pikkus 28 cm<\/p>\n","protected":false},"featured_media":632,"comment_status":"closed","ping_status":"closed","template":"","meta":{"_acf_changed":false,"inline_featured_image":false},"product_brand":[],"product_cat":[336,338,337],"product_tag":[438,620,614],"class_list":{"0":"post-2245","1":"product","2":"type-product","3":"status-publish","4":"has-post-thumbnail","6":"product_cat-koik-tooted-en","7":"product_cat-kindad-en","8":"product_cat-womens-knitwear-womens-knitwear","9":"product_tag-100-villane-en","10":"product_tag-eesti-parandmuster-en","11":"product_tag-kasitsi-kootud-en","13":"first","14":"instock","15":"taxable","16":"shipping-taxable","17":"purchasable","18":"product-type-simple"},"acf":[],"_links":{"self":[{"href":"https:\/\/aale.ee\/en\/wp-json\/wp\/v2\/product\/2245","targetHints":{"allow":["GET"]}}],"collection":[{"href":"https:\/\/aale.ee\/en\/wp-json\/wp\/v2\/product"}],"about":[{"href":"https:\/\/aale.ee\/en\/wp-json\/wp\/v2\/types\/product"}],"replies":[{"embeddable":true,"href":"https:\/\/aale.ee\/en\/wp-json\/wp\/v2\/comments?post=2245"}],"wp:featuredmedia":[{"embeddable":true,"href":"https:\/\/aale.ee\/en\/wp-json\/wp\/v2\/media\/632"}],"wp:attachment":[{"href":"https:\/\/aale.ee\/en\/wp-json\/wp\/v2\/media?parent=2245"}],"wp:term":[{"taxonomy":"product_brand","embeddable":true,"href":"https:\/\/aale.ee\/en\/wp-json\/wp\/v2\/product_brand?post=2245"},{"taxonomy":"product_cat","embeddable":true,"href":"https:\/\/aale.ee\/en\/wp-json\/wp\/v2\/product_cat?post=2245"},{"taxonomy":"product_tag","embeddable":true,"href":"https:\/\/aale.ee\/en\/wp-json\/wp\/v2\/product_tag?post=2245"}],"curies":[{"name":"wp","href":"https:\/\/api.w.org\/{rel}","templated":true}]}}