{"id":2258,"date":"2022-04-13T11:44:07","date_gmt":"2022-04-13T11:44:07","guid":{"rendered":"https:\/\/aale.ee\/pood\/uncategorized\/sormkindad-tikandiga\/"},"modified":"2022-12-21T12:01:25","modified_gmt":"2022-12-21T12:01:25","slug":"sormkindad-tikandiga","status":"publish","type":"product","link":"https:\/\/aale.ee\/en\/e-pood\/womens-knitwear-womens-knitwear\/kindad-en\/sormkindad-tikandiga\/","title":{"rendered":"S\u00f5rmkindad tikandiga"},"content":{"rendered":"<p>100% vill, k\u00e4sitsi kootud ja tikitud.<\/p>\n<p>V\u00e4rvus: valge, tikand mitmev\u00e4rviline.<\/p>\n<p>M\u00f5\u00f5dud: kinda laius 9 cm, pikkus 22 cm<\/p>\n","protected":false},"excerpt":{"rendered":"<p>100% vill, k\u00e4sitsi kootud ja tikitud. V\u00e4rvus: valge, tikand mitmev\u00e4rviline. M\u00f5\u00f5dud: kinda laius 9 cm, pikkus 22 cm<\/p>\n","protected":false},"featured_media":628,"comment_status":"closed","ping_status":"closed","template":"","meta":{"_acf_changed":false,"inline_featured_image":false},"product_brand":[],"product_cat":[336,338,337],"product_tag":[438,654],"class_list":{"0":"post-2258","1":"product","2":"type-product","3":"status-publish","4":"has-post-thumbnail","6":"product_cat-koik-tooted-en","7":"product_cat-kindad-en","8":"product_cat-womens-knitwear-womens-knitwear","9":"product_tag-100-villane-en","10":"product_tag-kasitsi-kootud-ja-tikitud-en","12":"first","13":"instock","14":"taxable","15":"shipping-taxable","16":"purchasable","17":"product-type-simple"},"acf":[],"_links":{"self":[{"href":"https:\/\/aale.ee\/en\/wp-json\/wp\/v2\/product\/2258","targetHints":{"allow":["GET"]}}],"collection":[{"href":"https:\/\/aale.ee\/en\/wp-json\/wp\/v2\/product"}],"about":[{"href":"https:\/\/aale.ee\/en\/wp-json\/wp\/v2\/types\/product"}],"replies":[{"embeddable":true,"href":"https:\/\/aale.ee\/en\/wp-json\/wp\/v2\/comments?post=2258"}],"wp:featuredmedia":[{"embeddable":true,"href":"https:\/\/aale.ee\/en\/wp-json\/wp\/v2\/media\/628"}],"wp:attachment":[{"href":"https:\/\/aale.ee\/en\/wp-json\/wp\/v2\/media?parent=2258"}],"wp:term":[{"taxonomy":"product_brand","embeddable":true,"href":"https:\/\/aale.ee\/en\/wp-json\/wp\/v2\/product_brand?post=2258"},{"taxonomy":"product_cat","embeddable":true,"href":"https:\/\/aale.ee\/en\/wp-json\/wp\/v2\/product_cat?post=2258"},{"taxonomy":"product_tag","embeddable":true,"href":"https:\/\/aale.ee\/en\/wp-json\/wp\/v2\/product_tag?post=2258"}],"curies":[{"name":"wp","href":"https:\/\/api.w.org\/{rel}","templated":true}]}}