{"id":2367,"date":"2022-04-13T11:43:13","date_gmt":"2022-04-13T11:43:13","guid":{"rendered":"https:\/\/aale.ee\/pood\/uncategorized\/villased-longad\/"},"modified":"2022-10-30T09:10:49","modified_gmt":"2022-10-30T09:10:49","slug":"villased-longad","status":"publish","type":"product","link":"https:\/\/aale.ee\/en\/e-pood\/materials\/longad-ja-villad-en\/villased-longad\/","title":{"rendered":"Villased l\u00f5ngad"},"content":{"rendered":"<p>Kvaliteetne ja \u00fchtlase keeruga 100% villane l\u00f5ng, nr 7\/2 Teksrena (Leedu).<\/p>\n<p>Sobib nii k\u00e4sitsi kui masinal kudumiseks.<\/p>\n<p>Kaal: 100 g tokk, 350 m<\/p>\n","protected":false},"excerpt":{"rendered":"<p>Kvaliteetne ja \u00fchtlase keeruga 100% villane l\u00f5ng, nr 7\/2 Teksrena (Leedu). Sobib nii k\u00e4sitsi kui masinal kudumiseks. Kaal: 100 g&#8230;<\/p>\n","protected":false},"featured_media":272,"comment_status":"closed","ping_status":"closed","template":"","meta":{"_acf_changed":false,"inline_featured_image":false},"product_brand":[],"product_cat":[336,755,341],"product_tag":[],"class_list":{"0":"post-2367","1":"product","2":"type-product","3":"status-publish","4":"has-post-thumbnail","6":"product_cat-koik-tooted-en","7":"product_cat-longad-ja-villad-en","8":"product_cat-materials","9":"pa_longa-varv-beez-650-en","10":"pa_longa-varv-elektrisinine-435-en","11":"pa_longa-varv-fuksia-107-en","12":"pa_longa-varv-hall-206-en","13":"pa_longa-varv-hallikas-roheline-233-en","14":"pa_longa-varv-helehall-203-en","15":"pa_longa-varv-helehall-280-en","16":"pa_longa-varv-helekollane-270-en","17":"pa_longa-varv-helelilla-250-en","18":"pa_longa-varv-helepruun-264-en","19":"pa_longa-varv-helepunane-108-en","20":"pa_longa-varv-heleroheline-340-en","21":"pa_longa-varv-heleroosa-507-en","22":"pa_longa-varv-helesinine-242-en","23":"pa_longa-varv-helesinine-430-en","24":"pa_longa-varv-kirsipunane-565-en","25":"pa_longa-varv-kollane-272-en","26":"pa_longa-varv-lilla-106-en","27":"pa_longa-varv-lilla-255-en","28":"pa_longa-varv-lillakas-punane-540-en","29":"pa_longa-varv-must-210-en","30":"pa_longa-varv-oranz-760-en","31":"pa_longa-varv-pruun-292-en","32":"pa_longa-varv-pruun-294-en","33":"pa_longa-varv-punane-256-en","34":"pa_longa-varv-roheline-237-en","35":"pa_longa-varv-roosa-105-en","36":"pa_longa-varv-roostepruun-276-en","37":"pa_longa-varv-sinine-243-en","38":"pa_longa-varv-sinine-438-en","39":"pa_longa-varv-sinine-460-en","40":"pa_longa-varv-tumehall-209-en","41":"pa_longa-varv-tumekollane-740-en","42":"pa_longa-varv-tumelilla-109-en","43":"pa_longa-varv-tumepruun-269-en","44":"pa_longa-varv-tumepunane-575-en","45":"pa_longa-varv-tumeroheline-236-en","46":"pa_longa-varv-tumeroheline-360-en","47":"pa_longa-varv-tumeroosa-530-en","48":"pa_longa-varv-tumesinine-248-en","49":"pa_longa-varv-tumesinine-450-en","50":"pa_longa-varv-turkiissinine-247-en","51":"pa_longa-varv-valge-201-en","52":"pa_longa-varv-vanaroosa-252-en","54":"first","55":"instock","56":"taxable","57":"shipping-taxable","58":"purchasable","59":"product-type-variable"},"acf":[],"_links":{"self":[{"href":"https:\/\/aale.ee\/en\/wp-json\/wp\/v2\/product\/2367","targetHints":{"allow":["GET"]}}],"collection":[{"href":"https:\/\/aale.ee\/en\/wp-json\/wp\/v2\/product"}],"about":[{"href":"https:\/\/aale.ee\/en\/wp-json\/wp\/v2\/types\/product"}],"replies":[{"embeddable":true,"href":"https:\/\/aale.ee\/en\/wp-json\/wp\/v2\/comments?post=2367"}],"wp:featuredmedia":[{"embeddable":true,"href":"https:\/\/aale.ee\/en\/wp-json\/wp\/v2\/media\/272"}],"wp:attachment":[{"href":"https:\/\/aale.ee\/en\/wp-json\/wp\/v2\/media?parent=2367"}],"wp:term":[{"taxonomy":"product_brand","embeddable":true,"href":"https:\/\/aale.ee\/en\/wp-json\/wp\/v2\/product_brand?post=2367"},{"taxonomy":"product_cat","embeddable":true,"href":"https:\/\/aale.ee\/en\/wp-json\/wp\/v2\/product_cat?post=2367"},{"taxonomy":"product_tag","embeddable":true,"href":"https:\/\/aale.ee\/en\/wp-json\/wp\/v2\/product_tag?post=2367"}],"curies":[{"name":"wp","href":"https:\/\/api.w.org\/{rel}","templated":true}]}}