{"id":2412,"date":"2022-04-13T11:42:57","date_gmt":"2022-04-13T11:42:57","guid":{"rendered":"https:\/\/aale.ee\/pood\/uncategorized\/meeste-rahvaroiva-sark\/"},"modified":"2022-05-11T08:42:39","modified_gmt":"2022-05-11T08:42:39","slug":"meeste-rahvaroiva-sark","status":"publish","type":"product","link":"https:\/\/aale.ee\/en\/e-pood\/folk-costumes\/valmisroivad-en\/meeste-rahvaroiva-sark\/","title":{"rendered":"Meeste rahvar\u00f5iva s\u00e4rk"},"content":{"rendered":"<p>\u00d5mmeldud 100 % valgest linasest kangast.<\/p>\n\n<table id=\"tablepress-5\" class=\"tablepress tablepress-id-5\">\n<thead>\n<tr class=\"row-1\">\n\t<th class=\"column-1\">Size<\/th><th class=\"column-2\">Chest <\/th><th class=\"column-3\">Hips<\/th>\n<\/tr>\n<\/thead>\n<tbody class=\"row-striping\">\n<tr class=\"row-2\">\n\t<td class=\"column-1\">XS<\/td><td class=\"column-2\">86-90<\/td><td class=\"column-3\">88-92<\/td>\n<\/tr>\n<tr class=\"row-3\">\n\t<td class=\"column-1\">S<\/td><td class=\"column-2\">90-94<\/td><td class=\"column-3\">92-96<\/td>\n<\/tr>\n<tr class=\"row-4\">\n\t<td class=\"column-1\">M<\/td><td class=\"column-2\">94-98<\/td><td class=\"column-3\">96-100<\/td>\n<\/tr>\n<tr class=\"row-5\">\n\t<td class=\"column-1\">L<\/td><td class=\"column-2\">98-102<\/td><td class=\"column-3\">100-104<\/td>\n<\/tr>\n<tr class=\"row-6\">\n\t<td class=\"column-1\">XL<\/td><td class=\"column-2\">102-106<\/td><td class=\"column-3\">104-108<\/td>\n<\/tr>\n<tr class=\"row-7\">\n\t<td class=\"column-1\">XXL<\/td><td class=\"column-2\">106-110<\/td><td class=\"column-3\">108-112<\/td>\n<\/tr>\n<tr class=\"row-8\">\n\t<td class=\"column-1\">3XL<\/td><td class=\"column-2\">110-114<\/td><td class=\"column-3\">113-117<\/td>\n<\/tr>\n<tr class=\"row-9\">\n\t<td class=\"column-1\">4XL<\/td><td class=\"column-2\">114-118<\/td><td class=\"column-3\">118-122<\/td>\n<\/tr>\n<\/tbody>\n<\/table>\n<!-- #tablepress-5 from cache -->\n","protected":false},"excerpt":{"rendered":"<p>\u00d5mmeldud 100 % valgest linasest kangast.<\/p>\n","protected":false},"featured_media":206,"comment_status":"closed","ping_status":"closed","template":"","meta":{"_acf_changed":false,"inline_featured_image":false},"product_brand":[],"product_cat":[336,339,599,796],"product_tag":[704,440,604,633],"class_list":{"0":"post-2412","1":"product","2":"type-product","3":"status-publish","4":"has-post-thumbnail","6":"product_cat-koik-tooted-en","7":"product_cat-folk-costumes","8":"product_cat-linen-products","9":"product_cat-valmisroivad-en","10":"product_tag-100-linane-en","11":"product_tag-hingav-materjal-en","12":"product_tag-kasitoo-en","13":"product_tag-kurrud-ja-pilutatud-kinnis-en","14":"pa_suurus-l-en","15":"pa_suurus-m-en","16":"pa_suurus-s-en","17":"pa_suurus-xl-en","18":"pa_suurus-xxl-en","20":"first","21":"outofstock","22":"taxable","23":"shipping-taxable","24":"purchasable","25":"product-type-variable"},"acf":[],"_links":{"self":[{"href":"https:\/\/aale.ee\/en\/wp-json\/wp\/v2\/product\/2412","targetHints":{"allow":["GET"]}}],"collection":[{"href":"https:\/\/aale.ee\/en\/wp-json\/wp\/v2\/product"}],"about":[{"href":"https:\/\/aale.ee\/en\/wp-json\/wp\/v2\/types\/product"}],"replies":[{"embeddable":true,"href":"https:\/\/aale.ee\/en\/wp-json\/wp\/v2\/comments?post=2412"}],"wp:featuredmedia":[{"embeddable":true,"href":"https:\/\/aale.ee\/en\/wp-json\/wp\/v2\/media\/206"}],"wp:attachment":[{"href":"https:\/\/aale.ee\/en\/wp-json\/wp\/v2\/media?parent=2412"}],"wp:term":[{"taxonomy":"product_brand","embeddable":true,"href":"https:\/\/aale.ee\/en\/wp-json\/wp\/v2\/product_brand?post=2412"},{"taxonomy":"product_cat","embeddable":true,"href":"https:\/\/aale.ee\/en\/wp-json\/wp\/v2\/product_cat?post=2412"},{"taxonomy":"product_tag","embeddable":true,"href":"https:\/\/aale.ee\/en\/wp-json\/wp\/v2\/product_tag?post=2412"}],"curies":[{"name":"wp","href":"https:\/\/api.w.org\/{rel}","templated":true}]}}