{"id":2424,"date":"2022-04-13T11:42:57","date_gmt":"2022-04-13T11:42:57","guid":{"rendered":"https:\/\/aale.ee\/pood\/uncategorized\/litrid-vasest\/"},"modified":"2026-04-20T06:29:00","modified_gmt":"2026-04-20T06:29:00","slug":"litrid-vasest","status":"publish","type":"product","link":"https:\/\/aale.ee\/en\/e-pood\/materials\/litrid-materjalid-en\/litrid-vasest\/","title":{"rendered":"Litrid vasest S"},"content":{"rendered":"<p>L\u00e4bim\u00f5\u00f5t: 8 mm<br \/>\nPakendis 100 litrit<\/p>\n","protected":false},"excerpt":{"rendered":"<p>L\u00e4bim\u00f5\u00f5t: 8 mm Pakendis 100 litrit<\/p>\n","protected":false},"featured_media":210,"comment_status":"closed","ping_status":"closed","template":"","meta":{"_acf_changed":false,"inline_featured_image":false},"product_brand":[],"product_cat":[336,339,341,787],"product_tag":[],"class_list":{"0":"post-2424","1":"product","2":"type-product","3":"status-publish","4":"has-post-thumbnail","6":"product_cat-koik-tooted-en","7":"product_cat-folk-costumes","8":"product_cat-materials","9":"product_cat-litrid-materjalid-en","11":"first","12":"instock","13":"taxable","14":"shipping-taxable","15":"purchasable","16":"product-type-simple"},"acf":[],"_links":{"self":[{"href":"https:\/\/aale.ee\/en\/wp-json\/wp\/v2\/product\/2424","targetHints":{"allow":["GET"]}}],"collection":[{"href":"https:\/\/aale.ee\/en\/wp-json\/wp\/v2\/product"}],"about":[{"href":"https:\/\/aale.ee\/en\/wp-json\/wp\/v2\/types\/product"}],"replies":[{"embeddable":true,"href":"https:\/\/aale.ee\/en\/wp-json\/wp\/v2\/comments?post=2424"}],"wp:featuredmedia":[{"embeddable":true,"href":"https:\/\/aale.ee\/en\/wp-json\/wp\/v2\/media\/210"}],"wp:attachment":[{"href":"https:\/\/aale.ee\/en\/wp-json\/wp\/v2\/media?parent=2424"}],"wp:term":[{"taxonomy":"product_brand","embeddable":true,"href":"https:\/\/aale.ee\/en\/wp-json\/wp\/v2\/product_brand?post=2424"},{"taxonomy":"product_cat","embeddable":true,"href":"https:\/\/aale.ee\/en\/wp-json\/wp\/v2\/product_cat?post=2424"},{"taxonomy":"product_tag","embeddable":true,"href":"https:\/\/aale.ee\/en\/wp-json\/wp\/v2\/product_tag?post=2424"}],"curies":[{"name":"wp","href":"https:\/\/api.w.org\/{rel}","templated":true}]}}