{"id":2425,"date":"2022-04-13T11:42:57","date_gmt":"2022-04-13T11:42:57","guid":{"rendered":"https:\/\/aale.ee\/pood\/uncategorized\/viru-nigula-kauss\/"},"modified":"2026-02-05T07:31:11","modified_gmt":"2026-02-05T07:31:11","slug":"viru-nigula-kauss","status":"publish","type":"product","link":"https:\/\/aale.ee\/en\/e-pood\/koik-tooted-en\/viru-nigula-kauss\/","title":{"rendered":"Viru-Nigula kauss"},"content":{"rendered":"<p>Kujunduses Viru-Nigula kihelkonna seelikutriibustik.<\/p>\n<p>Suurus: l\u00e4bim\u00f5\u00f5t 12 cm, k\u00f5rgus 6 cm<\/p>\n","protected":false},"excerpt":{"rendered":"<p>Kujunduses Viru-Nigula kihelkonna seelikutriibustik. Suurus: l\u00e4bim\u00f5\u00f5t 12 cm, k\u00f5rgus 6 cm<\/p>\n","protected":false},"featured_media":212,"comment_status":"closed","ping_status":"closed","template":"","meta":{"_acf_changed":false,"inline_featured_image":false},"product_brand":[],"product_cat":[336,448],"product_tag":[],"class_list":{"0":"post-2425","1":"product","2":"type-product","3":"status-publish","4":"has-post-thumbnail","6":"product_cat-koik-tooted-en","7":"product_cat-gifts","9":"first","10":"outofstock","11":"taxable","12":"shipping-taxable","13":"purchasable","14":"product-type-simple"},"acf":[],"_links":{"self":[{"href":"https:\/\/aale.ee\/en\/wp-json\/wp\/v2\/product\/2425","targetHints":{"allow":["GET"]}}],"collection":[{"href":"https:\/\/aale.ee\/en\/wp-json\/wp\/v2\/product"}],"about":[{"href":"https:\/\/aale.ee\/en\/wp-json\/wp\/v2\/types\/product"}],"replies":[{"embeddable":true,"href":"https:\/\/aale.ee\/en\/wp-json\/wp\/v2\/comments?post=2425"}],"wp:featuredmedia":[{"embeddable":true,"href":"https:\/\/aale.ee\/en\/wp-json\/wp\/v2\/media\/212"}],"wp:attachment":[{"href":"https:\/\/aale.ee\/en\/wp-json\/wp\/v2\/media?parent=2425"}],"wp:term":[{"taxonomy":"product_brand","embeddable":true,"href":"https:\/\/aale.ee\/en\/wp-json\/wp\/v2\/product_brand?post=2425"},{"taxonomy":"product_cat","embeddable":true,"href":"https:\/\/aale.ee\/en\/wp-json\/wp\/v2\/product_cat?post=2425"},{"taxonomy":"product_tag","embeddable":true,"href":"https:\/\/aale.ee\/en\/wp-json\/wp\/v2\/product_tag?post=2425"}],"curies":[{"name":"wp","href":"https:\/\/api.w.org\/{rel}","templated":true}]}}