{"id":2450,"date":"2022-04-13T11:42:57","date_gmt":"2022-04-13T11:42:57","guid":{"rendered":"https:\/\/aale.ee\/pood\/uncategorized\/solega-t-sark\/"},"modified":"2025-01-18T12:01:42","modified_gmt":"2025-01-18T12:01:42","slug":"solega-t-sark","status":"publish","type":"product","link":"https:\/\/aale.ee\/en\/e-pood\/koik-tooted-en\/solega-t-sark\/","title":{"rendered":"S\u00f5lega T-s\u00e4rk"},"content":{"rendered":"<p>Materjal: 100 % puuvill,<\/p>\n<p>V\u00e4rv: must s\u00e4rk, s\u00f5lg valge<\/p>\n\n<table id=\"tablepress-6\" class=\"tablepress tablepress-id-6\">\n<thead>\n<tr class=\"row-1\">\n\t<td class=\"column-1\"><\/td><th class=\"column-2\">S<\/th><th class=\"column-3\">M<\/th><th class=\"column-4\">L<\/th><th class=\"column-5\">XL<\/th><th class=\"column-6\">XXL<\/th>\n<\/tr>\n<\/thead>\n<tbody class=\"row-striping\">\n<tr class=\"row-2\">\n\t<td class=\"column-1\">Chest<br \/>\n<\/td><td class=\"column-2\">80<\/td><td class=\"column-3\">82<\/td><td class=\"column-4\">88<\/td><td class=\"column-5\">96<\/td><td class=\"column-6\">104<\/td>\n<\/tr>\n<tr class=\"row-3\">\n\t<td class=\"column-1\">Shirt length<\/td><td class=\"column-2\">60<\/td><td class=\"column-3\">62<\/td><td class=\"column-4\">65<\/td><td class=\"column-5\">66<\/td><td class=\"column-6\">66<\/td>\n<\/tr>\n<\/tbody>\n<\/table>\n<!-- #tablepress-6 from cache -->\n","protected":false},"excerpt":{"rendered":"<p>Materjal: 100 % puuvill, V\u00e4rv: must s\u00e4rk, s\u00f5lg valge<\/p>\n","protected":false},"featured_media":240,"comment_status":"closed","ping_status":"closed","template":"","meta":{"_acf_changed":false,"inline_featured_image":false},"product_brand":[],"product_cat":[336,602],"product_tag":[617,440],"class_list":{"0":"post-2450","1":"product","2":"type-product","3":"status-publish","4":"has-post-thumbnail","6":"product_cat-koik-tooted-en","7":"product_cat-t-shirts","8":"product_tag-etnograafiline-muster-en","9":"product_tag-hingav-materjal-en","10":"pa_suurus-l-en","11":"pa_suurus-m-en","12":"pa_suurus-s-en","13":"pa_suurus-xl-en","14":"pa_suurus-xxl-en","16":"first","17":"instock","18":"taxable","19":"shipping-taxable","20":"purchasable","21":"product-type-variable"},"acf":[],"_links":{"self":[{"href":"https:\/\/aale.ee\/en\/wp-json\/wp\/v2\/product\/2450","targetHints":{"allow":["GET"]}}],"collection":[{"href":"https:\/\/aale.ee\/en\/wp-json\/wp\/v2\/product"}],"about":[{"href":"https:\/\/aale.ee\/en\/wp-json\/wp\/v2\/types\/product"}],"replies":[{"embeddable":true,"href":"https:\/\/aale.ee\/en\/wp-json\/wp\/v2\/comments?post=2450"}],"wp:featuredmedia":[{"embeddable":true,"href":"https:\/\/aale.ee\/en\/wp-json\/wp\/v2\/media\/240"}],"wp:attachment":[{"href":"https:\/\/aale.ee\/en\/wp-json\/wp\/v2\/media?parent=2450"}],"wp:term":[{"taxonomy":"product_brand","embeddable":true,"href":"https:\/\/aale.ee\/en\/wp-json\/wp\/v2\/product_brand?post=2450"},{"taxonomy":"product_cat","embeddable":true,"href":"https:\/\/aale.ee\/en\/wp-json\/wp\/v2\/product_cat?post=2450"},{"taxonomy":"product_tag","embeddable":true,"href":"https:\/\/aale.ee\/en\/wp-json\/wp\/v2\/product_tag?post=2450"}],"curies":[{"name":"wp","href":"https:\/\/api.w.org\/{rel}","templated":true}]}}