{"id":2458,"date":"2022-04-13T11:42:56","date_gmt":"2022-04-13T11:42:56","guid":{"rendered":"https:\/\/aale.ee\/pood\/uncategorized\/padjakate-rakvere\/"},"modified":"2026-03-19T14:19:45","modified_gmt":"2026-03-19T14:19:45","slug":"padjakate-rakvere","status":"publish","type":"product","link":"https:\/\/aale.ee\/en\/e-pood\/home-decoration\/padjakatted-en\/padjakate-rakvere\/","title":{"rendered":"Padjakate Rakvere"},"content":{"rendered":"<p>M\u00f5\u00f5dud: 40 x 40 cm<br \/>\n\u00d5mmeldud Rakvere kihelkonna rahvar\u00f5iva seelikukangast ( l\u00f5im puuvillane, kude villane).<\/p>\n<p>Kinnitus peitlukuga.<\/p>\n","protected":false},"excerpt":{"rendered":"<p>M\u00f5\u00f5dud: 40 x 40 cm \u00d5mmeldud Rakvere kihelkonna rahvar\u00f5iva seelikukangast ( l\u00f5im puuvillane, kude villane). Kinnitus peitlukuga.<\/p>\n","protected":false},"featured_media":8809,"comment_status":"closed","ping_status":"closed","template":"","meta":{"_acf_changed":false,"inline_featured_image":false},"product_brand":[],"product_cat":[336,453,780],"product_tag":[620,619],"class_list":{"0":"post-2458","1":"product","2":"type-product","3":"status-publish","4":"has-post-thumbnail","6":"product_cat-koik-tooted-en","7":"product_cat-home-decoration","8":"product_cat-padjakatted-en","9":"product_tag-eesti-parandmuster-en","10":"product_tag-naturaalsed-materjalid-en","12":"first","13":"instock","14":"taxable","15":"shipping-taxable","16":"purchasable","17":"product-type-simple"},"acf":[],"_links":{"self":[{"href":"https:\/\/aale.ee\/en\/wp-json\/wp\/v2\/product\/2458","targetHints":{"allow":["GET"]}}],"collection":[{"href":"https:\/\/aale.ee\/en\/wp-json\/wp\/v2\/product"}],"about":[{"href":"https:\/\/aale.ee\/en\/wp-json\/wp\/v2\/types\/product"}],"replies":[{"embeddable":true,"href":"https:\/\/aale.ee\/en\/wp-json\/wp\/v2\/comments?post=2458"}],"wp:featuredmedia":[{"embeddable":true,"href":"https:\/\/aale.ee\/en\/wp-json\/wp\/v2\/media\/8809"}],"wp:attachment":[{"href":"https:\/\/aale.ee\/en\/wp-json\/wp\/v2\/media?parent=2458"}],"wp:term":[{"taxonomy":"product_brand","embeddable":true,"href":"https:\/\/aale.ee\/en\/wp-json\/wp\/v2\/product_brand?post=2458"},{"taxonomy":"product_cat","embeddable":true,"href":"https:\/\/aale.ee\/en\/wp-json\/wp\/v2\/product_cat?post=2458"},{"taxonomy":"product_tag","embeddable":true,"href":"https:\/\/aale.ee\/en\/wp-json\/wp\/v2\/product_tag?post=2458"}],"curies":[{"name":"wp","href":"https:\/\/api.w.org\/{rel}","templated":true}]}}