{"id":2465,"date":"2022-04-13T11:42:56","date_gmt":"2022-04-13T11:42:56","guid":{"rendered":"https:\/\/aale.ee\/pood\/uncategorized\/pihikseelik-valge\/"},"modified":"2023-10-13T08:28:14","modified_gmt":"2023-10-13T08:28:14","slug":"pihikseelik-valge","status":"publish","type":"product","link":"https:\/\/aale.ee\/en\/e-pood\/koik-tooted-en\/pihikseelik-valge\/","title":{"rendered":"Laste pihikseelik valge"},"content":{"rendered":"<p>\u00d5mmeldud 100 % linasest kangast, kaunistuseks pits ja k\u00e4sitsi valmistatud n\u00f6\u00f6bid.<\/p>\n<p>&nbsp;<\/p>\n","protected":false},"excerpt":{"rendered":"<p>\u00d5mmeldud 100 % linasest kangast, kaunistuseks pits ja k\u00e4sitsi valmistatud n\u00f6\u00f6bid. &nbsp;<\/p>\n","protected":false},"featured_media":204,"comment_status":"closed","ping_status":"closed","template":"","meta":{"_acf_changed":false,"inline_featured_image":false},"product_brand":[],"product_cat":[336,410,599],"product_tag":[704,440,604],"class_list":{"0":"post-2465","1":"product","2":"type-product","3":"status-publish","4":"has-post-thumbnail","6":"product_cat-koik-tooted-en","7":"product_cat-kids","8":"product_cat-linen-products","9":"product_tag-100-linane-en","10":"product_tag-hingav-materjal-en","11":"product_tag-kasitoo-en","12":"pa_pikkus-104cm-en","13":"pa_pikkus-110cm-en","14":"pa_pikkus-116cm-en","15":"pa_pikkus-122cm-en","16":"pa_pikkus-98cm-en","18":"first","19":"outofstock","20":"taxable","21":"shipping-taxable","22":"purchasable","23":"product-type-variable"},"acf":[],"_links":{"self":[{"href":"https:\/\/aale.ee\/en\/wp-json\/wp\/v2\/product\/2465","targetHints":{"allow":["GET"]}}],"collection":[{"href":"https:\/\/aale.ee\/en\/wp-json\/wp\/v2\/product"}],"about":[{"href":"https:\/\/aale.ee\/en\/wp-json\/wp\/v2\/types\/product"}],"replies":[{"embeddable":true,"href":"https:\/\/aale.ee\/en\/wp-json\/wp\/v2\/comments?post=2465"}],"wp:featuredmedia":[{"embeddable":true,"href":"https:\/\/aale.ee\/en\/wp-json\/wp\/v2\/media\/204"}],"wp:attachment":[{"href":"https:\/\/aale.ee\/en\/wp-json\/wp\/v2\/media?parent=2465"}],"wp:term":[{"taxonomy":"product_brand","embeddable":true,"href":"https:\/\/aale.ee\/en\/wp-json\/wp\/v2\/product_brand?post=2465"},{"taxonomy":"product_cat","embeddable":true,"href":"https:\/\/aale.ee\/en\/wp-json\/wp\/v2\/product_cat?post=2465"},{"taxonomy":"product_tag","embeddable":true,"href":"https:\/\/aale.ee\/en\/wp-json\/wp\/v2\/product_tag?post=2465"}],"curies":[{"name":"wp","href":"https:\/\/api.w.org\/{rel}","templated":true}]}}