{"id":2630,"date":"2022-08-01T14:56:45","date_gmt":"2022-08-01T14:56:45","guid":{"rendered":"https:\/\/aale.ee\/?post_type=product&#038;p=2630"},"modified":"2026-04-07T10:41:23","modified_gmt":"2026-04-07T10:41:23","slug":"haapsalu-sall-3","status":"publish","type":"product","link":"https:\/\/aale.ee\/en\/e-pood\/naiste-kudumid\/haapsalu-sall-3\/","title":{"rendered":"Haapsalu sall"},"content":{"rendered":"<p>K\u00e4sitsi kootud peenvillasest l\u00f5ngast.<\/p>\n<p>V\u00e4rvus: naturaalne valge<\/p>\n<p>M\u00f5\u00f5dud: ca 58 x 160 cm<\/p>\n","protected":false},"excerpt":{"rendered":"<p>K\u00e4sitsi kootud peenvillasest l\u00f5ngast. V\u00e4rvus: naturaalne valge M\u00f5\u00f5dud: ca 58 x 160 cm<\/p>\n","protected":false},"featured_media":5055,"comment_status":"closed","ping_status":"closed","template":"","meta":{"_acf_changed":false,"inline_featured_image":false},"product_brand":[],"product_cat":[26,32,304],"product_tag":[290,292,288],"class_list":{"0":"post-2630","1":"product","2":"type-product","3":"status-publish","4":"has-post-thumbnail","6":"product_cat-naiste-kudumid","7":"product_cat-koik-tooted","8":"product_cat-sallid-ja-olakatted","9":"product_tag-100-villane","10":"product_tag-ainulaadne","11":"product_tag-kasitoo","13":"first","14":"instock","15":"taxable","16":"shipping-taxable","17":"purchasable","18":"product-type-simple"},"acf":[],"_links":{"self":[{"href":"https:\/\/aale.ee\/en\/wp-json\/wp\/v2\/product\/2630","targetHints":{"allow":["GET"]}}],"collection":[{"href":"https:\/\/aale.ee\/en\/wp-json\/wp\/v2\/product"}],"about":[{"href":"https:\/\/aale.ee\/en\/wp-json\/wp\/v2\/types\/product"}],"replies":[{"embeddable":true,"href":"https:\/\/aale.ee\/en\/wp-json\/wp\/v2\/comments?post=2630"}],"wp:featuredmedia":[{"embeddable":true,"href":"https:\/\/aale.ee\/en\/wp-json\/wp\/v2\/media\/5055"}],"wp:attachment":[{"href":"https:\/\/aale.ee\/en\/wp-json\/wp\/v2\/media?parent=2630"}],"wp:term":[{"taxonomy":"product_brand","embeddable":true,"href":"https:\/\/aale.ee\/en\/wp-json\/wp\/v2\/product_brand?post=2630"},{"taxonomy":"product_cat","embeddable":true,"href":"https:\/\/aale.ee\/en\/wp-json\/wp\/v2\/product_cat?post=2630"},{"taxonomy":"product_tag","embeddable":true,"href":"https:\/\/aale.ee\/en\/wp-json\/wp\/v2\/product_tag?post=2630"}],"curies":[{"name":"wp","href":"https:\/\/api.w.org\/{rel}","templated":true}]}}