{"id":3425,"date":"2022-12-01T15:04:32","date_gmt":"2022-12-01T15:04:32","guid":{"rendered":"https:\/\/aale.ee\/?post_type=product&#038;p=3425"},"modified":"2025-11-18T20:02:08","modified_gmt":"2025-11-18T20:02:08","slug":"labakindad-12","status":"publish","type":"product","link":"https:\/\/aale.ee\/en\/e-pood\/naiste-kudumid\/labakindad-12\/","title":{"rendered":"Labakindad"},"content":{"rendered":"<p>100% villased, k\u00e4sitsi kootud, h\u00e4sti pehmed ja soojad.<\/p>\n<p>V\u00e4rvus: naturaalne hall ja valge, punane, tumesinine.<\/p>\n<p>M\u00f5\u00f5dud: kinda laius 10 cm, pikkus 25-26 cm<\/p>\n","protected":false},"excerpt":{"rendered":"<p>100% villased, k\u00e4sitsi kootud, h\u00e4sti pehmed ja soojad. V\u00e4rvus: naturaalne hall ja valge, punane, tumesinine. M\u00f5\u00f5dud: kinda laius 10 cm,&#8230;<\/p>\n","protected":false},"featured_media":3426,"comment_status":"closed","ping_status":"closed","template":"","meta":{"_acf_changed":false,"inline_featured_image":false},"product_brand":[],"product_cat":[26,295,32],"product_tag":[290,287,611,650],"class_list":{"0":"post-3425","1":"product","2":"type-product","3":"status-publish","4":"has-post-thumbnail","6":"product_cat-naiste-kudumid","7":"product_cat-kindad","8":"product_cat-koik-tooted","9":"product_tag-100-villane","10":"product_tag-eesti-muster","11":"product_tag-kasitsi-kootud","12":"product_tag-mitu-varvivalikut","13":"pa_varv-hall","14":"pa_varv-punane","16":"first","17":"outofstock","18":"taxable","19":"shipping-taxable","20":"purchasable","21":"product-type-variable"},"acf":[],"_links":{"self":[{"href":"https:\/\/aale.ee\/en\/wp-json\/wp\/v2\/product\/3425","targetHints":{"allow":["GET"]}}],"collection":[{"href":"https:\/\/aale.ee\/en\/wp-json\/wp\/v2\/product"}],"about":[{"href":"https:\/\/aale.ee\/en\/wp-json\/wp\/v2\/types\/product"}],"replies":[{"embeddable":true,"href":"https:\/\/aale.ee\/en\/wp-json\/wp\/v2\/comments?post=3425"}],"wp:featuredmedia":[{"embeddable":true,"href":"https:\/\/aale.ee\/en\/wp-json\/wp\/v2\/media\/3426"}],"wp:attachment":[{"href":"https:\/\/aale.ee\/en\/wp-json\/wp\/v2\/media?parent=3425"}],"wp:term":[{"taxonomy":"product_brand","embeddable":true,"href":"https:\/\/aale.ee\/en\/wp-json\/wp\/v2\/product_brand?post=3425"},{"taxonomy":"product_cat","embeddable":true,"href":"https:\/\/aale.ee\/en\/wp-json\/wp\/v2\/product_cat?post=3425"},{"taxonomy":"product_tag","embeddable":true,"href":"https:\/\/aale.ee\/en\/wp-json\/wp\/v2\/product_tag?post=3425"}],"curies":[{"name":"wp","href":"https:\/\/api.w.org\/{rel}","templated":true}]}}