{"id":3537,"date":"2023-01-30T12:30:25","date_gmt":"2023-01-30T12:30:25","guid":{"rendered":"https:\/\/aale.ee\/?post_type=product&#038;p=3537"},"modified":"2025-02-10T12:48:24","modified_gmt":"2025-02-10T12:48:24","slug":"seelikukangas-luganuse","status":"publish","type":"product","link":"https:\/\/aale.ee\/en\/e-pood\/rahvaroivad\/seelikukangas-luganuse\/","title":{"rendered":"Rahvar\u00f5iva seelikukangas P\u00fchalepa"},"content":{"rendered":"<p>Rahvar\u00f5iva seelikukanga kupong. P\u00fchalepa kihelkond.<\/p>\n<p>Ajalooline eeskuju ERM A 291:216<\/p>\n<p>Kootud masintelgedel, kude ja l\u00f5im 100% villane.<\/p>\n<p>M\u00f5\u00f5dud: 1,08 x 2,9 m<\/p>\n","protected":false},"excerpt":{"rendered":"<p>Rahvar\u00f5iva seelikukanga kupong. P\u00fchalepa kihelkond. Ajalooline eeskuju ERM A 291:216 Kootud masintelgedel, kude ja l\u00f5im 100% villane. M\u00f5\u00f5dud: 1,08 x&#8230;<\/p>\n","protected":false},"featured_media":4377,"comment_status":"closed","ping_status":"closed","template":"","meta":{"_acf_changed":false,"inline_featured_image":false},"product_brand":[],"product_cat":[33,331,658,32,37],"product_tag":[290,616,289],"class_list":{"0":"post-3537","1":"product","2":"type-product","3":"status-publish","4":"has-post-thumbnail","6":"product_cat-rahvaroivad","7":"product_cat-kangad","8":"product_cat-kangad-materjalid","9":"product_cat-koik-tooted","10":"product_cat-materjalid","11":"product_tag-100-villane","12":"product_tag-etnograafiline-muster","13":"product_tag-hingav-materjal","15":"first","16":"outofstock","17":"taxable","18":"shipping-taxable","19":"purchasable","20":"product-type-simple"},"acf":[],"_links":{"self":[{"href":"https:\/\/aale.ee\/en\/wp-json\/wp\/v2\/product\/3537","targetHints":{"allow":["GET"]}}],"collection":[{"href":"https:\/\/aale.ee\/en\/wp-json\/wp\/v2\/product"}],"about":[{"href":"https:\/\/aale.ee\/en\/wp-json\/wp\/v2\/types\/product"}],"replies":[{"embeddable":true,"href":"https:\/\/aale.ee\/en\/wp-json\/wp\/v2\/comments?post=3537"}],"wp:featuredmedia":[{"embeddable":true,"href":"https:\/\/aale.ee\/en\/wp-json\/wp\/v2\/media\/4377"}],"wp:attachment":[{"href":"https:\/\/aale.ee\/en\/wp-json\/wp\/v2\/media?parent=3537"}],"wp:term":[{"taxonomy":"product_brand","embeddable":true,"href":"https:\/\/aale.ee\/en\/wp-json\/wp\/v2\/product_brand?post=3537"},{"taxonomy":"product_cat","embeddable":true,"href":"https:\/\/aale.ee\/en\/wp-json\/wp\/v2\/product_cat?post=3537"},{"taxonomy":"product_tag","embeddable":true,"href":"https:\/\/aale.ee\/en\/wp-json\/wp\/v2\/product_tag?post=3537"}],"curies":[{"name":"wp","href":"https:\/\/api.w.org\/{rel}","templated":true}]}}