{"id":3546,"date":"2023-01-30T13:34:48","date_gmt":"2023-01-30T13:34:48","guid":{"rendered":"https:\/\/aale.ee\/?post_type=product&#038;p=3546"},"modified":"2026-03-26T08:05:12","modified_gmt":"2026-03-26T08:05:12","slug":"seelikukangas-parnu-jaagupi","status":"publish","type":"product","link":"https:\/\/aale.ee\/en\/e-pood\/rahvaroivad\/seelikukangas-parnu-jaagupi\/","title":{"rendered":"Rahvar\u00f5iva seelikukangas P\u00e4rnu-Jaagupi"},"content":{"rendered":"<p>Rahvar\u00f5iva seelikukanga kupong. P\u00e4rnu- Jaagupi\u00a0 kihelkond.<\/p>\n<p>Ajaloolised eeskujud:<\/p>\n<p>ERM A 120:48, valmistanud Riina M\u00f5nts S\u00fctev\u00e4lja talus Kaelase k\u00fclas ca 1880.a.<\/p>\n<p>AM 4576 E 639<\/p>\n<p>Kootud masintelgedel, kude ja l\u00f5im 100% villane.<\/p>\n<p>M\u00f5\u00f5dud: 0,95 x 2,48 m<\/p>\n","protected":false},"excerpt":{"rendered":"<p>Rahvar\u00f5iva seelikukanga kupong. P\u00e4rnu- Jaagupi\u00a0 kihelkond. Ajaloolised eeskujud: ERM A 120:48, valmistanud Riina M\u00f5nts S\u00fctev\u00e4lja talus Kaelase k\u00fclas ca 1880.a&#8230;.<\/p>\n","protected":false},"featured_media":3547,"comment_status":"closed","ping_status":"closed","template":"","meta":{"_acf_changed":false,"inline_featured_image":false},"product_brand":[],"product_cat":[33,331,658,32,37],"product_tag":[290,616,289],"class_list":{"0":"post-3546","1":"product","2":"type-product","3":"status-publish","4":"has-post-thumbnail","6":"product_cat-rahvaroivad","7":"product_cat-kangad","8":"product_cat-kangad-materjalid","9":"product_cat-koik-tooted","10":"product_cat-materjalid","11":"product_tag-100-villane","12":"product_tag-etnograafiline-muster","13":"product_tag-hingav-materjal","15":"first","16":"outofstock","17":"taxable","18":"shipping-taxable","19":"purchasable","20":"product-type-simple"},"acf":[],"_links":{"self":[{"href":"https:\/\/aale.ee\/en\/wp-json\/wp\/v2\/product\/3546","targetHints":{"allow":["GET"]}}],"collection":[{"href":"https:\/\/aale.ee\/en\/wp-json\/wp\/v2\/product"}],"about":[{"href":"https:\/\/aale.ee\/en\/wp-json\/wp\/v2\/types\/product"}],"replies":[{"embeddable":true,"href":"https:\/\/aale.ee\/en\/wp-json\/wp\/v2\/comments?post=3546"}],"wp:featuredmedia":[{"embeddable":true,"href":"https:\/\/aale.ee\/en\/wp-json\/wp\/v2\/media\/3547"}],"wp:attachment":[{"href":"https:\/\/aale.ee\/en\/wp-json\/wp\/v2\/media?parent=3546"}],"wp:term":[{"taxonomy":"product_brand","embeddable":true,"href":"https:\/\/aale.ee\/en\/wp-json\/wp\/v2\/product_brand?post=3546"},{"taxonomy":"product_cat","embeddable":true,"href":"https:\/\/aale.ee\/en\/wp-json\/wp\/v2\/product_cat?post=3546"},{"taxonomy":"product_tag","embeddable":true,"href":"https:\/\/aale.ee\/en\/wp-json\/wp\/v2\/product_tag?post=3546"}],"curies":[{"name":"wp","href":"https:\/\/api.w.org\/{rel}","templated":true}]}}