{"id":3602,"date":"2023-02-15T15:06:18","date_gmt":"2023-02-15T15:06:18","guid":{"rendered":"https:\/\/aale.ee\/?post_type=product&#038;p=3602"},"modified":"2023-02-15T15:06:18","modified_gmt":"2023-02-15T15:06:18","slug":"sall-kirbla","status":"publish","type":"product","link":"https:\/\/aale.ee\/en\/e-pood\/naiste-kudumid\/sall-kirbla\/","title":{"rendered":"Sall Kirbla"},"content":{"rendered":"<p>V\u00e4rvik\u00fcllane sall on kootud masinal 100 % villasest l\u00f5ngast.<\/p>\n<p>M\u00f5\u00f5dud: pikkus koos narmastega ca 158 cm, laius 12,5 cm<\/p>\n","protected":false},"excerpt":{"rendered":"<p>V\u00e4rvik\u00fcllane sall on kootud masinal 100 % villasest l\u00f5ngast. M\u00f5\u00f5dud: pikkus koos narmastega ca 158 cm, laius 12,5 cm<\/p>\n","protected":false},"featured_media":3603,"comment_status":"closed","ping_status":"closed","template":"","meta":{"_acf_changed":false,"inline_featured_image":false},"product_brand":[],"product_cat":[26,32,304],"product_tag":[290,615,649],"class_list":{"0":"post-3602","1":"product","2":"type-product","3":"status-publish","4":"has-post-thumbnail","6":"product_cat-naiste-kudumid","7":"product_cat-koik-tooted","8":"product_cat-sallid-ja-olakatted","9":"product_tag-100-villane","10":"product_tag-eesti-parandmuster","11":"product_tag-soe-ja-pehme","13":"first","14":"instock","15":"taxable","16":"shipping-taxable","17":"purchasable","18":"product-type-simple"},"acf":[],"_links":{"self":[{"href":"https:\/\/aale.ee\/en\/wp-json\/wp\/v2\/product\/3602","targetHints":{"allow":["GET"]}}],"collection":[{"href":"https:\/\/aale.ee\/en\/wp-json\/wp\/v2\/product"}],"about":[{"href":"https:\/\/aale.ee\/en\/wp-json\/wp\/v2\/types\/product"}],"replies":[{"embeddable":true,"href":"https:\/\/aale.ee\/en\/wp-json\/wp\/v2\/comments?post=3602"}],"wp:featuredmedia":[{"embeddable":true,"href":"https:\/\/aale.ee\/en\/wp-json\/wp\/v2\/media\/3603"}],"wp:attachment":[{"href":"https:\/\/aale.ee\/en\/wp-json\/wp\/v2\/media?parent=3602"}],"wp:term":[{"taxonomy":"product_brand","embeddable":true,"href":"https:\/\/aale.ee\/en\/wp-json\/wp\/v2\/product_brand?post=3602"},{"taxonomy":"product_cat","embeddable":true,"href":"https:\/\/aale.ee\/en\/wp-json\/wp\/v2\/product_cat?post=3602"},{"taxonomy":"product_tag","embeddable":true,"href":"https:\/\/aale.ee\/en\/wp-json\/wp\/v2\/product_tag?post=3602"}],"curies":[{"name":"wp","href":"https:\/\/api.w.org\/{rel}","templated":true}]}}