{"id":3609,"date":"2023-02-15T14:38:08","date_gmt":"2023-02-15T14:38:08","guid":{"rendered":"https:\/\/aale.ee\/?post_type=product&#038;p=3609"},"modified":"2023-02-15T14:58:39","modified_gmt":"2023-02-15T14:58:39","slug":"sall-kirbla-taskuga","status":"publish","type":"product","link":"https:\/\/aale.ee\/en\/e-pood\/naiste-kudumid\/sall-kirbla-taskuga\/","title":{"rendered":"Sall Kirbla, taskuga"},"content":{"rendered":"<p>Tumesinise p\u00f5hitooniga sall on kootud masinal 100 % villasest l\u00f5ngast.<\/p>\n<p>M\u00f5\u00f5dud: pikkus koos narmastega ca 162 cm, laius 12,5 cm<\/p>\n<p>Sall on kahekordne ja \u00e4\u00e4ristatud kandiga.<\/p>\n","protected":false},"excerpt":{"rendered":"<p>Tumesinise p\u00f5hitooniga sall on kootud masinal 100 % villasest l\u00f5ngast. M\u00f5\u00f5dud: pikkus koos narmastega ca 162 cm, laius 12,5 cm&#8230;<\/p>\n","protected":false},"featured_media":3610,"comment_status":"closed","ping_status":"closed","template":"","meta":{"_acf_changed":false,"inline_featured_image":false},"product_brand":[],"product_cat":[26,32,304],"product_tag":[290,615,649],"class_list":{"0":"post-3609","1":"product","2":"type-product","3":"status-publish","4":"has-post-thumbnail","6":"product_cat-naiste-kudumid","7":"product_cat-koik-tooted","8":"product_cat-sallid-ja-olakatted","9":"product_tag-100-villane","10":"product_tag-eesti-parandmuster","11":"product_tag-soe-ja-pehme","13":"first","14":"instock","15":"taxable","16":"shipping-taxable","17":"purchasable","18":"product-type-simple"},"acf":[],"_links":{"self":[{"href":"https:\/\/aale.ee\/en\/wp-json\/wp\/v2\/product\/3609","targetHints":{"allow":["GET"]}}],"collection":[{"href":"https:\/\/aale.ee\/en\/wp-json\/wp\/v2\/product"}],"about":[{"href":"https:\/\/aale.ee\/en\/wp-json\/wp\/v2\/types\/product"}],"replies":[{"embeddable":true,"href":"https:\/\/aale.ee\/en\/wp-json\/wp\/v2\/comments?post=3609"}],"wp:featuredmedia":[{"embeddable":true,"href":"https:\/\/aale.ee\/en\/wp-json\/wp\/v2\/media\/3610"}],"wp:attachment":[{"href":"https:\/\/aale.ee\/en\/wp-json\/wp\/v2\/media?parent=3609"}],"wp:term":[{"taxonomy":"product_brand","embeddable":true,"href":"https:\/\/aale.ee\/en\/wp-json\/wp\/v2\/product_brand?post=3609"},{"taxonomy":"product_cat","embeddable":true,"href":"https:\/\/aale.ee\/en\/wp-json\/wp\/v2\/product_cat?post=3609"},{"taxonomy":"product_tag","embeddable":true,"href":"https:\/\/aale.ee\/en\/wp-json\/wp\/v2\/product_tag?post=3609"}],"curies":[{"name":"wp","href":"https:\/\/api.w.org\/{rel}","templated":true}]}}