{"id":3614,"date":"2023-02-15T14:56:39","date_gmt":"2023-02-15T14:56:39","guid":{"rendered":"https:\/\/aale.ee\/?post_type=product&#038;p=3614"},"modified":"2023-02-17T14:21:50","modified_gmt":"2023-02-17T14:21:50","slug":"saarised-kirbla","status":"publish","type":"product","link":"https:\/\/aale.ee\/en\/e-pood\/naiste-kudumid\/saarised-kirbla\/","title":{"rendered":"S\u00e4\u00e4rised Kirbla"},"content":{"rendered":"<p>V\u00e4rvik\u00fcllased s\u00e4\u00e4rised on kootud masinal 100 % villasest l\u00f5ngast.<\/p>\n<p>&nbsp;<\/p>\n","protected":false},"excerpt":{"rendered":"<p>V\u00e4rvik\u00fcllased s\u00e4\u00e4rised on kootud masinal 100 % villasest l\u00f5ngast. &nbsp;<\/p>\n","protected":false},"featured_media":3617,"comment_status":"closed","ping_status":"closed","template":"","meta":{"_acf_changed":false,"inline_featured_image":false},"product_brand":[],"product_cat":[26,32,298],"product_tag":[290,615,627],"class_list":{"0":"post-3614","1":"product","2":"type-product","3":"status-publish","4":"has-post-thumbnail","6":"product_cat-naiste-kudumid","7":"product_cat-koik-tooted","8":"product_cat-sokid","9":"product_tag-100-villane","10":"product_tag-eesti-parandmuster","11":"product_tag-soojad-ja-pehmed","12":"pa_suurus-l","13":"pa_suurus-m","15":"first","16":"instock","17":"taxable","18":"shipping-taxable","19":"purchasable","20":"product-type-variable"},"acf":[],"_links":{"self":[{"href":"https:\/\/aale.ee\/en\/wp-json\/wp\/v2\/product\/3614","targetHints":{"allow":["GET"]}}],"collection":[{"href":"https:\/\/aale.ee\/en\/wp-json\/wp\/v2\/product"}],"about":[{"href":"https:\/\/aale.ee\/en\/wp-json\/wp\/v2\/types\/product"}],"replies":[{"embeddable":true,"href":"https:\/\/aale.ee\/en\/wp-json\/wp\/v2\/comments?post=3614"}],"wp:featuredmedia":[{"embeddable":true,"href":"https:\/\/aale.ee\/en\/wp-json\/wp\/v2\/media\/3617"}],"wp:attachment":[{"href":"https:\/\/aale.ee\/en\/wp-json\/wp\/v2\/media?parent=3614"}],"wp:term":[{"taxonomy":"product_brand","embeddable":true,"href":"https:\/\/aale.ee\/en\/wp-json\/wp\/v2\/product_brand?post=3614"},{"taxonomy":"product_cat","embeddable":true,"href":"https:\/\/aale.ee\/en\/wp-json\/wp\/v2\/product_cat?post=3614"},{"taxonomy":"product_tag","embeddable":true,"href":"https:\/\/aale.ee\/en\/wp-json\/wp\/v2\/product_tag?post=3614"}],"curies":[{"name":"wp","href":"https:\/\/api.w.org\/{rel}","templated":true}]}}