{"id":3650,"date":"2023-02-17T13:40:23","date_gmt":"2023-02-17T13:40:23","guid":{"rendered":"https:\/\/aale.ee\/?post_type=product&#038;p=3650"},"modified":"2025-05-31T18:34:09","modified_gmt":"2025-05-31T18:34:09","slug":"beebi-sokid-lepatriinu","status":"publish","type":"product","link":"https:\/\/aale.ee\/en\/e-pood\/lapsed\/beebi-sokid-lepatriinu\/","title":{"rendered":"Beebi sokid Lepatriinu"},"content":{"rendered":"<p>Materjal: 100% villane, masinal kootud ja vanutatud, k\u00e4sitsi tikitud.<\/p>\n<p>V\u00e4rvus: naturaalne valge v\u00f5i hall, tikand punane ja must.<\/p>\n<p>Sokid on topelt soonikkoes s\u00e4\u00e4rega, mida saab kanda nii \u00fchekordse pika s\u00e4\u00e4rena kui tagasip\u00f6\u00f6ratult kahekordsena.<\/p>\n<p>Sokke v\u00f5ib pesta pesumasinas villa programmiga. Sobivad kanda komplektina koos beebi labakutega Lepatriinu.<\/p>\n","protected":false},"excerpt":{"rendered":"<p>Materjal: 100% villane, masinal kootud ja vanutatud, k\u00e4sitsi tikitud. V\u00e4rvus: naturaalne valge v\u00f5i hall, tikand punane ja must. Sokid on&#8230;<\/p>\n","protected":false},"featured_media":3656,"comment_status":"closed","ping_status":"closed","template":"","meta":{"_acf_changed":false,"inline_featured_image":false},"product_brand":[],"product_cat":[35,32,718],"product_tag":[624,618,627],"class_list":{"0":"post-3650","1":"product","2":"type-product","3":"status-publish","4":"has-post-thumbnail","6":"product_cat-lapsed","7":"product_cat-koik-tooted","8":"product_cat-kudumid","9":"product_tag-kasitsi-tikitud","10":"product_tag-naturaalsed-materjalid","11":"product_tag-soojad-ja-pehmed","12":"pa_varv-hall","13":"pa_varv-valge","15":"first","16":"instock","17":"taxable","18":"shipping-taxable","19":"purchasable","20":"product-type-variable"},"acf":[],"_links":{"self":[{"href":"https:\/\/aale.ee\/en\/wp-json\/wp\/v2\/product\/3650","targetHints":{"allow":["GET"]}}],"collection":[{"href":"https:\/\/aale.ee\/en\/wp-json\/wp\/v2\/product"}],"about":[{"href":"https:\/\/aale.ee\/en\/wp-json\/wp\/v2\/types\/product"}],"replies":[{"embeddable":true,"href":"https:\/\/aale.ee\/en\/wp-json\/wp\/v2\/comments?post=3650"}],"wp:featuredmedia":[{"embeddable":true,"href":"https:\/\/aale.ee\/en\/wp-json\/wp\/v2\/media\/3656"}],"wp:attachment":[{"href":"https:\/\/aale.ee\/en\/wp-json\/wp\/v2\/media?parent=3650"}],"wp:term":[{"taxonomy":"product_brand","embeddable":true,"href":"https:\/\/aale.ee\/en\/wp-json\/wp\/v2\/product_brand?post=3650"},{"taxonomy":"product_cat","embeddable":true,"href":"https:\/\/aale.ee\/en\/wp-json\/wp\/v2\/product_cat?post=3650"},{"taxonomy":"product_tag","embeddable":true,"href":"https:\/\/aale.ee\/en\/wp-json\/wp\/v2\/product_tag?post=3650"}],"curies":[{"name":"wp","href":"https:\/\/api.w.org\/{rel}","templated":true}]}}