{"id":3663,"date":"2023-02-17T14:02:24","date_gmt":"2023-02-17T14:02:24","guid":{"rendered":"https:\/\/aale.ee\/?post_type=product&#038;p=3663"},"modified":"2026-02-15T10:12:58","modified_gmt":"2026-02-15T10:12:58","slug":"beebi-labakud-lepatriinu","status":"publish","type":"product","link":"https:\/\/aale.ee\/en\/e-pood\/kids\/kudumid-en\/beebi-labakud-lepatriinu\/","title":{"rendered":"Beebi labakud Lepatriinu"},"content":{"rendered":"<p>Kindad on kahekordsed, 100% villased, masinal kootud ja vanutatud, k\u00e4sitsi tikitud.<\/p>\n<p>V\u00e4rvus: naturaalne valge v\u00f5i hall, tikand punane ja must.<\/p>\n<p>M\u00f5\u00f5dud: kinda pikkus 12-13 cm, laius 6,5 cm<\/p>\n<p>Kindad on ilma p\u00f6idlata, mis teeb beebile k\u00e4tte panemise lihtsaks. Pesta v\u00f5ib masinas villa programmiga.<\/p>\n<p>Sobivad komplektina kokku beebi sokkidega Lepatriinu.<\/p>\n","protected":false},"excerpt":{"rendered":"<p>Kindad on kahekordsed, 100% villased, masinal kootud ja vanutatud, k\u00e4sitsi tikitud. V\u00e4rvus: naturaalne valge v\u00f5i hall, tikand punane ja must&#8230;.<\/p>\n","protected":false},"featured_media":3668,"comment_status":"closed","ping_status":"closed","template":"","meta":{"_acf_changed":false,"inline_featured_image":false},"product_brand":[],"product_cat":[32,718,35],"product_tag":[624,618,627],"class_list":{"0":"post-3663","1":"product","2":"type-product","3":"status-publish","4":"has-post-thumbnail","6":"product_cat-koik-tooted","7":"product_cat-kudumid","8":"product_cat-lapsed","9":"product_tag-kasitsi-tikitud","10":"product_tag-naturaalsed-materjalid","11":"product_tag-soojad-ja-pehmed","12":"pa_varv-hall","13":"pa_varv-valge","15":"first","16":"outofstock","17":"taxable","18":"shipping-taxable","19":"purchasable","20":"product-type-variable"},"acf":[],"_links":{"self":[{"href":"https:\/\/aale.ee\/en\/wp-json\/wp\/v2\/product\/3663","targetHints":{"allow":["GET"]}}],"collection":[{"href":"https:\/\/aale.ee\/en\/wp-json\/wp\/v2\/product"}],"about":[{"href":"https:\/\/aale.ee\/en\/wp-json\/wp\/v2\/types\/product"}],"replies":[{"embeddable":true,"href":"https:\/\/aale.ee\/en\/wp-json\/wp\/v2\/comments?post=3663"}],"wp:featuredmedia":[{"embeddable":true,"href":"https:\/\/aale.ee\/en\/wp-json\/wp\/v2\/media\/3668"}],"wp:attachment":[{"href":"https:\/\/aale.ee\/en\/wp-json\/wp\/v2\/media?parent=3663"}],"wp:term":[{"taxonomy":"product_brand","embeddable":true,"href":"https:\/\/aale.ee\/en\/wp-json\/wp\/v2\/product_brand?post=3663"},{"taxonomy":"product_cat","embeddable":true,"href":"https:\/\/aale.ee\/en\/wp-json\/wp\/v2\/product_cat?post=3663"},{"taxonomy":"product_tag","embeddable":true,"href":"https:\/\/aale.ee\/en\/wp-json\/wp\/v2\/product_tag?post=3663"}],"curies":[{"name":"wp","href":"https:\/\/api.w.org\/{rel}","templated":true}]}}