{"id":3698,"date":"2023-02-20T13:43:58","date_gmt":"2023-02-20T13:43:58","guid":{"rendered":"https:\/\/aale.ee\/?post_type=product&#038;p=3698"},"modified":"2025-11-02T06:20:32","modified_gmt":"2025-11-02T06:20:32","slug":"kinkekomplekt-leib","status":"publish","type":"product","link":"https:\/\/aale.ee\/en\/e-pood\/kodusisustus\/kinkekomplekt-leib\/","title":{"rendered":"Kinkekomplekt Leib"},"content":{"rendered":"<p>Komplektis k\u00f6\u00f6gik\u00e4ter\u00e4tik (linane\/puuvillane) ja sini-must-valge paelaga kaunistatud kadakast v\u00f5inuga. R\u00e4tiku m\u00f5\u00f5dud: 48&#215;70 cm.<\/p>\n<p>Komplekt on l\u00e4bipaistvas plastikpakendis.<\/p>\n","protected":false},"excerpt":{"rendered":"<p>Komplektis k\u00f6\u00f6gik\u00e4ter\u00e4tik (linane\/puuvillane) ja sini-must-valge paelaga kaunistatud kadakast v\u00f5inuga. R\u00e4tiku m\u00f5\u00f5dud: 48&#215;70 cm. Komplekt on l\u00e4bipaistvas plastikpakendis.<\/p>\n","protected":false},"featured_media":3699,"comment_status":"closed","ping_status":"closed","template":"","meta":{"_acf_changed":false,"inline_featured_image":false},"product_brand":[],"product_cat":[34,32,38],"product_tag":[287,618],"class_list":{"0":"post-3698","1":"product","2":"type-product","3":"status-publish","4":"has-post-thumbnail","6":"product_cat-kodusisustus","7":"product_cat-koik-tooted","8":"product_cat-meened-ja-kingitused","9":"product_tag-eesti-muster","10":"product_tag-naturaalsed-materjalid","12":"first","13":"instock","14":"taxable","15":"shipping-taxable","16":"purchasable","17":"product-type-simple"},"acf":[],"_links":{"self":[{"href":"https:\/\/aale.ee\/en\/wp-json\/wp\/v2\/product\/3698","targetHints":{"allow":["GET"]}}],"collection":[{"href":"https:\/\/aale.ee\/en\/wp-json\/wp\/v2\/product"}],"about":[{"href":"https:\/\/aale.ee\/en\/wp-json\/wp\/v2\/types\/product"}],"replies":[{"embeddable":true,"href":"https:\/\/aale.ee\/en\/wp-json\/wp\/v2\/comments?post=3698"}],"wp:featuredmedia":[{"embeddable":true,"href":"https:\/\/aale.ee\/en\/wp-json\/wp\/v2\/media\/3699"}],"wp:attachment":[{"href":"https:\/\/aale.ee\/en\/wp-json\/wp\/v2\/media?parent=3698"}],"wp:term":[{"taxonomy":"product_brand","embeddable":true,"href":"https:\/\/aale.ee\/en\/wp-json\/wp\/v2\/product_brand?post=3698"},{"taxonomy":"product_cat","embeddable":true,"href":"https:\/\/aale.ee\/en\/wp-json\/wp\/v2\/product_cat?post=3698"},{"taxonomy":"product_tag","embeddable":true,"href":"https:\/\/aale.ee\/en\/wp-json\/wp\/v2\/product_tag?post=3698"}],"curies":[{"name":"wp","href":"https:\/\/api.w.org\/{rel}","templated":true}]}}