{"id":3753,"date":"2023-03-13T13:38:34","date_gmt":"2023-03-13T13:38:34","guid":{"rendered":"https:\/\/aale.ee\/?post_type=product&#038;p=3753"},"modified":"2025-12-23T08:52:04","modified_gmt":"2025-12-23T08:52:04","slug":"randmekatted","status":"publish","type":"product","link":"https:\/\/aale.ee\/en\/e-pood\/naiste-kudumid\/randmekatted\/","title":{"rendered":"Randmekatted"},"content":{"rendered":"<p>Haapsalu salli mustriga randmekatted valgest, naturaalsest hallist v\u00f5i mustast peenvillasest l\u00f5ngast.<\/p>\n<p>K\u00e4sitsi kootud, piibelehe mustriga.<\/p>\n<p>Randmekatte pikkus 16 cm, elastselt kootuna venivad h\u00e4sti laiusesse.<\/p>\n<p>&nbsp;<\/p>\n<p>&nbsp;<\/p>\n","protected":false},"excerpt":{"rendered":"<p>Haapsalu salli mustriga randmekatted valgest, naturaalsest hallist v\u00f5i mustast peenvillasest l\u00f5ngast. K\u00e4sitsi kootud, piibelehe mustriga. Randmekatte pikkus 16 cm, elastselt&#8230;<\/p>\n","protected":false},"featured_media":3754,"comment_status":"closed","ping_status":"closed","template":"","meta":{"_acf_changed":false,"inline_featured_image":false},"product_brand":[],"product_cat":[26,295,32],"product_tag":[292,611,657],"class_list":{"0":"post-3753","1":"product","2":"type-product","3":"status-publish","4":"has-post-thumbnail","6":"product_cat-naiste-kudumid","7":"product_cat-kindad","8":"product_cat-koik-tooted","9":"product_tag-ainulaadne","10":"product_tag-kasitsi-kootud","11":"product_tag-naturaalne-varv-ja-materjal","12":"pa_varv-hall","13":"pa_varv-must","14":"pa_varv-valge","16":"first","17":"outofstock","18":"taxable","19":"shipping-taxable","20":"purchasable","21":"product-type-variable"},"acf":[],"_links":{"self":[{"href":"https:\/\/aale.ee\/en\/wp-json\/wp\/v2\/product\/3753","targetHints":{"allow":["GET"]}}],"collection":[{"href":"https:\/\/aale.ee\/en\/wp-json\/wp\/v2\/product"}],"about":[{"href":"https:\/\/aale.ee\/en\/wp-json\/wp\/v2\/types\/product"}],"replies":[{"embeddable":true,"href":"https:\/\/aale.ee\/en\/wp-json\/wp\/v2\/comments?post=3753"}],"wp:featuredmedia":[{"embeddable":true,"href":"https:\/\/aale.ee\/en\/wp-json\/wp\/v2\/media\/3754"}],"wp:attachment":[{"href":"https:\/\/aale.ee\/en\/wp-json\/wp\/v2\/media?parent=3753"}],"wp:term":[{"taxonomy":"product_brand","embeddable":true,"href":"https:\/\/aale.ee\/en\/wp-json\/wp\/v2\/product_brand?post=3753"},{"taxonomy":"product_cat","embeddable":true,"href":"https:\/\/aale.ee\/en\/wp-json\/wp\/v2\/product_cat?post=3753"},{"taxonomy":"product_tag","embeddable":true,"href":"https:\/\/aale.ee\/en\/wp-json\/wp\/v2\/product_tag?post=3753"}],"curies":[{"name":"wp","href":"https:\/\/api.w.org\/{rel}","templated":true}]}}