{"id":3758,"date":"2023-03-13T14:02:02","date_gmt":"2023-03-13T14:02:02","guid":{"rendered":"https:\/\/aale.ee\/?post_type=product&#038;p=3758"},"modified":"2026-04-14T09:09:24","modified_gmt":"2026-04-14T09:09:24","slug":"pitssormikud","status":"publish","type":"product","link":"https:\/\/aale.ee\/en\/e-pood\/naiste-kudumid\/pitssormikud\/","title":{"rendered":"Pitss\u00f5rmikud"},"content":{"rendered":"<p>100% villased, k\u00e4sitsi kootud naturaalsest valgest v\u00f5i hallist l\u00f5ngast.<\/p>\n<p>M\u00f5\u00f5dud: kinda laius 8-9 cm, pikkus ca 24 cm<\/p>\n","protected":false},"excerpt":{"rendered":"<p>100% villased, k\u00e4sitsi kootud naturaalsest valgest v\u00f5i hallist l\u00f5ngast. M\u00f5\u00f5dud: kinda laius 8-9 cm, pikkus ca 24 cm<\/p>\n","protected":false},"featured_media":3762,"comment_status":"closed","ping_status":"closed","template":"","meta":{"_acf_changed":false,"inline_featured_image":false},"product_brand":[],"product_cat":[26,295,32],"product_tag":[611,657,627],"class_list":{"0":"post-3758","1":"product","2":"type-product","3":"status-publish","4":"has-post-thumbnail","6":"product_cat-naiste-kudumid","7":"product_cat-kindad","8":"product_cat-koik-tooted","9":"product_tag-kasitsi-kootud","10":"product_tag-naturaalne-varv-ja-materjal","11":"product_tag-soojad-ja-pehmed","12":"pa_varv-hall","13":"pa_varv-valge","15":"first","16":"instock","17":"taxable","18":"shipping-taxable","19":"purchasable","20":"product-type-variable"},"acf":[],"_links":{"self":[{"href":"https:\/\/aale.ee\/en\/wp-json\/wp\/v2\/product\/3758","targetHints":{"allow":["GET"]}}],"collection":[{"href":"https:\/\/aale.ee\/en\/wp-json\/wp\/v2\/product"}],"about":[{"href":"https:\/\/aale.ee\/en\/wp-json\/wp\/v2\/types\/product"}],"replies":[{"embeddable":true,"href":"https:\/\/aale.ee\/en\/wp-json\/wp\/v2\/comments?post=3758"}],"wp:featuredmedia":[{"embeddable":true,"href":"https:\/\/aale.ee\/en\/wp-json\/wp\/v2\/media\/3762"}],"wp:attachment":[{"href":"https:\/\/aale.ee\/en\/wp-json\/wp\/v2\/media?parent=3758"}],"wp:term":[{"taxonomy":"product_brand","embeddable":true,"href":"https:\/\/aale.ee\/en\/wp-json\/wp\/v2\/product_brand?post=3758"},{"taxonomy":"product_cat","embeddable":true,"href":"https:\/\/aale.ee\/en\/wp-json\/wp\/v2\/product_cat?post=3758"},{"taxonomy":"product_tag","embeddable":true,"href":"https:\/\/aale.ee\/en\/wp-json\/wp\/v2\/product_tag?post=3758"}],"curies":[{"name":"wp","href":"https:\/\/api.w.org\/{rel}","templated":true}]}}