{"id":3802,"date":"2023-04-03T11:56:11","date_gmt":"2023-04-03T11:56:11","guid":{"rendered":"https:\/\/aale.ee\/?post_type=product&#038;p=3802"},"modified":"2026-04-10T08:34:08","modified_gmt":"2026-04-10T08:34:08","slug":"meeste-rahvaroiva-sark-2","status":"publish","type":"product","link":"https:\/\/aale.ee\/en\/e-pood\/rahvaroivad\/meeste-rahvaroiva-sark-2\/","title":{"rendered":"Meeste rahvar\u00f5iva s\u00e4rk"},"content":{"rendered":"<p>Lihtne meeste rahvar\u00f5ivas\u00e4rk on \u00f5mmeldud valgest 100% linasest kangast.<\/p>\n","protected":false},"excerpt":{"rendered":"<p>Lihtne meeste rahvar\u00f5ivas\u00e4rk on \u00f5mmeldud valgest 100% linasest kangast.<\/p>\n","protected":false},"featured_media":3803,"comment_status":"closed","ping_status":"closed","template":"","meta":{"_acf_changed":false,"inline_featured_image":false},"product_brand":[],"product_cat":[33,32,36,322],"product_tag":[621,622,289,288],"class_list":{"0":"post-3802","1":"product","2":"type-product","3":"status-publish","4":"has-post-thumbnail","6":"product_cat-rahvaroivad","7":"product_cat-koik-tooted","8":"product_cat-linased-tooted","9":"product_cat-valmisroivad","10":"product_tag-100-linane","11":"product_tag-etnograafiline-roivas","12":"product_tag-hingav-materjal","13":"product_tag-kasitoo","14":"pa_suurus-l","15":"pa_suurus-m","16":"pa_suurus-s","17":"pa_suurus-xl","18":"pa_suurus-xxl","20":"first","21":"instock","22":"taxable","23":"shipping-taxable","24":"purchasable","25":"product-type-variable"},"acf":[],"_links":{"self":[{"href":"https:\/\/aale.ee\/en\/wp-json\/wp\/v2\/product\/3802","targetHints":{"allow":["GET"]}}],"collection":[{"href":"https:\/\/aale.ee\/en\/wp-json\/wp\/v2\/product"}],"about":[{"href":"https:\/\/aale.ee\/en\/wp-json\/wp\/v2\/types\/product"}],"replies":[{"embeddable":true,"href":"https:\/\/aale.ee\/en\/wp-json\/wp\/v2\/comments?post=3802"}],"wp:featuredmedia":[{"embeddable":true,"href":"https:\/\/aale.ee\/en\/wp-json\/wp\/v2\/media\/3803"}],"wp:attachment":[{"href":"https:\/\/aale.ee\/en\/wp-json\/wp\/v2\/media?parent=3802"}],"wp:term":[{"taxonomy":"product_brand","embeddable":true,"href":"https:\/\/aale.ee\/en\/wp-json\/wp\/v2\/product_brand?post=3802"},{"taxonomy":"product_cat","embeddable":true,"href":"https:\/\/aale.ee\/en\/wp-json\/wp\/v2\/product_cat?post=3802"},{"taxonomy":"product_tag","embeddable":true,"href":"https:\/\/aale.ee\/en\/wp-json\/wp\/v2\/product_tag?post=3802"}],"curies":[{"name":"wp","href":"https:\/\/api.w.org\/{rel}","templated":true}]}}