{"id":3858,"date":"2023-04-13T13:10:10","date_gmt":"2023-04-13T13:10:10","guid":{"rendered":"https:\/\/aale.ee\/?post_type=product&#038;p=3858"},"modified":"2023-12-06T14:29:59","modified_gmt":"2023-12-06T14:29:59","slug":"norra-sukad-bunadstromper","status":"publish","type":"product","link":"https:\/\/aale.ee\/en\/e-pood\/meeste-kudumid\/norra-sukad-bunadstromper\/","title":{"rendered":"Norra sukad &#8211; Bunadstr\u00f8mper"},"content":{"rendered":"<p>Norra meeste rahvar\u00f5ivasukad &#8211; Bunadstr\u00f8mper.<\/p>\n<p>K\u00e4sitsi kootud ja tugevdatud kannaga.<\/p>\n<p>Materjal: 100 % villane, naturaalne valge.<\/p>\n<p>S\u00e4\u00e4re pikkus ca 62 &#8211; 64 cm<\/p>\n","protected":false},"excerpt":{"rendered":"<p>Norra meeste rahvar\u00f5ivasukad &#8211; Bunadstr\u00f8mper. K\u00e4sitsi kootud ja tugevdatud kannaga. Materjal: 100 % villane, naturaalne valge. S\u00e4\u00e4re pikkus ca 62&#8230;<\/p>\n","protected":false},"featured_media":3863,"comment_status":"closed","ping_status":"closed","template":"","meta":{"_acf_changed":false,"inline_featured_image":false},"product_brand":[],"product_cat":[25,32,33,313,322],"product_tag":[290,616,611],"class_list":{"0":"post-3858","1":"product","2":"type-product","3":"status-publish","4":"has-post-thumbnail","6":"product_cat-meeste-kudumid","7":"product_cat-koik-tooted","8":"product_cat-rahvaroivad","9":"product_cat-sokid-2","10":"product_cat-valmisroivad","11":"product_tag-100-villane","12":"product_tag-etnograafiline-muster","13":"product_tag-kasitsi-kootud","14":"pa_suurus-39-40","15":"pa_suurus-41-42","16":"pa_suurus-43-44","17":"pa_suurus-45-46","19":"first","20":"instock","21":"taxable","22":"shipping-taxable","23":"purchasable","24":"product-type-variable"},"acf":[],"_links":{"self":[{"href":"https:\/\/aale.ee\/en\/wp-json\/wp\/v2\/product\/3858","targetHints":{"allow":["GET"]}}],"collection":[{"href":"https:\/\/aale.ee\/en\/wp-json\/wp\/v2\/product"}],"about":[{"href":"https:\/\/aale.ee\/en\/wp-json\/wp\/v2\/types\/product"}],"replies":[{"embeddable":true,"href":"https:\/\/aale.ee\/en\/wp-json\/wp\/v2\/comments?post=3858"}],"wp:featuredmedia":[{"embeddable":true,"href":"https:\/\/aale.ee\/en\/wp-json\/wp\/v2\/media\/3863"}],"wp:attachment":[{"href":"https:\/\/aale.ee\/en\/wp-json\/wp\/v2\/media?parent=3858"}],"wp:term":[{"taxonomy":"product_brand","embeddable":true,"href":"https:\/\/aale.ee\/en\/wp-json\/wp\/v2\/product_brand?post=3858"},{"taxonomy":"product_cat","embeddable":true,"href":"https:\/\/aale.ee\/en\/wp-json\/wp\/v2\/product_cat?post=3858"},{"taxonomy":"product_tag","embeddable":true,"href":"https:\/\/aale.ee\/en\/wp-json\/wp\/v2\/product_tag?post=3858"}],"curies":[{"name":"wp","href":"https:\/\/api.w.org\/{rel}","templated":true}]}}